{"id":64,"date":"2014-03-17T10:01:23","date_gmt":"2014-03-17T09:01:23","guid":{"rendered":"http:\/\/koenig-pa.de\/wordpress\/de\/?page_id=64"},"modified":"2023-04-26T15:16:32","modified_gmt":"2023-04-26T13:16:32","slug":"datenschutzerklaerung","status":"publish","type":"page","link":"https:\/\/koenig-pa.de\/de\/datenschutzerklaerung\/","title":{"rendered":"Datenschutzerkl\u00e4rung"},"content":{"rendered":"<p>[vc_row][vc_column][vc_column_text]Die Firma koenig-pa GmbH verpflichtet sich, Ihre Privatsph\u00e4re zu respektieren und zu sch\u00fctzen. Diese Datenschutzerkl\u00e4rung beschreibt, wie wir Ihre pers\u00f6nlichen Daten speichern, verwenden und weitergeben, die Sie uns zur Verf\u00fcgung stellen oder die wir \u00fcber Sie sammeln.<\/p>\n<p>Unter \u201epersonenbezogene Daten\u201c verstehen wir jegliche Informationen, die Sie als identifizierte oder identifizierbare nat\u00fcrliche Person betreffen. Es kann Ihren Namen, Ihr Geschlecht, Ihre E-Mail-Adresse und Ihre Telefonnummer enthalten. Anonyme Informationen, die keine Verweise auf eine bestimmte Person enthalten, gelten nicht als \u201ePers\u00f6nliche Daten\u201c.<\/p>\n<h2>1 Details und Name des Verantwortlichen<\/h2>\n<p>Der Verantwortliche (auch \u201ewir\u201c, \u201eunser\u201c und \u201euns\u201c genannt) im Sinne der Datenschutz-Grundverordnung (DSGVO) und anderer Gesetze zum Datenschutz oder zum Schutz der Privatsph\u00e4re in den Mitgliedstaaten der Europ\u00e4ischen Union und in Bezug auf unsere Unternehmens-Website (<a href=\"https:\/\/koenig-pa.de\/\">koenig-pa.de<\/a>) und unser Kundenportal (<a href=\"https:\/\/koenig-pa.de\/customerportal\/\">koenig-pa.de\/customerportal<\/a>) sowie alle anderen Websites und Dienste, auf denen diese Datenschutzerkl\u00e4rung ver\u00f6ffentlicht wird, sind:<\/p>\n<p>koenig-pa GmbH<br \/>\nIm Talesgrund 9a<br \/>\n91207 Lauf a.d. Pegnitz, Germany<br \/>\nEmail: <a href=\"mailto:&#105;&#110;&#102;&#111;&#64;koen&#105;&#103;-&#112;a.d&#101;\">&#105;&#110;&#102;&#111;&#64;&#107;&#111;enig-&#112;a.&#100;e<\/a><\/p>\n<h2>2 Kontakt zum Datenschutzbeauftragten<\/h2>\n<p>Die Kontaktdaten des Datenschutzbeauftragten der koenig-pa GmbH lauten:<\/p>\n<p>koenig-pa GmbH Datenschutzbeauftragter<br \/>\nIm Talesgrund 9a<br \/>\n91207 Lauf a.d. Pegnitz, Germany<br \/>\nEmail: <a href=\"mailto:dp&#111;&#64;&#107;&#111;&#101;n&#105;g&#45;p&#97;&#46;&#100;e\">dp&#111;&#64;koeni&#103;&#45;&#112;a&#46;&#100;&#101;<\/a><\/p>\n<h2>3 Allgemeine Informationen<\/h2>\n<p>Wir verarbeiten Ihre personenbezogenen Daten nur, wenn dies f\u00fcr die Durchf\u00fchrung oder das Zustandekommen eines Vertrages mit Ihnen erforderlich ist oder aus Korrespondenzgr\u00fcnden (z. B. aufgrund einer Anfrage Ihrerseits). Eine Verarbeitung kann allerdings erforderlich sein zur Einhaltung etwaiger gesetzlicher Verpflichtungen, oder aufgrund berechtigter Interessen unsererseits, es sei denn, diese Interessen stehen im Gegensatz zu den Grundrechten bzw. -freiheiten, die das Gesetz zum Schutz Ihrer pers\u00f6nlichen Daten vorschreibt. Zudem werden Ihre pers\u00f6nlichen Daten nicht ohne Ihre Zustimmung f\u00fcr andere Zwecke verwendet, au\u00dfer denen, welche in dieser Richtlinie dargelegt werden.<\/p>\n<p>Im Folgenden bedeutet der Begriff \u201eDienstleistungen\u201c die Bereitstellung unserer Unternehmenswebsite (\u201eSite\u201c), des Kundenportals, die jeweils eigenen Profildaten des Kunden (\u201eProfil\u201c), sowie Support und alle anderen mit unseren Produkten verbundenen Serviceleistungen.<\/p>\n<h3>3.1 Ihre Rechte<\/h3>\n<p>Sie k\u00f6nnen selbst w\u00e4hlen, wie wir Ihre pers\u00f6nlichen Daten verwenden, indem Sie Ihre Benutzerprofileinstellungen entsprechend anpassen. Da wir Sie hierf\u00fcr nat\u00fcrlich identifizieren m\u00fcssen, bevor wir Ihren Anweisungen zur Verwendung pers\u00f6nlicher Daten folgen k\u00f6nnen, ben\u00f6tigen Sie ein registriertes Profil, um auf die Profileinstellungen zugreifen zu k\u00f6nnen.<\/p>\n<p>\u00dcber die Profileinstellungen k\u00f6nnen Sie:<\/p>\n<ul>\n<li>Ihre Zustimmung gem\u00e4\u00df Artikel 6 (1) (a) der DSGVO widerrufen;<\/li>\n<li>auf die pers\u00f6nlichen Daten zugreifen, die wir \u00fcber Sie speichern;<\/li>\n<li>Ihre pers\u00f6nlichen Daten korrigieren, bearbeiten oder erg\u00e4nzen, wenn Sie feststellen, dass sie fehlerhaft oder unvollst\u00e4ndig sind oder falls sich diese ge\u00e4ndert haben sollten;<\/li>\n<li>Ihr Profil und zugeh\u00f6rige pers\u00f6nliche Daten l\u00f6schen.<\/li>\n<\/ul>\n<h3>3.2 Informationssicherheit<\/h3>\n<p>Wir sind uns bewusst, wie wichtig die Sicherheit Ihrer pers\u00f6nlichen Daten ist und unternehmen alle wirtschaftlich angemessenen Anstrengungen, um diese in einer sicheren Umgebung zu speichern und zu pflegen. Wir haben interne Abl\u00e4ufe installiert, um die Verbreitung Ihrer personenbezogenen Daten auf m\u00f6glichst wenige Mitarbeiter zu beschr\u00e4nken und Ihre Daten vor Missbrauch, unbefugtem Zugriff, Offenlegung und unbefugte Ver\u00e4nderung zu sch\u00fctzen.<\/p>\n<h3>3.3 Verarbeitung durch Dritte<\/h3>\n<p>Es kann sein, dass wir pers\u00f6nliche Daten mit unseren Partnern oder Agenten, die in unserem Auftrag arbeiten, f\u00fcr die in dieser Datenschutzerkl\u00e4rung beschriebenen Zwecke teilen. Zum Beispiel k\u00f6nnen wir Firmen beauftragen, beim Schutz und bei der Sicherung unserer Systeme oder Dienstleistungen zu helfen. Jeder Anbieter oder Agent, der mit uns kooperiert, muss jedoch unsere Datenschutz- und Sicherheitsanforderungen erf\u00fcllen und darf personenbezogene Daten nur f\u00fcr vereinbarte und vorgesehene Zwecke nutzen. Diese Unternehmen k\u00f6nnen sich eventuell auch au\u00dferhalb des Europ\u00e4ischen Wirtschaftsraums befinden.<\/p>\n<h3>3.4 Kinder<\/h3>\n<p>Wir sind uns bewusst, dass wir eine besondere Verpflichtung haben, pers\u00f6nliche Informationen von Kindern zu sch\u00fctzen. Wir werden deshalb nicht wissentlich pers\u00f6nliche Daten von Kindern sammeln oder solche Informationen ohne Zustimmung der Eltern verarbeiten. Im Sinne dieser Datenschutzerkl\u00e4rung bezeichnet ein Kind eine Person, die das 18. Lebensjahr noch nicht vollendet hat (oder das Mindestalter f\u00fcr die Einwilligung in die Erhebung und Verarbeitung personenbezogener Daten, sofern dies nach dem anwendbaren Recht abweicht).<\/p>\n<h3>3.5 Datenspeicherung<\/h3>\n<p>Wir werden Ihre personenbezogenen Daten so lange aufbewahren, wie dies f\u00fcr den angegebenen Zweck oder gem\u00e4\u00df den gesetzlichen Bestimmungen erforderlich ist, die jedoch \u00fcber die Beendigung unserer Beziehung mit Ihnen hinausgehen k\u00f6nnen. Alle gespeicherten pers\u00f6nlichen Daten unterliegen weiterhin den Bedingungen dieser Datenschutzerkl\u00e4rung.<\/p>\n<h2>4 Sammlung von Informationen<\/h2>\n<p>Im Zusammenhang mit Ihrer Nutzung unserer Dienste sammeln wir Informationen entweder direkt von Ihnen (also wenn Sie uns selbst Informationen zur Verf\u00fcgung stellen) oder indirekt (zum Beispiel \u00fcber die Technologie unserer Website).<\/p>\n<h3>4.1 Informationen, die direkt gesammelt werden<\/h3>\n<p>Soweit wie m\u00f6glich sammeln wir personenbezogene Daten (Name, Adressen, E-Mail-Adressen, Telefonnummern usw.) und andere Informationen auf freiwilliger Basis. Es ist ausschlie\u00dflich Ihre Entscheidung, die angeforderten Informationen zur Verf\u00fcgung zu stellen. Die Nutzung bestimmter Dienste ist jedoch nur m\u00f6glich, wenn Sie uns die erforderlichen Informationen zur Verf\u00fcgung stellen. Wenn Sie zum Beispiel ein Profil in unserem Kundenportal erstellen, werden Sie gebeten, personenbezogene Daten anzugeben, einschlie\u00dflich, aber nicht beschr\u00e4nkt auf Ihren Namen, Ihre E-Mail-Adresse, Ihren Firmennamen und Ihre Adresse sowie Ihre Telefonnummer.<\/p>\n<h3>4.2 Informationen, die indirekt gesammelt werden<\/h3>\n<p>Wenn Sie auf unserer Website navigieren, erfassen wir m\u00f6glicherweise auch verschiedene Informationen mithilfe h\u00e4ufig verwendeter Webanalyse-Tools wie Cookies und Web-Beacons (\u201eAnalyse-Informationen\u201c). Diese Informationen k\u00f6nnen Webbrowser-Informationen (wie z. B. Browsertyp und Browsersprache), Ihre IP-Adresse (Internet Protocol), demografische Informationen, Geo-Standortinformationen, statistische und aggregierte Informationen enthalten, sind aber nicht darauf beschr\u00e4nkt. Statistische oder aggregierte Informationen identifizieren nicht direkt eine bestimmte Person, aber sie k\u00f6nnen u. a. aus personenbezogenen Daten abgeleitet werden.<\/p>\n<p>Wir verwenden Google Analytics, um Informationen \u00fcber Ihre Nutzung unserer Website zu sammeln. Diese Informationen k\u00f6nnen an Drittserver von Drittanbietern, die sich au\u00dferhalb des Europ\u00e4ischen Wirtschaftsraums befinden, \u00fcbermittelt und dort gespeichert werden. In unserem Auftrag werden derartige Drittanbieter diese Informationen verwenden, um Ihre Nutzung unserer Website zu analysieren, Berichte \u00fcber Website-Aktivit\u00e4ten zu erstellen und andere Dienstleistungen im Zusammenhang mit Website-Aktivit\u00e4ten bereitzustellen.<\/p>\n<h4>4.2.1 Eingesetzte Google Analyse Cookies<\/h4>\n<p>Wir verwenden folgende Cookies von Google Analytics:<\/p>\n<ul>\n<li><b><\/b><strong><b>_ga<\/b><\/strong>\u2013 um Informationen zu sammeln und Website-Nutzungsstatistiken zu erstellen; l\u00e4uft nach 2 Jahren ab;<\/li>\n<li><b><\/b><strong><b>_gid<\/b><\/strong>\u2013 um Benutzer zu unterscheiden; l\u00e4uft nach 24 Stunden ab;<\/li>\n<li><b><\/b><strong><b>_gat<\/b><\/strong>\u2013 um die Anforderungsrate zu drosseln; l\u00e4uft nach 1 Minute ab.<\/li>\n<\/ul>\n<h4>4.2.2 Google Maps<\/h4>\n<p>Wir verwenden den Online-Dienst Google Maps, um den geografischen Standort unseres B\u00fcros auf der Seite &#8222;Kontakte&#8220; unserer Website anzuzeigen. Wenn Sie die erw\u00e4hnte Seite besuchen, erfasst der Online-Dienst Google Maps m\u00f6glicherweise einige personenbezogene Daten, die sich auf Ihren Umgang mit der Website beziehen, z. B. Kartenstatistiken. Diese Informationen stehen uns nicht zur Verarbeitung zur Verf\u00fcgung. Sie sollten jedoch m\u00f6glicherweise die Datenschutzbestimmungen von Google \u00fcberpr\u00fcfen, um besser zu verstehen und zu kontrollieren, welche pers\u00f6nlichen Daten von verschiedenen Google-Diensten erfasst und verarbeitet werden.<\/p>\n<h2>5 Verwendung von Informationen<\/h2>\n<p>Wir m\u00fcssen Ihre personenbezogenen Daten verarbeiten, um gem\u00e4\u00df Artikel 6 (1) (b) der DSGVO einen Vertrag mit Ihnen abwickeln oder andere Dienstleistungen erbringen zu k\u00f6nnen. Wir verwenden Ihre personenbezogenen Daten, soweit gesetzlich nicht anders geregelt, dabei zu folgenden Zwecken:<\/p>\n<ul>\n<li>um Ihnen die von Ihnen gew\u00fcnschten Dienstleistungen bieten zu k\u00f6nnen;<\/li>\n<li>um mit Ihnen \u00fcber Ihre Profilinformationen oder Transaktionen mit uns zu kommunizieren;<\/li>\n<li>um Ihnen Informationen \u00fcber Funktionen auf unserer Website oder \u00c4nderungen unserer Datenschutzerkl\u00e4rungen zu senden;<\/li>\n<li>Bereitstellung von Support, einschlie\u00dflich, aber nicht beschr\u00e4nkt auf Produktaktualisierungen und -korrekturen, Produkt- und Serviceank\u00fcndigungen und andere \u00e4hnliche Mitteilungen;<\/li>\n<li>um unsere Website und andere Dienstleistungen zu verbessern.<\/li>\n<\/ul>\n<p>Sollten wir beabsichtigen, Ihre personenbezogenen Daten zuk\u00fcnftig f\u00fcr andere Zwecke zu verwenden, welche oben oder unten nicht genannt sind, werden wir dies erst tun, nachdem wir Sie informiert und diese Datenschutzerkl\u00e4rung aktualisiert haben.<\/p>\n<h3>5.1 Kommunikationszwecke<\/h3>\n<p>Wir verwenden Ihre personenbezogenen Daten gem\u00e4\u00df Artikel 6 (1) (f) der DSGVO f\u00fcr unsere legitimen Interessen, d. h. um Sie zu benachrichtigen und Ihnen Informationen \u00fcber Funktionen auf unserer Website, neue Produktank\u00fcndigungen, Produktupdates und Fixes zu liefern sowie f\u00fcr unsere Produktewerbung und Dienstleistungen in \u00dcbereinstimmung mit dieser Datenschutzerkl\u00e4rung. Sobald Sie ein Profil erstellt haben, k\u00f6nnen wir Ihren Namen und Ihre E-Mail-Adresse verwenden, um Ihnen E-Mails zu Produkten und Diensten zu senden, die Sie interessieren k\u00f6nnten. Dar\u00fcber hinaus k\u00f6nnen wir Ihre pers\u00f6nlichen Daten verwenden, um Ihnen Transaktionsbenachrichtigungen zu senden, z. B. um Angebote, Bestellungen oder \u00c4nderungen in Ihrem Profil zu best\u00e4tigen, sowie Ihnen Informationen \u00fcber \u00c4nderungen an den Allgemeinen Gesch\u00e4ftsbedingungen und der Datenschutzerkl\u00e4rung bereitzustellen.<\/p>\n<h3>5.2 Standortverbesserungszwecke<\/h3>\n<p>Wir k\u00f6nnen Ihre ausgewerteten Informationen in Verbindung mit einem Analysedienst wie Google Analytics verwenden, um die Nutzung unserer Website zu \u00fcberwachen und auszuwerten, als auch dazu, die technische Administration sowie die Funktionalit\u00e4t und Benutzerfreundlichkeit unserer Website zu verbessern.<\/p>\n<h2>6 Informationen teilen<\/h2>\n<p>Wir k\u00f6nnen Dritten Zugang zu einigen Ihrer pers\u00f6nlichen Daten gew\u00e4hren, um marketingbezogene und andere Recherchen durchzuf\u00fchren zu lassen. Dar\u00fcber hinaus k\u00f6nnen wir Dritte beauftragen, uns bei der Verbesserung unserer Website zu helfen. Wir geben nur anonymisierte Daten an diese Dritten weiter, es sei denn, Ihre personenbezogenen Daten werden f\u00fcr einen Auftrag, die angeforderten Serviceleistungen oder Nachforschungen ben\u00f6tigt. Diese Dritten k\u00f6nnen eingeschr\u00e4nkten Zugang zu Datenbanken haben und unterliegen vertraglichen Beschr\u00e4nkungen, die es ihnen verbieten, die Informationen f\u00fcr andere Zwecke zu verwenden.<\/p>\n<h2>7 Wichtige Ausnahmen<\/h2>\n<p>Wir k\u00f6nnen Ihre personenbezogenen Daten ggf. aber auch ohne Ihre Zustimmung an Dritte weitergeben, wenn wir Grund zu der Annahme haben, dass die Offenlegung dieser Informationen erforderlich ist, um widerrechtlich handelnde Personen zu identifizieren, zu kontaktieren oder rechtliche Schritte gegen sie einzuleiten. Damit sind Personen gemeint, die uns, oder anderen Nutzern der Website bzw. Dritten absichtlich oder unabsichtlich Schaden zuf\u00fcgen, oder deren Rechte oder Eigentum durch solche Aktivit\u00e4ten sch\u00e4digen k\u00f6nnten. Au\u00dferdem m\u00fcssen wir personenbezogene Daten offenlegen, wenn wir in gutem Glauben davon ausgehen, dass eine solche Offenlegung gesetzlich vorgeschrieben ist.<\/p>\n<p>Wir k\u00f6nnen Ihre personenbezogenen Daten auch offenlegen, etwa im Zusammenhang mit einer Unternehmensumstrukturierung, einer Fusion oder Verschmelzung mit einem anderen Unternehmen, einem Verkauf aller oder eines wesentlichen Teils unserer Verm\u00f6genswerte oder Aktien einschlie\u00dflich etwaiger sogenannter Due Diligence-Pr\u00fcfungen, die in Bezug auf diese durchgef\u00fchrt werden, vorausgesetzt, dass die offengelegten Informationen von dem Unternehmen, das die Informationen erwirbt, weiterhin f\u00fcr die Zwecke verwendet werden, die in dieser Datenschutzerkl\u00e4rung beschrieben sind.<\/p>\n<h2>8 Ihre Rechte<\/h2>\n<h3>8.1 Zugangsrecht<\/h3>\n<p>Sie k\u00f6nnen das Recht zum Zugriff auf Ihre pers\u00f6nlichen Daten \u00fcber das Tool \u201eData Export\u201c aus\u00fcben, das auf der Seite \u201eMein Profil\u201c des Kundenportals verf\u00fcgbar ist. Mithilfe dieses Tools k\u00f6nnen Sie eine Kopie Ihrer pers\u00f6nlichen Daten aus dem Kundenportal herunterladen.<\/p>\n<h3>8.2 Recht auf Berichtigung<\/h3>\n<p>Sie selbst bestimmen, welche pers\u00f6nlichen und Kontaktinformationen wir mit Ihrem Profil verkn\u00fcpfen. Sollte sich etwas \u00e4ndern, k\u00f6nnen Sie \u00fcber die Seite \u201eMein Profil\u201c im Kundenportal eine Anfrage an uns senden, um die Daten \u00e4ndern zu lassen. Wir empfehlen Ihnen daher, Ihre gespeicherten Daten gelegentlich zu pr\u00fcfen und uns mitzuteilen, wenn etwas daran fehlerhaft ist, bzw. ge\u00e4ndert, erg\u00e4nzt oder gel\u00f6scht werden sollte.<\/p>\n<h3>8.3 Recht auf L\u00f6schung<\/h3>\n<p>Sie haben das Recht, Ihr Profil und alle damit verbundenen Informationen \u00fcber die Seite \u201eMein Profil\u201c des Kundenportals zu l\u00f6schen. Als Folge davon verlieren Sie allerdings den Zugriff auf das Kundenportal und die meisten damit verf\u00fcgbaren Dienstleistungen, einschlie\u00dflich der Angebots- und Produktbestellung, des Lizenzerwerbs und des technischen Supports.<\/p>\n<p>Normalerweise ist es nicht m\u00f6glich, das Profil wiederherzustellen, nachdem es gel\u00f6scht wurde. Um auf Produkte und Dienstleistungen zugreifen zu k\u00f6nnen, die zuvor verf\u00fcgbar waren, k\u00f6nnen Sie nur ein neues Profil erstellen und uns ggf. um Unterst\u00fctzung bitten.<\/p>\n<h4>8.3.1 Kulanzfrist und Schutz vor versehentlichem Datenverlust<\/h4>\n<p>Nach dem L\u00f6schen sind ihre Daten weder Ihnen noch anderen Personen mehr zug\u00e4nglich. Lediglich der Administrator hat noch f\u00fcr eine Frist von 30 (drei\u00dfig) Tagen ab dem Zeitpunkt, an dem Sie die L\u00f6schung Ihres Profils beantragen, Zugriff auf sie.<\/p>\n<p>Deshalb erm\u00f6glichen wir Ihnen, Ihr Profil innerhalb dieser 30 Tage wiederherzustellen. Wie gesetzlich gefordert wird mit dieser Funktion der Schutz vor versehentlichem Datenverlust sichergestellt, sodass Sie wichtige Informationen zu Angeboten, Bestellungen, Lizenzen und anderen Optionen nicht versehentlich verlieren k\u00f6nnen.<\/p>\n<h4>8.3.2 Informationen, die wir aufbewahren m\u00fcssen<\/h4>\n<p>Nach Ablauf der Nachfrist l\u00f6schen wir alle pers\u00f6nlichen Daten \u00fcber Sie, mit Ausnahme der Daten, die f\u00fcr die Einhaltung geltender Gesetze erforderlich sind (z. B. Steuer- und Buchhaltungsanforderungen).<\/p>\n<h3>8.4 Recht auf Einspruch<\/h3>\n<p>Wenn die Verarbeitung Ihrer personenbezogenen Daten auf berechtigten Interessen gem\u00e4\u00df Artikel 6 (1) (f) der DSGVO beruht, k\u00f6nnen Sie Ihr Widerspruchsrecht jederzeit geltend machen. Sollten Sie widersprechen, werden wir Ihr Profil und alle damit verbundenen personenbezogenen Daten l\u00f6schen, sofern nicht zwingende und rechtm\u00e4\u00dfige Gr\u00fcnde f\u00fcr die Verarbeitung vorliegen oder die Daten zur Begr\u00fcndung, Aus\u00fcbung oder Verteidigung von Rechtsanspr\u00fcchen erforderlich sind.<\/p>\n<h2>9 \u00c4nderungen dieser Datenschutzerkl\u00e4rung<\/h2>\n<p>Wir behalten uns vor, diese Datenschutzerkl\u00e4rung von Zeit zu Zeit aus verschiedenen Gr\u00fcnden zu aktualisieren, z. B. aufgrund gesetzlicher \u00c4nderungen, neuer Verfahrensanweisungen, \u00c4nderungen in der Industriepraxis bzw. technologischer Entwicklungen, die eingehalten werden m\u00fcssen, bzw. zu ber\u00fccksichtigen sind.<\/p>\n<p>Wenn wir uns dazu entschlie\u00dfen, diese Datenschutzerkl\u00e4rung zu \u00e4ndern, werden wir entsprechende Hinweise ver\u00f6ffentlichen oder bereitstellen. Jegliche nicht wesentliche \u00c4nderung (wie etwa Klarstellungen) zu dieser Datenschutzerkl\u00e4rung wird zum Zeitpunkt der Ver\u00f6ffentlichung der \u00c4nderung wirksam, und wesentliche \u00c4nderungen 30 (drei\u00dfig) Tage nach ihrer Ver\u00f6ffentlichung auf\u00a0<a href=\"https:\/\/koenig-pa.de\/de\/datenschutzerklaerung\">koenig-pa.de\/de\/datenschutzerklaerung<\/a>.[\/vc_column_text][\/vc_column][\/vc_row]<\/p>\n","protected":false},"excerpt":{"rendered":"<p>[vc_row][vc_column][vc_column_text]Die Firma koenig-pa GmbH verpflichtet sich, Ihre Privatsph\u00e4re zu respektieren<span class=\"excerpt-hellip\"> [\u2026]<\/span><\/p>\n","protected":false},"author":1,"featured_media":0,"parent":0,"menu_order":0,"comment_status":"closed","ping_status":"closed","template":"","meta":{"footnotes":""},"class_list":["post-64","page","type-page","status-publish","hentry"],"yoast_head":"<!-- This site is optimized with the Yoast SEO Premium plugin v18.8 (Yoast SEO v27.0) - https:\/\/yoast.com\/product\/yoast-seo-premium-wordpress\/ -->\n<title>Datenschutzerkl\u00e4rung - koenig-pa GmbH<\/title>\n<meta name=\"description\" content=\"Datenschutzerkl\u00e4rung\" \/>\n<meta name=\"robots\" content=\"index, follow, max-snippet:-1, max-image-preview:large, max-video-preview:-1\" \/>\n<link rel=\"canonical\" href=\"https:\/\/koenig-pa.de\/de\/datenschutzerklaerung\/\" \/>\n<meta property=\"og:locale\" content=\"de_DE\" \/>\n<meta property=\"og:type\" content=\"article\" \/>\n<meta property=\"og:title\" content=\"Datenschutzerkl\u00e4rung\" \/>\n<meta property=\"og:description\" content=\"Datenschutzerkl\u00e4rung\" \/>\n<meta property=\"og:url\" content=\"https:\/\/koenig-pa.de\/de\/datenschutzerklaerung\/\" \/>\n<meta property=\"og:site_name\" content=\"koenig-pa GmbH\" \/>\n<meta property=\"article:modified_time\" content=\"2023-04-26T13:16:32+00:00\" \/>\n<!-- \/ Yoast SEO Premium plugin. -->","yoast_head_json":{"title":"Datenschutzerkl\u00e4rung - koenig-pa GmbH","description":"Datenschutzerkl\u00e4rung","robots":{"index":"index","follow":"follow","max-snippet":"max-snippet:-1","max-image-preview":"max-image-preview:large","max-video-preview":"max-video-preview:-1"},"canonical":"https:\/\/koenig-pa.de\/de\/datenschutzerklaerung\/","og_locale":"de_DE","og_type":"article","og_title":"Datenschutzerkl\u00e4rung","og_description":"Datenschutzerkl\u00e4rung","og_url":"https:\/\/koenig-pa.de\/de\/datenschutzerklaerung\/","og_site_name":"koenig-pa GmbH","article_modified_time":"2023-04-26T13:16:32+00:00","schema":{"@context":"https:\/\/schema.org","@graph":[{"@type":"WebPage","@id":"https:\/\/koenig-pa.de\/de\/datenschutzerklaerung\/","url":"https:\/\/koenig-pa.de\/de\/datenschutzerklaerung\/","name":"Datenschutzerkl\u00e4rung - koenig-pa GmbH","isPartOf":{"@id":"https:\/\/koenig-pa.de\/de\/#website"},"datePublished":"2014-03-17T09:01:23+00:00","dateModified":"2023-04-26T13:16:32+00:00","description":"Datenschutzerkl\u00e4rung","breadcrumb":{"@id":"https:\/\/koenig-pa.de\/de\/datenschutzerklaerung\/#breadcrumb"},"inLanguage":"de","potentialAction":[{"@type":"ReadAction","target":["https:\/\/koenig-pa.de\/de\/datenschutzerklaerung\/"]}]},{"@type":"BreadcrumbList","@id":"https:\/\/koenig-pa.de\/de\/datenschutzerklaerung\/#breadcrumb","itemListElement":[{"@type":"ListItem","position":1,"name":"Startseite","item":"https:\/\/koenig-pa.de\/de\/"},{"@type":"ListItem","position":2,"name":"Datenschutzerkl\u00e4rung"}]},{"@type":"WebSite","@id":"https:\/\/koenig-pa.de\/de\/#website","url":"https:\/\/koenig-pa.de\/de\/","name":"koenig-pa GmbH","description":"","potentialAction":[{"@type":"SearchAction","target":{"@type":"EntryPoint","urlTemplate":"https:\/\/koenig-pa.de\/de\/?s={search_term_string}"},"query-input":{"@type":"PropertyValueSpecification","valueRequired":true,"valueName":"search_term_string"}}],"inLanguage":"de"}]}},"_links":{"self":[{"href":"https:\/\/koenig-pa.de\/de\/wp-json\/wp\/v2\/pages\/64","targetHints":{"allow":["GET"]}}],"collection":[{"href":"https:\/\/koenig-pa.de\/de\/wp-json\/wp\/v2\/pages"}],"about":[{"href":"https:\/\/koenig-pa.de\/de\/wp-json\/wp\/v2\/types\/page"}],"author":[{"embeddable":true,"href":"https:\/\/koenig-pa.de\/de\/wp-json\/wp\/v2\/users\/1"}],"replies":[{"embeddable":true,"href":"https:\/\/koenig-pa.de\/de\/wp-json\/wp\/v2\/comments?post=64"}],"version-history":[{"count":20,"href":"https:\/\/koenig-pa.de\/de\/wp-json\/wp\/v2\/pages\/64\/revisions"}],"predecessor-version":[{"id":3760,"href":"https:\/\/koenig-pa.de\/de\/wp-json\/wp\/v2\/pages\/64\/revisions\/3760"}],"wp:attachment":[{"href":"https:\/\/koenig-pa.de\/de\/wp-json\/wp\/v2\/media?parent=64"}],"curies":[{"name":"wp","href":"https:\/\/api.w.org\/{rel}","templated":true}]}}