{"id":4429,"date":"2025-10-06T14:35:17","date_gmt":"2025-10-06T12:35:17","guid":{"rendered":"https:\/\/koenig-pa.de\/de\/?page_id=4429"},"modified":"2025-10-16T09:07:31","modified_gmt":"2025-10-16T07:07:31","slug":"kpa-ethercat-slave-stack-neue-funktionen","status":"publish","type":"page","link":"https:\/\/koenig-pa.de\/de\/produkte\/ethercat\/kpa-ethercat-slave-stack\/kpa-ethercat-slave-stack-neue-funktionen\/","title":{"rendered":"KPA EtherCAT Slave Stack &#8211; Neue Funktionen"},"content":{"rendered":"<p>[vc_row el_class=&#8220;scrolltopp&#8220;][vc_column][vc_column_text el_class=&#8220;galinline_&#8220;]KPA EtherCAT Slave Stack 2 beh\u00e4lt die vollst\u00e4ndige Funktionalit\u00e4t der ersten Version bei und bietet neue Funktionen, die die M\u00f6glichkeiten der Anwendung erweitern und die Arbeit damit fortschrittlicher, einfacher und benutzerfreundlicher machen.<!--more-->[\/vc_column_text][\/vc_column][\/vc_row][vc_row][vc_column width=&#8220;2\/3&#8243;][vc_column_text]<\/p>\n<table class=\"vc-table-plugin-theme-classic\">\n<tbody>\n<tr class=\"\">\n<th>Feature<\/th>\n<th>Slave Stack 1.x<\/th>\n<th>Slave Stack 2.x<\/th>\n<\/tr>\n<tr>\n<td class=\"feaname\"><a href=\"https:\/\/koenig-pa.de\/de\/kpa-ethercat-slave-stack-2-loesung-fuer-ti-am243x-lp\/\">KPA EtherCAT Slave Stack 2-L\u00f6sung f\u00fcr TI AM243x-LP<\/a><\/td>\n<td>\u2014<\/td>\n<td>2.6.911.0<!--<span style=\"font-size: 80%;\">in Entwicklung<\/span>--><\/td>\n<\/tr>\n<\/tbody>\n<\/table>\n<p>[\/vc_column_text][\/vc_column][vc_column width=&#8220;1\/3&#8243;][\/vc_column][\/vc_row][vc_row css=&#8220;.vc_custom_1598424759857{margin-bottom: 0px !important;}&#8220;][vc_column el_class=&#8220;no_margiiiin calltoactionbtn&#8220; css=&#8220;.vc_custom_1522325934601{margin-bottom: 0px !important;}&#8220;][vc_column_text]<\/p>\n<h2 style=\"text-align: center;\">Sind Sie bereit, unser KPA EtherCAT Slave Stack zu testen?<\/h2>\n<p style=\"text-align: center;\"><a class=\"button calltoactionbtn-dblue button_size_2\" href=\"https:\/\/koenig-pa.de\/de\/produkte\/testversion-anfordern\/\"    ><span class=\"button_label\">Fordern Sie eine kostenlose Testversion an<\/span><\/a>\n<\/p>\n<p>[\/vc_column_text]<div id=\"modal-trg-txt-wrap-3644\" class=\"ult-modal-input-wrapper ult-adjust-bottom-margin    \" data-keypress-control=\"keypress-control-enable\" data-overlay-control=\"overlay-control-enable\"><button  data-ultimate-target='#modal-trg-txt-wrap-3644 .btn-modal'  data-responsive-json-new='{\"font-size\":\"\",\"line-height\":\"\"}'  style=\"background:#ff8800;border-color:#ff8800;color:#ffffff; \" data-class-id=\"content-69f66e6360aa97-29102551\" class=\"btn-modal ult-responsive btn-primary btn-modal-md overlay-show mod_win contactusmob-button  ult-align-center btn-id-69f66e6360aa97-29102551\" data-overlay-class=\"overlay-fade\"><a>Bitte kontaktieren Sie uns f\u00fcr weitere Informationen<\/a><\/button><\/div>\n<div class=\"ult-overlay content-69f66e6360aa97-29102551 mod_win contactusmob\" data-class=\"content-69f66e6360aa97-29102551\" id=\"button-click-overlay\" style=\" display:none;\">\n\t<div class=\"ult_modal ult-fade ult-small\">\n\t<div class=\"ult-overlay-close popup-top-right\" style=\"width:15px;height:15px;  \"><div class=\"ult-overlay-close-inside\">Close<\/div><\/div>\n\t\t<div id=\"ult-modal-wrap-8386\" class=\"ult_modal-content ult-hide\" style=\"border-style:solid;border-width:0px;border-radius:0px;border-color:#333333;\">\n\t\t\t<div class=\"ult_modal-header\" style=\"background:#506377;color:#333333;border-color:#333333;\">\n\t\t\t\t<h3  data-ultimate-target='#ult-modal-wrap-8386 .ult_modal-title'  data-responsive-json-new='{\"font-size\":\"\",\"line-height\":\"\"}'  class=\"ult_modal-title ult-responsive\">Bitte kontaktieren Sie uns f\u00fcr weitere Informationen<\/h3>\n\t\t\t<\/div>\n\t\t\t<div  data-ultimate-target='#ult-modal-wrap-8386 .ult_modal-body'  data-responsive-json-new='{\"font-size\":\"\",\"line-height\":\"\"}'  class=\"ult_modal-body ult-responsive ult-html\" style=\"\">\n\t\t\t\n<div class=\"wpcf7 no-js\" id=\"wpcf7-f2581-o1\" lang=\"de-DE\" dir=\"ltr\" data-wpcf7-id=\"2581\">\n<div class=\"screen-reader-response\"><p role=\"status\" aria-live=\"polite\" aria-atomic=\"true\"><\/p> <ul><\/ul><\/div>\n<form action=\"\/de\/wp-json\/wp\/v2\/pages\/4429#wpcf7-f2581-o1\" method=\"post\" class=\"wpcf7-form init\" aria-label=\"Kontaktformular\" novalidate=\"novalidate\" data-status=\"init\">\n<fieldset class=\"hidden-fields-container\"><input type=\"hidden\" name=\"_wpcf7\" value=\"2581\" \/><input type=\"hidden\" name=\"_wpcf7_version\" value=\"6.1.5\" \/><input type=\"hidden\" name=\"_wpcf7_locale\" value=\"de_DE\" \/><input type=\"hidden\" name=\"_wpcf7_unit_tag\" value=\"wpcf7-f2581-o1\" \/><input type=\"hidden\" name=\"_wpcf7_container_post\" value=\"0\" \/><input type=\"hidden\" name=\"_wpcf7_posted_data_hash\" value=\"\" \/><input type=\"hidden\" name=\"_wpcf7cf_hidden_group_fields\" value=\"[]\" \/><input type=\"hidden\" name=\"_wpcf7cf_hidden_groups\" value=\"[]\" \/><input type=\"hidden\" name=\"_wpcf7cf_visible_groups\" value=\"[]\" \/><input type=\"hidden\" name=\"_wpcf7cf_repeaters\" value=\"[]\" \/><input type=\"hidden\" name=\"_wpcf7cf_steps\" value=\"{}\" \/><input type=\"hidden\" name=\"_wpcf7cf_options\" value=\"{&quot;form_id&quot;:2581,&quot;conditions&quot;:[],&quot;settings&quot;:{&quot;animation&quot;:&quot;yes&quot;,&quot;animation_intime&quot;:200,&quot;animation_outtime&quot;:200,&quot;conditions_ui&quot;:&quot;normal&quot;,&quot;notice_dismissed&quot;:false,&quot;notice_dismissed_rollback-cf7-6.1.4&quot;:true}}\" \/><input type=\"hidden\" name=\"_wpcf7_recaptcha_response\" value=\"\" \/>\n<\/fieldset>\n<div class=\"column one-second\">\n\t<div style=\"padding:0;\">\n\t\t<p><label>Vorname\n\t\t\t\t<font color=\"red\">*\n\t\t\t\t<\/font><br \/>\n<span class=\"wpcf7-form-control-wrap\" data-name=\"your-name1\"><input size=\"40\" maxlength=\"400\" class=\"wpcf7-form-control wpcf7-text wpcf7-validates-as-required\" tabindex=\"1\" aria-required=\"true\" aria-invalid=\"false\" value=\"\" type=\"text\" name=\"your-name1\" \/><\/span> <\/label>\n\t\t<\/p>\n\t<\/div>\n\t<div style=\"padding:0;\">\n\t\t<p><label>E-Mail (gesch\u00e4ftlich)\n\t\t\t\t<font color=\"red\">*\n\t\t\t\t<\/font><br \/>\n<span class=\"wpcf7-form-control-wrap\" data-name=\"your-email\"><input size=\"40\" maxlength=\"400\" class=\"wpcf7-form-control wpcf7-email wpcf7-validates-as-required wpcf7-text wpcf7-validates-as-email\" tabindex=\"3\" aria-required=\"true\" aria-invalid=\"false\" value=\"\" type=\"email\" name=\"your-email\" \/><\/span> <\/label>\n\t\t<\/p>\n\t<\/div>\n\t<div style=\"padding:0;\">\n\t\t<p><label>Telefonnummer\n\t\t\t\t<font color=\"red\">*\n\t\t\t\t<\/font><br \/>\n<span class=\"wpcf7-form-control-wrap\" data-name=\"your-tel\"><input size=\"40\" maxlength=\"400\" class=\"wpcf7-form-control wpcf7-text wpcf7-validates-as-required\" tabindex=\"4\" aria-required=\"true\" aria-invalid=\"false\" placeholder=\"z. B.: +49 1234 567 890\" value=\"\" type=\"text\" name=\"your-tel\" \/><\/span><\/label>\n\t\t<\/p>\n\t<\/div>\n<\/div>\n<div class=\"column one-second\">\n\t<div style=\"padding:0;\">\n\t\t<p><label>Nachname\n\t\t\t\t<font color=\"red\">*\n\t\t\t\t<\/font><br \/>\n<span class=\"wpcf7-form-control-wrap\" data-name=\"your-name2\"><input size=\"40\" maxlength=\"400\" class=\"wpcf7-form-control wpcf7-text wpcf7-validates-as-required\" tabindex=\"2\" aria-required=\"true\" aria-invalid=\"false\" value=\"\" type=\"text\" name=\"your-name2\" \/><\/span><\/label>\n\t\t<\/p>\n\t<\/div>\n\t<div style=\"padding:0;\">\n\t\t<p><label>Ihre Nachricht<br \/>\n<span class=\"wpcf7-form-control-wrap\" data-name=\"your-message\"><textarea cols=\"40\" rows=\"10\" maxlength=\"2000\" class=\"wpcf7-form-control wpcf7-textarea textfieldheight\" tabindex=\"5\" aria-invalid=\"false\" name=\"your-message\"><\/textarea><\/span> <\/label>\n\t\t<\/p>\n\t<\/div>\n<\/div>\n<div class=\"column one\">\n\t<div class=\"column one-second\">\n\t\t<div class=\"contactusmoblabel_\" style=\"font-size: 80% !important; line-height: 128% !important;\">\n\t\t\t<p>Mit der Eingabe Ihrer E-Mail-Adresse erkl\u00e4ren Sie sich damit einverstanden, dass wir Ihre Anfrage per E-Mail beantworten.\n\t\t\t<\/p>\n\t\t<\/div>\n\t<\/div>\n\t<div class=\"column one-second\">\n\t\t<div style=\"padding:9px 0 0 0; margin:0 1%; clear:both;\">\n\t\t\t<p><input class=\"wpcf7-form-control wpcf7-submit has-spinner\" type=\"submit\" value=\"Nachricht senden\" \/>\n\t\t\t<\/p>\n\t\t<\/div>\n\t\t<style>.textfieldheight{height:108px;}\n\t\t<\/style>\n\t<\/div>\n<\/div>\n<div class=\"column one\">\n\t<div style=\"padding-top:0px; font-size: 70% !important; line-height: 120% !important;\">\n\t\t<p>Diese Website ist durch CAPTCHA gesch\u00fctzt und dar\u00fcber hinaus gelten die <a href=\"https:\/\/policies.google.com\/privacy\">Datenschutzbestimmungen<\/a> und <a href=\"https:\/\/policies.google.com\/terms\">Nutzungsbedingungen<\/a> von Google.\n\t\t<\/p>\n\t<\/div>\n<\/div><div class=\"wpcf7-response-output\" aria-hidden=\"true\"><\/div>\n<\/form>\n<\/div>\n\n\t\t\t<\/div>\n\t<\/div>\n\t<\/div>\n<\/div>[\/vc_column][\/vc_row][vc_row css_animation=&#8220;none&#8220; disable_element=&#8220;yes&#8220; el_class=&#8220;mod_win_btn&#8220;][vc_column]<div class=\"ult_row_spacer\"><div class=\"ult-sticky-anchor\"><div class=\"ult-sticky-section ult-sticky stick_win_trial\"  data-gutter= '130' data-stick_behaviour= 'stick_permanent' data-lr_position= 'right'  data-lr_value= '30px'  data-sticky_position= 'top' data-mobile='yes' data-support='no'><div class=\"ult-content-box-container \" >\t\t<div class=\"ult-content-box\" style=\"background-color:#edf1f5;box-shadow: 0px 3px 5px 0px #d9d9d9 ;padding-top:40px;padding-right:20px;padding-bottom:40px;padding-left:20px;-webkit-transition: all 700ms ease;-moz-transition: all 700ms ease;-ms-transition: all 700ms ease;-o-transition: all 700ms ease;transition: all 700ms ease;\"  data-hover_bg_color=\"#d0e4f4\"  data-hover_box_shadow=\" 0px 3px 5px 0px #d9d9d9 \"     data-bg=\"#edf1f5\" >[vc_column_text]<\/p>\n<h3 class=\"btn_h3\" style=\"text-align: center;\"><strong>Consider using our product?<\/strong><br \/>\n<strong>Get a free trial version!<\/strong><\/h3>\n<p>[\/vc_column_text]<div id=\"modal-trg-txt-wrap-9559\" class=\"ult-modal-input-wrapper ult-adjust-bottom-margin    \" data-keypress-control=\"keypress-control-enable\" data-overlay-control=\"overlay-control-enable\"><button  data-ultimate-target='#modal-trg-txt-wrap-9559 .btn-modal'  data-responsive-json-new='{\"font-size\":\"\",\"line-height\":\"\"}'  style=\"background:#506377;border-color:#506377;color:#FFFFFF; \" data-class-id=\"content-69f66e6362cec4-98170400\" class=\"btn-modal ult-responsive btn-primary btn-modal-md overlay-show mod_win-button  ult-align-center btn-id-69f66e6362cec4-98170400\" data-overlay-class=\"overlay-fade\"><a>Make a request<\/a><\/button><\/div>\n<div class=\"ult-overlay content-69f66e6362cec4-98170400 mod_win\" data-class=\"content-69f66e6362cec4-98170400\" id=\"button-click-overlay\" style=\"background:rgba(51,51,51,0.8); display:none;\">\n\t<div class=\"ult_modal ult-fade ult-small\">\n\t<div class=\"ult-overlay-close popup-top-right\" style=\"width:15px;height:15px;  \"><div class=\"ult-overlay-close-inside\">Close<\/div><\/div>\n\t\t<div id=\"ult-modal-wrap-4516\" class=\"ult_modal-content ult-hide\" style=\"border-style:solid;border-width:0px;border-radius:0px;border-color:#333333;\">\n\t\t\t<div class=\"ult_modal-header\" style=\"background:#506377;color:#333333;border-color:#333333;\">\n\t\t\t\t<h3  data-ultimate-target='#ult-modal-wrap-4516 .ult_modal-title'  data-responsive-json-new='{\"font-size\":\"\",\"line-height\":\"\"}'  class=\"ult_modal-title ult-responsive\">Request for trial<\/h3>\n\t\t\t<\/div>\n\t\t\t<div  data-ultimate-target='#ult-modal-wrap-4516 .ult_modal-body'  data-responsive-json-new='{\"font-size\":\"\",\"line-height\":\"\"}'  class=\"ult_modal-body ult-responsive ult-html\" style=\"\">\n\t\t\t\n<div class=\"wpcf7 no-js\" id=\"wpcf7-f2199-o2\" lang=\"de-DE\" dir=\"ltr\" data-wpcf7-id=\"2199\">\n<div class=\"screen-reader-response\"><p role=\"status\" aria-live=\"polite\" aria-atomic=\"true\"><\/p> <ul><\/ul><\/div>\n<form action=\"\/de\/wp-json\/wp\/v2\/pages\/4429#wpcf7-f2199-o2\" method=\"post\" class=\"wpcf7-form init\" aria-label=\"Kontaktformular\" novalidate=\"novalidate\" data-status=\"init\">\n<fieldset class=\"hidden-fields-container\"><input type=\"hidden\" name=\"_wpcf7\" value=\"2199\" \/><input type=\"hidden\" name=\"_wpcf7_version\" value=\"6.1.5\" \/><input type=\"hidden\" name=\"_wpcf7_locale\" value=\"de_DE\" \/><input type=\"hidden\" name=\"_wpcf7_unit_tag\" value=\"wpcf7-f2199-o2\" \/><input type=\"hidden\" name=\"_wpcf7_container_post\" value=\"0\" \/><input type=\"hidden\" name=\"_wpcf7_posted_data_hash\" value=\"\" \/><input type=\"hidden\" name=\"_wpcf7cf_hidden_group_fields\" value=\"[]\" \/><input type=\"hidden\" name=\"_wpcf7cf_hidden_groups\" value=\"[]\" \/><input type=\"hidden\" name=\"_wpcf7cf_visible_groups\" value=\"[]\" \/><input type=\"hidden\" name=\"_wpcf7cf_repeaters\" value=\"[]\" \/><input type=\"hidden\" name=\"_wpcf7cf_steps\" value=\"{}\" \/><input type=\"hidden\" name=\"_wpcf7cf_options\" value=\"{&quot;form_id&quot;:2199,&quot;conditions&quot;:[],&quot;settings&quot;:{&quot;animation&quot;:&quot;yes&quot;,&quot;animation_intime&quot;:200,&quot;animation_outtime&quot;:200,&quot;conditions_ui&quot;:&quot;normal&quot;,&quot;notice_dismissed&quot;:false,&quot;notice_dismissed_rollback-cf7-6.1.4&quot;:true}}\" \/><input type=\"hidden\" name=\"_wpcf7_recaptcha_response\" value=\"\" \/>\n<\/fieldset>\n<div class=\"column one nomarp nfieldw\">\n\t<div class=\"column one-second\">\n\t\t<div style=\"padding:0;\">\n\t\t\t<p><label>Vorname\n\t\t\t\t\t<font color=\"red\">*\n\t\t\t\t\t<\/font><br \/>\n<span class=\"wpcf7-form-control-wrap\" data-name=\"your-name1\"><input size=\"40\" maxlength=\"400\" class=\"wpcf7-form-control wpcf7-text wpcf7-validates-as-required\" aria-required=\"true\" aria-invalid=\"false\" value=\"\" type=\"text\" name=\"your-name1\" \/><\/span> <\/label>\n\t\t\t<\/p>\n\t\t<\/div>\n\t<\/div>\n\t<div class=\"column one-second\">\n\t\t<div style=\"padding:\"0;\">\n\t\t\t<p><label>Nachname\n\t\t\t\t\t<font color=\"red\">*\n\t\t\t\t\t<\/font><br \/>\n<span class=\"wpcf7-form-control-wrap\" data-name=\"your-name2\"><input size=\"40\" maxlength=\"400\" class=\"wpcf7-form-control wpcf7-text wpcf7-validates-as-required\" aria-required=\"true\" aria-invalid=\"false\" value=\"\" type=\"text\" name=\"your-name2\" \/><\/span><\/label>\n\t\t\t<\/p>\n\t\t<\/div>\n\t<\/div>\n<\/div>\n<div class=\"column one\">\n\t<div style=\"padding:\"0;\">\n\t\t<p><label>E-Mail (gesch\u00e4ftlich)\n\t\t\t\t<font color=\"red\">*\n\t\t\t\t<\/font><br \/>\n<span class=\"wpcf7-form-control-wrap\" data-name=\"your-email\"><input size=\"40\" maxlength=\"400\" class=\"wpcf7-form-control wpcf7-email wpcf7-validates-as-required wpcf7-text wpcf7-validates-as-email\" aria-required=\"true\" aria-invalid=\"false\" value=\"\" type=\"email\" name=\"your-email\" \/><\/span> <\/label>\n\t\t<\/p>\n\t<\/div>\n<\/div>\n<div class=\"column one nomarp\">\n\t<div style=\"padding:0;\">\n\t\t<p><b>KPA Produkte\n\t\t\t\t<font color=\"red\">*\n\t\t\t\t<\/font><\/b><br \/>\n<span class=\"wpcf7-form-control-wrap\" data-name=\"productA\"><span class=\"wpcf7-form-control wpcf7-checkbox wpcf7-validates-as-required\"><span class=\"wpcf7-list-item first last\"><input type=\"checkbox\" name=\"productA[]\" value=\"Automation softPLC\" \/><span class=\"wpcf7-list-item-label\">Automation softPLC<\/span><\/span><\/span><\/span>\n\t\t<\/p>\n\t\t<div class=\"kpaapr\">\n\t\t\t<p>&#10003; KPA Automation softPLC runtime<br \/>\n&#10003; KPA Automation softPLC Studio\n\t\t\t<\/p>\n\t\t<\/div>\n\t\t<p><span class=\"wpcf7-form-control-wrap\" data-name=\"productB\"><span class=\"wpcf7-form-control wpcf7-checkbox wpcf7-validates-as-required\"><span class=\"wpcf7-list-item first last\"><input type=\"checkbox\" name=\"productB[]\" value=\"Automation HMI\/SCADA\" \/><span class=\"wpcf7-list-item-label\">Automation HMI\/SCADA<\/span><\/span><\/span><\/span>\n\t\t<\/p>\n\t\t<div class=\"kpaapr\">\n\t\t\t<p>&#10003; KPA Automation View, &#10003; KPA Automation Studio<br \/>\n&#10003; KPA Automation Data Analytics, &#10003; KPA Automation Server\n\t\t\t<\/p>\n\t\t<\/div>\n\t\t<p><span class=\"wpcf7-form-control-wrap\" data-name=\"product\"><span class=\"wpcf7-form-control wpcf7-checkbox wpcf7-validates-as-required\"><span class=\"wpcf7-list-item first\"><input type=\"checkbox\" name=\"product[]\" value=\"KPA EtherCAT Master\" \/><span class=\"wpcf7-list-item-label\">KPA EtherCAT Master<\/span><\/span><span class=\"wpcf7-list-item\"><input type=\"checkbox\" name=\"product[]\" value=\"KPA EtherCAT Studio\" \/><span class=\"wpcf7-list-item-label\">KPA EtherCAT Studio<\/span><\/span><span class=\"wpcf7-list-item\"><input type=\"checkbox\" name=\"product[]\" value=\"KPA EtherCAT Slave Stack\" \/><span class=\"wpcf7-list-item-label\">KPA EtherCAT Slave Stack<\/span><\/span><span class=\"wpcf7-list-item last\"><input type=\"checkbox\" name=\"product[]\" value=\"KPA Motion Control Library\" \/><span class=\"wpcf7-list-item-label\">KPA Motion Control Library<\/span><\/span><\/span><\/span>\n\t\t<\/p>\n\t<\/div>\n<\/div>\n<div class=\"column one\">\n\t<div style=\"padding:0;\">\n\t\t<p><label>Bemerkungen<br \/>\n<span class=\"wpcf7-form-control-wrap\" data-name=\"your-message\"><textarea cols=\"40\" rows=\"10\" maxlength=\"2000\" class=\"wpcf7-form-control wpcf7-textarea textfieldheight\" aria-invalid=\"false\" name=\"your-message\"><\/textarea><\/span> <\/label>\n\t\t<\/p>\n\t<\/div>\n<\/div>\n<div class=\"column one\">\n\t<div style=\"padding:0;\" class=\"iagree\">\n\t\t<p><span class=\"wpcf7-form-control-wrap\" data-name=\"acceptance-1\"><span class=\"wpcf7-form-control wpcf7-acceptance\"><span class=\"wpcf7-list-item\"><label><input type=\"checkbox\" name=\"acceptance-1\" value=\"1\" aria-invalid=\"false\" \/><span class=\"wpcf7-list-item-label\">Ich stimme den <a href=\"\/de\/datenschutzerklaerung\/\">Datenschutzbestimmungen<\/a> zu.<\/span><\/label><\/span><\/span><\/span>\n\t\t<\/p>\n\t<\/div>\n<\/div>\n<div class=\"column one\">\n\t<div style=\"padding:10px 0 0 0;\">\n\t\t<p><input class=\"wpcf7-form-control wpcf7-submit has-spinner\" type=\"submit\" value=\"Anfrage senden\" \/>\n\t\t<\/p>\n\t<\/div>\n<\/div>\n<div class=\"column one\">\n\t<div style=\"padding-top:0px; font-size: 70% !important; line-height: 120% !important;\">\n\t\t<p>Diese Website ist durch CAPTCHA gesch\u00fctzt und dar\u00fcber hinaus gelten die <a href=\"https:\/\/policies.google.com\/privacy\">Datenschutzbestimmungen<\/a> und <a href=\"https:\/\/policies.google.com\/terms\">Nutzungsbedingungen<\/a> von Google.\n\t\t<\/p>\n\t<\/div>\n<\/div><div class=\"wpcf7-response-output\" aria-hidden=\"true\"><\/div>\n<\/form>\n<\/div>\n\n\t\t\t<\/div>\n\t<\/div>\n\t<\/div>\n<\/div>\t\t<\/div><\/div><\/div><div class=\"ult-space\"><\/div><\/div><\/div>[\/vc_column][\/vc_row]<\/p>\n","protected":false},"excerpt":{"rendered":"<p>[vc_row el_class=&#8220;scrolltopp&#8220;][vc_column][vc_column_text el_class=&#8220;galinline_&#8220;]KPA EtherCAT Slave Stack 2 beh\u00e4lt die vollst\u00e4ndige<span class=\"excerpt-hellip\"> [\u2026]<\/span><\/p>\n","protected":false},"author":1,"featured_media":0,"parent":224,"menu_order":0,"comment_status":"closed","ping_status":"closed","template":"","meta":{"footnotes":""},"class_list":["post-4429","page","type-page","status-publish","hentry"],"yoast_head":"<!-- This site is optimized with the Yoast SEO Premium plugin v18.8 (Yoast SEO v27.0) - https:\/\/yoast.com\/product\/yoast-seo-premium-wordpress\/ -->\n<title>KPA EtherCAT Slave Stack - Neue Funktionen - koenig-pa GmbH<\/title>\n<meta name=\"description\" content=\"KPA EtherCAT Slave Stack 2 umfasst alle Funktionen der ersten Version und erg\u00e4nzt sie durch neue Features, die den Einsatz erweitern, vereinfachen und die Benutzerfreundlichkeit erh\u00f6hen.\" \/>\n<meta name=\"robots\" content=\"index, follow, max-snippet:-1, max-image-preview:large, max-video-preview:-1\" \/>\n<link rel=\"canonical\" href=\"https:\/\/koenig-pa.de\/de\/produkte\/ethercat\/kpa-ethercat-slave-stack\/kpa-ethercat-slave-stack-neue-funktionen\/\" \/>\n<meta property=\"og:locale\" content=\"de_DE\" \/>\n<meta property=\"og:type\" content=\"article\" \/>\n<meta property=\"og:title\" content=\"KPA EtherCAT Slave Stack - Neue Funktionen\" \/>\n<meta property=\"og:description\" content=\"KPA EtherCAT Slave Stack 2 umfasst alle Funktionen der ersten Version und erg\u00e4nzt sie durch neue Features, die den Einsatz erweitern, vereinfachen und die Benutzerfreundlichkeit erh\u00f6hen.\" \/>\n<meta property=\"og:url\" content=\"https:\/\/koenig-pa.de\/de\/produkte\/ethercat\/kpa-ethercat-slave-stack\/kpa-ethercat-slave-stack-neue-funktionen\/\" \/>\n<meta property=\"og:site_name\" content=\"koenig-pa GmbH\" \/>\n<meta property=\"article:modified_time\" content=\"2025-10-16T07:07:31+00:00\" \/>\n<meta property=\"og:image\" content=\"https:\/\/koenig-pa.de\/de\/wp-content\/uploads\/sites\/3\/2021\/02\/kpa_studio_.jpg\" \/>\n<!-- \/ Yoast SEO Premium plugin. -->","yoast_head_json":{"title":"KPA EtherCAT Slave Stack - Neue Funktionen - koenig-pa GmbH","description":"KPA EtherCAT Slave Stack 2 umfasst alle Funktionen der ersten Version und erg\u00e4nzt sie durch neue Features, die den Einsatz erweitern, vereinfachen und die Benutzerfreundlichkeit erh\u00f6hen.","robots":{"index":"index","follow":"follow","max-snippet":"max-snippet:-1","max-image-preview":"max-image-preview:large","max-video-preview":"max-video-preview:-1"},"canonical":"https:\/\/koenig-pa.de\/de\/produkte\/ethercat\/kpa-ethercat-slave-stack\/kpa-ethercat-slave-stack-neue-funktionen\/","og_locale":"de_DE","og_type":"article","og_title":"KPA EtherCAT Slave Stack - Neue Funktionen","og_description":"KPA EtherCAT Slave Stack 2 umfasst alle Funktionen der ersten Version und erg\u00e4nzt sie durch neue Features, die den Einsatz erweitern, vereinfachen und die Benutzerfreundlichkeit erh\u00f6hen.","og_url":"https:\/\/koenig-pa.de\/de\/produkte\/ethercat\/kpa-ethercat-slave-stack\/kpa-ethercat-slave-stack-neue-funktionen\/","og_site_name":"koenig-pa GmbH","article_modified_time":"2025-10-16T07:07:31+00:00","og_image":[{"url":"https:\/\/koenig-pa.de\/de\/wp-content\/uploads\/sites\/3\/2021\/02\/kpa_studio_.jpg","type":"","width":"","height":""}],"schema":{"@context":"https:\/\/schema.org","@graph":[{"@type":"WebPage","@id":"https:\/\/koenig-pa.de\/de\/produkte\/ethercat\/kpa-ethercat-slave-stack\/kpa-ethercat-slave-stack-neue-funktionen\/","url":"https:\/\/koenig-pa.de\/de\/produkte\/ethercat\/kpa-ethercat-slave-stack\/kpa-ethercat-slave-stack-neue-funktionen\/","name":"KPA EtherCAT Slave Stack - Neue Funktionen - koenig-pa GmbH","isPartOf":{"@id":"https:\/\/koenig-pa.de\/de\/#website"},"datePublished":"2025-10-06T12:35:17+00:00","dateModified":"2025-10-16T07:07:31+00:00","description":"KPA EtherCAT Slave Stack 2 umfasst alle Funktionen der ersten Version und erg\u00e4nzt sie durch neue Features, die den Einsatz erweitern, vereinfachen und die Benutzerfreundlichkeit erh\u00f6hen.","breadcrumb":{"@id":"https:\/\/koenig-pa.de\/de\/produkte\/ethercat\/kpa-ethercat-slave-stack\/kpa-ethercat-slave-stack-neue-funktionen\/#breadcrumb"},"inLanguage":"de","potentialAction":[{"@type":"ReadAction","target":["https:\/\/koenig-pa.de\/de\/produkte\/ethercat\/kpa-ethercat-slave-stack\/kpa-ethercat-slave-stack-neue-funktionen\/"]}]},{"@type":"BreadcrumbList","@id":"https:\/\/koenig-pa.de\/de\/produkte\/ethercat\/kpa-ethercat-slave-stack\/kpa-ethercat-slave-stack-neue-funktionen\/#breadcrumb","itemListElement":[{"@type":"ListItem","position":1,"name":"Startseite","item":"https:\/\/koenig-pa.de\/de\/"},{"@type":"ListItem","position":2,"name":"Produkte","item":"https:\/\/koenig-pa.de\/de\/produkte\/"},{"@type":"ListItem","position":3,"name":"EtherCAT\u00ae Produkt \u00dcbersicht","item":"https:\/\/koenig-pa.de\/de\/produkte\/ethercat\/"},{"@type":"ListItem","position":4,"name":"KPA EtherCAT Slave Stack","item":"https:\/\/koenig-pa.de\/de\/produkte\/ethercat\/kpa-ethercat-slave-stack\/"},{"@type":"ListItem","position":5,"name":"KPA EtherCAT Slave Stack &#8211; Neue Funktionen"}]},{"@type":"WebSite","@id":"https:\/\/koenig-pa.de\/de\/#website","url":"https:\/\/koenig-pa.de\/de\/","name":"koenig-pa GmbH","description":"","potentialAction":[{"@type":"SearchAction","target":{"@type":"EntryPoint","urlTemplate":"https:\/\/koenig-pa.de\/de\/?s={search_term_string}"},"query-input":{"@type":"PropertyValueSpecification","valueRequired":true,"valueName":"search_term_string"}}],"inLanguage":"de"}]}},"_links":{"self":[{"href":"https:\/\/koenig-pa.de\/de\/wp-json\/wp\/v2\/pages\/4429","targetHints":{"allow":["GET"]}}],"collection":[{"href":"https:\/\/koenig-pa.de\/de\/wp-json\/wp\/v2\/pages"}],"about":[{"href":"https:\/\/koenig-pa.de\/de\/wp-json\/wp\/v2\/types\/page"}],"author":[{"embeddable":true,"href":"https:\/\/koenig-pa.de\/de\/wp-json\/wp\/v2\/users\/1"}],"replies":[{"embeddable":true,"href":"https:\/\/koenig-pa.de\/de\/wp-json\/wp\/v2\/comments?post=4429"}],"version-history":[{"count":4,"href":"https:\/\/koenig-pa.de\/de\/wp-json\/wp\/v2\/pages\/4429\/revisions"}],"predecessor-version":[{"id":4458,"href":"https:\/\/koenig-pa.de\/de\/wp-json\/wp\/v2\/pages\/4429\/revisions\/4458"}],"up":[{"embeddable":true,"href":"https:\/\/koenig-pa.de\/de\/wp-json\/wp\/v2\/pages\/224"}],"wp:attachment":[{"href":"https:\/\/koenig-pa.de\/de\/wp-json\/wp\/v2\/media?parent=4429"}],"curies":[{"name":"wp","href":"https:\/\/api.w.org\/{rel}","templated":true}]}}