{"id":3630,"date":"2023-01-19T09:24:50","date_gmt":"2023-01-19T08:24:50","guid":{"rendered":"https:\/\/koenig-pa.de\/de\/?page_id=3630"},"modified":"2023-01-19T09:43:49","modified_gmt":"2023-01-19T08:43:49","slug":"artikel","status":"publish","type":"page","link":"https:\/\/koenig-pa.de\/de\/artikel\/","title":{"rendered":"Artikel"},"content":{"rendered":"<p>[vc_row][vc_column][vc_column_text css=&#8220;.vc_custom_1674117830040{margin-bottom: 0px !important;}&#8220;]<\/p>\n<div id=\"qwe\"><ul class=\"lcp_catlist\" id=\"lcp_instance_0\"><li><h3 class=\"qweh3\">Auswirkungen von Industrial Edge- und Cloud-Architekturen auf die intelligente Fertigung<\/h3><div class=\"lcp_excerpt\">Mit den Fortschritten bei Industrial Edge- und Cloud-Computing-Technologien haben Hersteller jetzt Zugang zu skalierbaren und flexiblen Rechenressourcen.\n<\/div><a href=\"https:\/\/koenig-pa.de\/de\/auswirkungen-von-industrial-edge-und-cloud-architekturen-auf-die-intelligente-fertigung\/\">Mehr<\/a><\/li><li><h3 class=\"qweh3\">Die Rolle des IoT im Zeitalter der erneuerbaren Energien<\/h3><div class=\"lcp_excerpt\">In der heutigen Welt bewegen wir uns auf eine Zeit zu, in der erneuerbare Energiequellen wie Wind- und Solarenergie zum Standard werden und nicht nur eine Alternative darstellen. \n<\/div><a href=\"https:\/\/koenig-pa.de\/de\/die-rolle-des-iot-im-zeitalter-der-erneuerbaren-energien\/\">Mehr<\/a><\/li><li><h3 class=\"qweh3\">Einsatz von Open-Source-Technologien in der Automatisierungsbranche<\/h3><div class=\"lcp_excerpt\">In der modernen und hart umk\u00e4mpften Automatisierungsbranche setzen Unternehmen zunehmend auf Open-Source-Softwarel\u00f6sungen, um die Effizienz zu steigern, Kosten zu senken und die Gesamtproduktivit\u00e4t zu erh\u00f6hen.\n<\/div><a href=\"https:\/\/koenig-pa.de\/de\/einsatz-von-open-source-technologien-in-der-automatisierungsbranche\/\">Mehr<\/a><\/li><li><h3 class=\"qweh3\">Vor- und Nachteile von \u0421loud IoT-L\u00f6sungen<\/h3><div class=\"lcp_excerpt\">Cloud-IoT-L\u00f6sungen bieten eine sichere Verbindung und Verwaltung von IoT-Ger\u00e4ten, die von einigen wenigen bis zu Millionen reichen.\n<\/div><a href=\"https:\/\/koenig-pa.de\/de\/vor-und-nachteile-von-%d0%a1loud-iot-loesungen\/\">Mehr<\/a><\/li><li><h3 class=\"qweh3\">Die Auswirkungen und M\u00f6glichkeiten von Internet of Things<\/h3><div class=\"lcp_excerpt\">Das industrielle IoT ist eine Unterkategorie des IoT, die eine wichtige Rolle in der Industrie 4.0 spielt, einer industriellen Revolution, die sich auf intelligente Technologie, Automatisierung, KI, Daten und Konnektivit\u00e4t konzentriert.\n<\/div><a href=\"https:\/\/koenig-pa.de\/de\/die-auswirkungen-und-moeglichkeiten-von-internet-of-things\/\">Mehr<\/a><\/li><li><h3 class=\"qweh3\">Die Vorteile von PROFINET<\/h3><div class=\"lcp_excerpt\">PROFINET erf\u00fcllt alle Anforderungen an die Automatisierungstechnik und verbindet Steuerungen und Ger\u00e4te. Dies erm\u00f6glicht eine schnelle, sichere und qualitativ hochwertige Fertigung.\n<\/div><a href=\"https:\/\/koenig-pa.de\/de\/die-vorteile-von-profinet\/\">Mehr<\/a><\/li><li><h3 class=\"qweh3\">OPC UA Publish-Subscribe<\/h3><div class=\"lcp_excerpt\"> Wesentliche Funktionen von OPC UA sind die Erkennung von Servern, der Zugriff auf Serverdaten, die Benachrichtigung \u00fcber Ereignisse und die Ausf\u00fchrung von Methoden. Diese Technologie ist umfassend und konfigurierbar und bietet einen Rahmen f\u00fcr die Definition von Datenstrukturen, ohne einen bestimmten Satz von Datenstrukturen vorzuschreiben.\n<\/div><a href=\"https:\/\/koenig-pa.de\/de\/opc-ua-publish-subscribe\/\">Mehr<\/a><\/li><li><h3 class=\"qweh3\">HMI in einem modernen Unternehmen<\/h3><div class=\"lcp_excerpt\">Maschinen und digitale Technologien sind zu einem wesentlichen Bestandteil unseres Alltags geworden. T\u00e4glich interagieren wir mit Smartphones, Laptops und Haushaltsger\u00e4ten. Erm\u00f6glicht wird dies durch Benutzerschnittstellen, sogenannte HMIs.\n<\/div><a href=\"https:\/\/koenig-pa.de\/de\/hmi-in-einem-modernen-unternehmen\/\">Mehr<\/a><\/li><li><h3 class=\"qweh3\">Reporting in KPA Automation Data Analysis<\/h3><div class=\"lcp_excerpt\">Um die Einflussfaktoren auf die Produktionsprozesse analysieren zu k\u00f6nnen, wird das KPA Automation Data Analytics System eingesetzt. \n<\/div><a href=\"https:\/\/koenig-pa.de\/de\/reporting-in-kpa-automation-data-analysis\/\">Mehr<\/a><\/li><li><h3 class=\"qweh3\">Industrielle Kommunikationsprotokolle<\/h3><div class=\"lcp_excerpt\">In der modernen Produktion werden zur Organisation von Netzwerken verschiedene industrielle Daten\u00fcbertragungsprotokolle verwendet: Modbus, CAN, PROFIBUS, Ethernet und andere.\n<\/div><a href=\"https:\/\/koenig-pa.de\/de\/industrielle-kommunikationsprotokolle\/\">Mehr<\/a><\/li><li><h3 class=\"qweh3\">Einsatz von EtherCAT in der Industrie<\/h3><div class=\"lcp_excerpt\">EtherCAT (Ethernet for Control Automation Technology) ist ein industrieller Netzwerkstandard, der von Beckhoff (Deutschland) im Jahr 2003 entwickelt wurde. \n<\/div><a href=\"https:\/\/koenig-pa.de\/de\/einsatz-von-ethercat-in-der-industrie\/\">Mehr<\/a><\/li><\/ul><\/div>\n<p>[\/vc_column_text][\/vc_column][\/vc_row]<\/p>\n","protected":false},"excerpt":{"rendered":"<p>[vc_row][vc_column][vc_column_text css=&#8220;.vc_custom_1674117830040{margin-bottom: 0px !important;}&#8220;] [\/vc_column_text][\/vc_column][\/vc_row]<\/p>\n","protected":false},"author":1,"featured_media":0,"parent":0,"menu_order":0,"comment_status":"closed","ping_status":"closed","template":"","meta":{"footnotes":""},"class_list":["post-3630","page","type-page","status-publish","hentry"],"yoast_head":"<!-- This site is optimized with the Yoast SEO Premium plugin v18.8 (Yoast SEO v27.0) - https:\/\/yoast.com\/product\/yoast-seo-premium-wordpress\/ -->\n<title>Artikel - koenig-pa GmbH<\/title>\n<meta name=\"description\" content=\"Events, Messen, Hannover Messe, SPS IPC Drives, Embedded World\" \/>\n<meta name=\"robots\" content=\"index, follow, max-snippet:-1, max-image-preview:large, max-video-preview:-1\" \/>\n<link rel=\"canonical\" href=\"https:\/\/koenig-pa.de\/de\/artikel\/\" \/>\n<meta property=\"og:locale\" content=\"de_DE\" \/>\n<meta property=\"og:type\" content=\"article\" \/>\n<meta property=\"og:title\" content=\"Artikel\" \/>\n<meta property=\"og:description\" content=\"Events, Messen, Hannover Messe, SPS IPC Drives, Embedded World\" \/>\n<meta property=\"og:url\" content=\"https:\/\/koenig-pa.de\/de\/artikel\/\" \/>\n<meta property=\"og:site_name\" content=\"koenig-pa GmbH\" \/>\n<meta property=\"article:modified_time\" content=\"2023-01-19T08:43:49+00:00\" \/>\n<!-- \/ Yoast SEO Premium plugin. -->","yoast_head_json":{"title":"Artikel - koenig-pa GmbH","description":"Events, Messen, Hannover Messe, SPS IPC Drives, Embedded World","robots":{"index":"index","follow":"follow","max-snippet":"max-snippet:-1","max-image-preview":"max-image-preview:large","max-video-preview":"max-video-preview:-1"},"canonical":"https:\/\/koenig-pa.de\/de\/artikel\/","og_locale":"de_DE","og_type":"article","og_title":"Artikel","og_description":"Events, Messen, Hannover Messe, SPS IPC Drives, Embedded World","og_url":"https:\/\/koenig-pa.de\/de\/artikel\/","og_site_name":"koenig-pa GmbH","article_modified_time":"2023-01-19T08:43:49+00:00","schema":{"@context":"https:\/\/schema.org","@graph":[{"@type":"WebPage","@id":"https:\/\/koenig-pa.de\/de\/artikel\/","url":"https:\/\/koenig-pa.de\/de\/artikel\/","name":"Artikel - koenig-pa GmbH","isPartOf":{"@id":"https:\/\/koenig-pa.de\/de\/#website"},"datePublished":"2023-01-19T08:24:50+00:00","dateModified":"2023-01-19T08:43:49+00:00","description":"Events, Messen, Hannover Messe, SPS IPC Drives, Embedded World","breadcrumb":{"@id":"https:\/\/koenig-pa.de\/de\/artikel\/#breadcrumb"},"inLanguage":"de","potentialAction":[{"@type":"ReadAction","target":["https:\/\/koenig-pa.de\/de\/artikel\/"]}]},{"@type":"BreadcrumbList","@id":"https:\/\/koenig-pa.de\/de\/artikel\/#breadcrumb","itemListElement":[{"@type":"ListItem","position":1,"name":"Startseite","item":"https:\/\/koenig-pa.de\/de\/"},{"@type":"ListItem","position":2,"name":"Artikel"}]},{"@type":"WebSite","@id":"https:\/\/koenig-pa.de\/de\/#website","url":"https:\/\/koenig-pa.de\/de\/","name":"koenig-pa GmbH","description":"","potentialAction":[{"@type":"SearchAction","target":{"@type":"EntryPoint","urlTemplate":"https:\/\/koenig-pa.de\/de\/?s={search_term_string}"},"query-input":{"@type":"PropertyValueSpecification","valueRequired":true,"valueName":"search_term_string"}}],"inLanguage":"de"}]}},"_links":{"self":[{"href":"https:\/\/koenig-pa.de\/de\/wp-json\/wp\/v2\/pages\/3630","targetHints":{"allow":["GET"]}}],"collection":[{"href":"https:\/\/koenig-pa.de\/de\/wp-json\/wp\/v2\/pages"}],"about":[{"href":"https:\/\/koenig-pa.de\/de\/wp-json\/wp\/v2\/types\/page"}],"author":[{"embeddable":true,"href":"https:\/\/koenig-pa.de\/de\/wp-json\/wp\/v2\/users\/1"}],"replies":[{"embeddable":true,"href":"https:\/\/koenig-pa.de\/de\/wp-json\/wp\/v2\/comments?post=3630"}],"version-history":[{"count":3,"href":"https:\/\/koenig-pa.de\/de\/wp-json\/wp\/v2\/pages\/3630\/revisions"}],"predecessor-version":[{"id":3640,"href":"https:\/\/koenig-pa.de\/de\/wp-json\/wp\/v2\/pages\/3630\/revisions\/3640"}],"wp:attachment":[{"href":"https:\/\/koenig-pa.de\/de\/wp-json\/wp\/v2\/media?parent=3630"}],"curies":[{"name":"wp","href":"https:\/\/api.w.org\/{rel}","templated":true}]}}