{"id":3223,"date":"2022-03-02T07:05:40","date_gmt":"2022-03-02T06:05:40","guid":{"rendered":"http:\/\/koenig-pa.de\/de\/?page_id=3223"},"modified":"2024-11-29T13:53:18","modified_gmt":"2024-11-29T12:53:18","slug":"python-interface-library","status":"publish","type":"page","link":"https:\/\/koenig-pa.de\/de\/produkte\/ethercat\/kpa-ethercat-master\/kpa-ethercat-master-stack-pakete\/python-interface-library\/","title":{"rendered":"Python Interface Library"},"content":{"rendered":"<p>[vc_row][vc_column][vc_column_text]koenig-pa stellt im MDK-Paket einen RPC-Server zur Verf\u00fcgung, der die Kommunikation mit dem KPA EtherCAT Master aus der Ferne erm\u00f6glicht.<\/p>\n<p>Um den RPC Server zu starten, wird die <strong>rpcserver.dll<\/strong> mit den Verbindungsparametern (Port und IP-Adresse) des Masters gestartet. Standardm\u00e4\u00dfig wird der Port 5000 verwendet. Im Falle einer <a href=\"\/de\/produkte\/ethercat\/kpa-ethercat-master\/multimaster\/\">Multimaster-Nutzung<\/a> werden unterschiedliche Ports f\u00fcr jede Master-Instanz eingestellt, z. B. Master1: port=5000, Master2: port=5001.<\/p>\n<p><a href=\"\/de\/produkte\/ethercat\/kpa-ethercat-studio\/\">KPA EtherCAT Studio<\/a> verbindet sich mit dem Master \u00fcber einen RPC-Server. Es ist auch m\u00f6glich, mit dem Master \u00fcber RPC Server \u00fcber andere Anwendungen, wie z. B. Python-Anwendungen, zu kommunizieren.<\/p>\n<p><a href=\"\/images\/kpa_ethercat_phython.png\" rel=\"_lightbox\"><img decoding=\"async\" class=\"_alignright aligncenter\" style=\"width: 475px !important;\" src=\"\/images\/kpa_ethercat_phython.png\" alt=\"Requesting ID\" border=\"0\" \/><\/a><\/p>\n<p>Python-Anwendungen sind zur Visualisierung einiger Prozesse, zur Erstellung von Diagrammen oder zur Online-Konfiguration hilfreich.<\/p>\n<p>Mit RPC Server ist es m\u00f6glich, Python-Anwendungen zu verwenden, um <a href=\"\/de\/produkte\/ethercat\/kpa-ethercat-master\/\">KPA EtherCAT Master<\/a> zu konfigurieren oder zu diagnostizieren.<\/p>\n<p>Die Python-Version 3.9 ist im KPA EtherCAT Master 2 Python Interface-Paket enthalten. Weitere Informationen finden Sie im KPA Python Interface Library Integrationshandbuch.[\/vc_column_text][\/vc_column][\/vc_row]<\/p>\n","protected":false},"excerpt":{"rendered":"<p>[vc_row][vc_column][vc_column_text]koenig-pa stellt im MDK-Paket einen RPC-Server zur Verf\u00fcgung, der die<span class=\"excerpt-hellip\"> [\u2026]<\/span><\/p>\n","protected":false},"author":1,"featured_media":0,"parent":3393,"menu_order":0,"comment_status":"closed","ping_status":"closed","template":"","meta":{"footnotes":""},"class_list":["post-3223","page","type-page","status-publish","hentry"],"yoast_head":"<!-- This site is optimized with the Yoast SEO Premium plugin v18.8 (Yoast SEO v27.0) - https:\/\/yoast.com\/product\/yoast-seo-premium-wordpress\/ -->\n<title>Python Interface Library - koenig-pa GmbH<\/title>\n<meta name=\"description\" content=\"Python-Anwendungen sind zur Visualisierung einiger Prozesse, zur Erstellung von Diagrammen oder zur Online-Konfiguration hilfreich\" \/>\n<meta name=\"robots\" content=\"index, follow, max-snippet:-1, max-image-preview:large, max-video-preview:-1\" \/>\n<link rel=\"canonical\" href=\"https:\/\/koenig-pa.de\/de\/produkte\/ethercat\/kpa-ethercat-master\/kpa-ethercat-master-stack-pakete\/python-interface-library\/\" \/>\n<meta property=\"og:locale\" content=\"de_DE\" \/>\n<meta property=\"og:type\" content=\"article\" \/>\n<meta property=\"og:title\" content=\"Python Interface Library\" \/>\n<meta property=\"og:description\" content=\"Python-Anwendungen sind zur Visualisierung einiger Prozesse, zur Erstellung von Diagrammen oder zur Online-Konfiguration hilfreich\" \/>\n<meta property=\"og:url\" content=\"https:\/\/koenig-pa.de\/de\/produkte\/ethercat\/kpa-ethercat-master\/kpa-ethercat-master-stack-pakete\/python-interface-library\/\" \/>\n<meta property=\"og:site_name\" content=\"koenig-pa GmbH\" \/>\n<meta property=\"article:modified_time\" content=\"2024-11-29T12:53:18+00:00\" \/>\n<!-- \/ Yoast SEO Premium plugin. -->","yoast_head_json":{"title":"Python Interface Library - koenig-pa GmbH","description":"Python-Anwendungen sind zur Visualisierung einiger Prozesse, zur Erstellung von Diagrammen oder zur Online-Konfiguration hilfreich","robots":{"index":"index","follow":"follow","max-snippet":"max-snippet:-1","max-image-preview":"max-image-preview:large","max-video-preview":"max-video-preview:-1"},"canonical":"https:\/\/koenig-pa.de\/de\/produkte\/ethercat\/kpa-ethercat-master\/kpa-ethercat-master-stack-pakete\/python-interface-library\/","og_locale":"de_DE","og_type":"article","og_title":"Python Interface Library","og_description":"Python-Anwendungen sind zur Visualisierung einiger Prozesse, zur Erstellung von Diagrammen oder zur Online-Konfiguration hilfreich","og_url":"https:\/\/koenig-pa.de\/de\/produkte\/ethercat\/kpa-ethercat-master\/kpa-ethercat-master-stack-pakete\/python-interface-library\/","og_site_name":"koenig-pa GmbH","article_modified_time":"2024-11-29T12:53:18+00:00","schema":{"@context":"https:\/\/schema.org","@graph":[{"@type":"WebPage","@id":"https:\/\/koenig-pa.de\/de\/produkte\/ethercat\/kpa-ethercat-master\/kpa-ethercat-master-stack-pakete\/python-interface-library\/","url":"https:\/\/koenig-pa.de\/de\/produkte\/ethercat\/kpa-ethercat-master\/kpa-ethercat-master-stack-pakete\/python-interface-library\/","name":"Python Interface Library - koenig-pa GmbH","isPartOf":{"@id":"https:\/\/koenig-pa.de\/de\/#website"},"datePublished":"2022-03-02T06:05:40+00:00","dateModified":"2024-11-29T12:53:18+00:00","description":"Python-Anwendungen sind zur Visualisierung einiger Prozesse, zur Erstellung von Diagrammen oder zur Online-Konfiguration hilfreich","breadcrumb":{"@id":"https:\/\/koenig-pa.de\/de\/produkte\/ethercat\/kpa-ethercat-master\/kpa-ethercat-master-stack-pakete\/python-interface-library\/#breadcrumb"},"inLanguage":"de","potentialAction":[{"@type":"ReadAction","target":["https:\/\/koenig-pa.de\/de\/produkte\/ethercat\/kpa-ethercat-master\/kpa-ethercat-master-stack-pakete\/python-interface-library\/"]}]},{"@type":"BreadcrumbList","@id":"https:\/\/koenig-pa.de\/de\/produkte\/ethercat\/kpa-ethercat-master\/kpa-ethercat-master-stack-pakete\/python-interface-library\/#breadcrumb","itemListElement":[{"@type":"ListItem","position":1,"name":"Startseite","item":"https:\/\/koenig-pa.de\/de\/"},{"@type":"ListItem","position":2,"name":"Produkte","item":"https:\/\/koenig-pa.de\/de\/produkte\/"},{"@type":"ListItem","position":3,"name":"EtherCAT\u00ae Produkt \u00dcbersicht","item":"https:\/\/koenig-pa.de\/de\/produkte\/ethercat\/"},{"@type":"ListItem","position":4,"name":"KPA EtherCAT Master","item":"https:\/\/koenig-pa.de\/de\/produkte\/ethercat\/kpa-ethercat-master\/"},{"@type":"ListItem","position":5,"name":"KPA EtherCAT Master Stack Pakete","item":"https:\/\/koenig-pa.de\/de\/produkte\/ethercat\/kpa-ethercat-master\/kpa-ethercat-master-stack-pakete\/"},{"@type":"ListItem","position":6,"name":"Python Interface Library"}]},{"@type":"WebSite","@id":"https:\/\/koenig-pa.de\/de\/#website","url":"https:\/\/koenig-pa.de\/de\/","name":"koenig-pa GmbH","description":"","potentialAction":[{"@type":"SearchAction","target":{"@type":"EntryPoint","urlTemplate":"https:\/\/koenig-pa.de\/de\/?s={search_term_string}"},"query-input":{"@type":"PropertyValueSpecification","valueRequired":true,"valueName":"search_term_string"}}],"inLanguage":"de"}]}},"_links":{"self":[{"href":"https:\/\/koenig-pa.de\/de\/wp-json\/wp\/v2\/pages\/3223","targetHints":{"allow":["GET"]}}],"collection":[{"href":"https:\/\/koenig-pa.de\/de\/wp-json\/wp\/v2\/pages"}],"about":[{"href":"https:\/\/koenig-pa.de\/de\/wp-json\/wp\/v2\/types\/page"}],"author":[{"embeddable":true,"href":"https:\/\/koenig-pa.de\/de\/wp-json\/wp\/v2\/users\/1"}],"replies":[{"embeddable":true,"href":"https:\/\/koenig-pa.de\/de\/wp-json\/wp\/v2\/comments?post=3223"}],"version-history":[{"count":4,"href":"https:\/\/koenig-pa.de\/de\/wp-json\/wp\/v2\/pages\/3223\/revisions"}],"predecessor-version":[{"id":4250,"href":"https:\/\/koenig-pa.de\/de\/wp-json\/wp\/v2\/pages\/3223\/revisions\/4250"}],"up":[{"embeddable":true,"href":"https:\/\/koenig-pa.de\/de\/wp-json\/wp\/v2\/pages\/3393"}],"wp:attachment":[{"href":"https:\/\/koenig-pa.de\/de\/wp-json\/wp\/v2\/media?parent=3223"}],"curies":[{"name":"wp","href":"https:\/\/api.w.org\/{rel}","templated":true}]}}