{"id":3208,"date":"2022-02-10T10:19:07","date_gmt":"2022-02-10T09:19:07","guid":{"rendered":"http:\/\/koenig-pa.de\/de\/?page_id=3208"},"modified":"2022-08-22T09:28:00","modified_gmt":"2022-08-22T07:28:00","slug":"eindeutige-geraeteidentifikation","status":"publish","type":"page","link":"https:\/\/koenig-pa.de\/de\/produkte\/ethercat\/kpa-ethercat-master\/kpa-ethercat-master-stack-pakete\/eindeutige-geraeteidentifikation\/","title":{"rendered":"Eindeutige Ger\u00e4teidentifikation"},"content":{"rendered":"<p>[vc_row rtl_reverse=&#8220;&#8220;][vc_column][vc_column_text]Die EtherCAT-Technologie erm\u00f6glicht die Adressierung von Slaves auf verschiedene Weise, abh\u00e4ngig von den M\u00f6glichkeiten des Ger\u00e4ts und den Bed\u00fcrfnissen des Anwenders.<\/p>\n<p>Die EtherCAT-Ger\u00e4teidentifikation dient dazu, einen EtherCAT-Slave eindeutig zu identifizieren. Dies ist f\u00fcr die folgenden Anwendungsf\u00e4lle notwendig:<\/p>\n<ul>\n<li><a href=\"\/de\/produkte\/ethercat\/kpa-ethercat-master\/hot-connect\/\">Hot-Connect<\/a>-Anwendungen<\/li>\n<li>Verhinderung von Kabelvertauschung<\/li>\n<\/ul>\n<p>Dar\u00fcber hinaus kann der Device-Identification-Wert optional zur eindeutigen Adressierung verwendet werden. Dieser Wert sollte innerhalb einer Netzwerkkonfiguration eindeutig gesetzt werden.<br \/>\nF\u00fcr Slaves, welche die <a href=\"\/de\/produkte\/ethercat\/kpa-ethercat-master\/sicherheit-ueber-ethercat\/\">Safety-Funktionalit\u00e4t<\/a> unterst\u00fctzen, ist die Ger\u00e4teidentifikation obligatorisch, auch in dem Fall, dass ein Safety-Slave am Bus ist.<\/p>\n<p>Gem\u00e4\u00df der Spezifikation ETG.1020 Protocol Enhancements werden drei verschiedene Mechanismen zur Einstellung der Ger\u00e4te-ID verwendet:<\/p>\n<ol>\n<li>Anfordern der ID<br \/>\n<a href=\"\/images\/Explicit_Device_Identification_01.png\" rel=\"_lightbox\"><img decoding=\"async\" class=\"_alignright aligncenter\" style=\"width: 420px;\" src=\"\/images\/Explicit_Device_Identification_01.png\" alt=\"Requesting ID\" border=\"0\" \/><\/a><\/li>\n<li>Direkte ID<br \/>\n<a href=\"\/images\/Explicit_Device_Identification_02.png\" rel=\"_lightbox\"><img decoding=\"async\" class=\"_alignright aligncenter\" style=\"width: 420px;\" src=\"\/images\/Explicit_Device_Identification_02.png\" alt=\"Direct ID\" border=\"0\" \/><\/a><\/li>\n<li>Konfigurierter Stationsalias<br \/>\n<a href=\"\/images\/Explicit_Device_Identification_03.png\" rel=\"_lightbox\"><img decoding=\"async\" class=\"_alignright aligncenter\" style=\"width: 420px;\" src=\"\/images\/Explicit_Device_Identification_03.png\" alt=\"Configured station alias\" border=\"0\" \/><\/a><\/li>\n<\/ol>\n<p>Die explizite Ger\u00e4teidentifikation (Configured station alias, Requesting ID und Direct ID) ist eine moderne Art der Ger\u00e4teidentifikation. Sie ist in den meisten F\u00e4llen wesentlich schneller als die Identifikation \u00fcber EEPROM Alias. Alte Ger\u00e4te ( Ver\u00f6ffentlichung vor dem ETG 1020 Standard, 01.2016) lassen sich ausschlie\u00dflich mit EEPROM Alias identifizieren.<\/p>\n<p>Die Art der Ger\u00e4teidentifikation im Projekt wird meist durch den Mechanismus der ID-Einstellung, den das Ger\u00e4t unterst\u00fctzt, sowie durch die im Unternehmen geltenden internen Regeln bestimmt. Um die richtige Art der Identifizierung f\u00fcr Ihr Ger\u00e4t zu w\u00e4hlen, pr\u00fcfen Sie bitte die Dokumentation des Ger\u00e4ts (um Informationen dar\u00fcber zu erhalten, welche Mechanismen genau unterst\u00fctzt werden und wie man die ID einstellt) und die intern geltenden Regeln.<\/p>\n<p>Weitere Einzelheiten entnehmen Sie bitte der Master-Dokumentation.[\/vc_column_text][\/vc_column][\/vc_row]<\/p>\n","protected":false},"excerpt":{"rendered":"<p>[vc_row rtl_reverse=&#8220;&#8220;][vc_column][vc_column_text]Die EtherCAT-Technologie erm\u00f6glicht die Adressierung von Slaves auf verschiedene<span class=\"excerpt-hellip\"> [\u2026]<\/span><\/p>\n","protected":false},"author":1,"featured_media":0,"parent":3393,"menu_order":0,"comment_status":"closed","ping_status":"closed","template":"","meta":{"footnotes":""},"class_list":["post-3208","page","type-page","status-publish","hentry"],"yoast_head":"<!-- This site is optimized with the Yoast SEO Premium plugin v18.8 (Yoast SEO v27.0) - https:\/\/yoast.com\/product\/yoast-seo-premium-wordpress\/ -->\n<title>Eindeutige Ger\u00e4teidentifikation - koenig-pa GmbH<\/title>\n<meta name=\"description\" content=\"Die explizite Ger\u00e4teidentifikation (Configured station alias, Requesting ID und Direct ID) ist eine moderne Art der Ger\u00e4teidentifikation.\" \/>\n<meta name=\"robots\" content=\"index, follow, max-snippet:-1, max-image-preview:large, max-video-preview:-1\" \/>\n<link rel=\"canonical\" href=\"https:\/\/koenig-pa.de\/de\/produkte\/ethercat\/kpa-ethercat-master\/kpa-ethercat-master-stack-pakete\/eindeutige-geraeteidentifikation\/\" \/>\n<meta property=\"og:locale\" content=\"de_DE\" \/>\n<meta property=\"og:type\" content=\"article\" \/>\n<meta property=\"og:title\" content=\"Eindeutige Ger\u00e4teidentifikation\" \/>\n<meta property=\"og:description\" content=\"Die explizite Ger\u00e4teidentifikation (Configured station alias, Requesting ID und Direct ID) ist eine moderne Art der Ger\u00e4teidentifikation.\" \/>\n<meta property=\"og:url\" content=\"https:\/\/koenig-pa.de\/de\/produkte\/ethercat\/kpa-ethercat-master\/kpa-ethercat-master-stack-pakete\/eindeutige-geraeteidentifikation\/\" \/>\n<meta property=\"og:site_name\" content=\"koenig-pa GmbH\" \/>\n<meta property=\"article:modified_time\" content=\"2022-08-22T07:28:00+00:00\" \/>\n<!-- \/ Yoast SEO Premium plugin. -->","yoast_head_json":{"title":"Eindeutige Ger\u00e4teidentifikation - koenig-pa GmbH","description":"Die explizite Ger\u00e4teidentifikation (Configured station alias, Requesting ID und Direct ID) ist eine moderne Art der Ger\u00e4teidentifikation.","robots":{"index":"index","follow":"follow","max-snippet":"max-snippet:-1","max-image-preview":"max-image-preview:large","max-video-preview":"max-video-preview:-1"},"canonical":"https:\/\/koenig-pa.de\/de\/produkte\/ethercat\/kpa-ethercat-master\/kpa-ethercat-master-stack-pakete\/eindeutige-geraeteidentifikation\/","og_locale":"de_DE","og_type":"article","og_title":"Eindeutige Ger\u00e4teidentifikation","og_description":"Die explizite Ger\u00e4teidentifikation (Configured station alias, Requesting ID und Direct ID) ist eine moderne Art der Ger\u00e4teidentifikation.","og_url":"https:\/\/koenig-pa.de\/de\/produkte\/ethercat\/kpa-ethercat-master\/kpa-ethercat-master-stack-pakete\/eindeutige-geraeteidentifikation\/","og_site_name":"koenig-pa GmbH","article_modified_time":"2022-08-22T07:28:00+00:00","schema":{"@context":"https:\/\/schema.org","@graph":[{"@type":"WebPage","@id":"https:\/\/koenig-pa.de\/de\/produkte\/ethercat\/kpa-ethercat-master\/kpa-ethercat-master-stack-pakete\/eindeutige-geraeteidentifikation\/","url":"https:\/\/koenig-pa.de\/de\/produkte\/ethercat\/kpa-ethercat-master\/kpa-ethercat-master-stack-pakete\/eindeutige-geraeteidentifikation\/","name":"Eindeutige Ger\u00e4teidentifikation - koenig-pa GmbH","isPartOf":{"@id":"https:\/\/koenig-pa.de\/de\/#website"},"datePublished":"2022-02-10T09:19:07+00:00","dateModified":"2022-08-22T07:28:00+00:00","description":"Die explizite Ger\u00e4teidentifikation (Configured station alias, Requesting ID und Direct ID) ist eine moderne Art der Ger\u00e4teidentifikation.","breadcrumb":{"@id":"https:\/\/koenig-pa.de\/de\/produkte\/ethercat\/kpa-ethercat-master\/kpa-ethercat-master-stack-pakete\/eindeutige-geraeteidentifikation\/#breadcrumb"},"inLanguage":"de","potentialAction":[{"@type":"ReadAction","target":["https:\/\/koenig-pa.de\/de\/produkte\/ethercat\/kpa-ethercat-master\/kpa-ethercat-master-stack-pakete\/eindeutige-geraeteidentifikation\/"]}]},{"@type":"BreadcrumbList","@id":"https:\/\/koenig-pa.de\/de\/produkte\/ethercat\/kpa-ethercat-master\/kpa-ethercat-master-stack-pakete\/eindeutige-geraeteidentifikation\/#breadcrumb","itemListElement":[{"@type":"ListItem","position":1,"name":"Startseite","item":"https:\/\/koenig-pa.de\/de\/"},{"@type":"ListItem","position":2,"name":"Produkte","item":"https:\/\/koenig-pa.de\/de\/produkte\/"},{"@type":"ListItem","position":3,"name":"EtherCAT\u00ae Produkt \u00dcbersicht","item":"https:\/\/koenig-pa.de\/de\/produkte\/ethercat\/"},{"@type":"ListItem","position":4,"name":"KPA EtherCAT Master","item":"https:\/\/koenig-pa.de\/de\/produkte\/ethercat\/kpa-ethercat-master\/"},{"@type":"ListItem","position":5,"name":"KPA EtherCAT Master Stack Pakete","item":"https:\/\/koenig-pa.de\/de\/produkte\/ethercat\/kpa-ethercat-master\/kpa-ethercat-master-stack-pakete\/"},{"@type":"ListItem","position":6,"name":"Eindeutige Ger\u00e4teidentifikation"}]},{"@type":"WebSite","@id":"https:\/\/koenig-pa.de\/de\/#website","url":"https:\/\/koenig-pa.de\/de\/","name":"koenig-pa GmbH","description":"","potentialAction":[{"@type":"SearchAction","target":{"@type":"EntryPoint","urlTemplate":"https:\/\/koenig-pa.de\/de\/?s={search_term_string}"},"query-input":{"@type":"PropertyValueSpecification","valueRequired":true,"valueName":"search_term_string"}}],"inLanguage":"de"}]}},"_links":{"self":[{"href":"https:\/\/koenig-pa.de\/de\/wp-json\/wp\/v2\/pages\/3208","targetHints":{"allow":["GET"]}}],"collection":[{"href":"https:\/\/koenig-pa.de\/de\/wp-json\/wp\/v2\/pages"}],"about":[{"href":"https:\/\/koenig-pa.de\/de\/wp-json\/wp\/v2\/types\/page"}],"author":[{"embeddable":true,"href":"https:\/\/koenig-pa.de\/de\/wp-json\/wp\/v2\/users\/1"}],"replies":[{"embeddable":true,"href":"https:\/\/koenig-pa.de\/de\/wp-json\/wp\/v2\/comments?post=3208"}],"version-history":[{"count":2,"href":"https:\/\/koenig-pa.de\/de\/wp-json\/wp\/v2\/pages\/3208\/revisions"}],"predecessor-version":[{"id":3221,"href":"https:\/\/koenig-pa.de\/de\/wp-json\/wp\/v2\/pages\/3208\/revisions\/3221"}],"up":[{"embeddable":true,"href":"https:\/\/koenig-pa.de\/de\/wp-json\/wp\/v2\/pages\/3393"}],"wp:attachment":[{"href":"https:\/\/koenig-pa.de\/de\/wp-json\/wp\/v2\/media?parent=3208"}],"curies":[{"name":"wp","href":"https:\/\/api.w.org\/{rel}","templated":true}]}}