{"id":30,"date":"2014-03-16T17:33:42","date_gmt":"2014-03-16T16:33:42","guid":{"rendered":"http:\/\/koenig-pa.de\/wordpress\/de\/?page_id=30"},"modified":"2022-01-27T08:21:35","modified_gmt":"2022-01-27T07:21:35","slug":"impressum","status":"publish","type":"page","link":"https:\/\/koenig-pa.de\/de\/impressum\/","title":{"rendered":"Impressum"},"content":{"rendered":"<p>Angaben gem\u00e4\u00df \u00a7 5 TMG:<\/p>\n<p><strong>koenig-pa GmbH<\/strong><br \/>\nIm Talesgrund 9a<br \/>\n91207 Lauf a.d. Pegnitz<\/p>\n<p><strong>Vertreten durch:<\/strong><br \/>\nKatharina Koenig<\/p>\n<p><strong>Kontakt:<\/strong><br \/>\nTelefon: 0 91 23 \/ 78 97 64<br \/>\nTelefax: 0 91 23 \/ 96 80 36<br \/>\nE-Mail: <a title=\"E-Mail senden\" href=\"mailto:info@koenig-pa.de\">info@koenig-pa.de<\/a><\/p>\n<p><strong>Registereintrag:<\/strong><br \/>\nEintragung im Handelsregister.<br \/>\nRegistergericht: Amtsgericht N\u00fcrnberg<br \/>\nRegisternummer: HRB 23156<br \/>\nUSt-No: FA Nuremberg-Zentral 241\/130\/60979<\/p>\n<p><strong>Umsatzsteuer-ID:<\/strong><br \/>\nUmsatzsteuer-Identifikationsnummer gem\u00e4\u00df \u00a727 a Umsatzsteuergesetz:<br \/>\nDE132754899<\/p>\n<p><strong>Haftungsausschluss<\/strong><br \/>\nWir \u00fcbernehmen keine Verantwortung f\u00fcr die Inhalte externer Links auf dieser Homepage. Angaben erfolgen ohne Gew\u00e4hr f\u00fcr ihre Richtigkeit. Wir \u00fcbernehmen keinerlei Haftung f\u00fcr Verluste oder Sch\u00e4den, die auf die Nutzung der Informationen in dieser Website zur\u00fcckzuf\u00fchren sind. Den vollst\u00e4ndigen Text finden Sie unter:<br \/>\n<a title=\"Haftungsausschluss (Disclaimer)\" href=\"\/de\/haftungsausschluss\/\">Haftungsausschluss (Disclaimer)<\/a><\/p>\n","protected":false},"excerpt":{"rendered":"<p>Angaben gem\u00e4\u00df \u00a7 5 TMG: koenig-pa GmbH Im Talesgrund 9a<span class=\"excerpt-hellip\"> [\u2026]<\/span><\/p>\n","protected":false},"author":1,"featured_media":0,"parent":0,"menu_order":0,"comment_status":"closed","ping_status":"closed","template":"","meta":{"footnotes":""},"class_list":["post-30","page","type-page","status-publish","hentry"],"yoast_head":"<!-- This site is optimized with the Yoast SEO Premium plugin v18.8 (Yoast SEO v27.0) - https:\/\/yoast.com\/product\/yoast-seo-premium-wordpress\/ -->\n<title>Impressum - koenig-pa GmbH<\/title>\n<meta name=\"description\" content=\"Impressum\" \/>\n<meta name=\"robots\" content=\"index, follow, max-snippet:-1, max-image-preview:large, max-video-preview:-1\" \/>\n<link rel=\"canonical\" href=\"https:\/\/koenig-pa.de\/de\/impressum\/\" \/>\n<meta property=\"og:locale\" content=\"de_DE\" \/>\n<meta property=\"og:type\" content=\"article\" \/>\n<meta property=\"og:title\" content=\"Impressum\" \/>\n<meta property=\"og:description\" content=\"Impressum\" \/>\n<meta property=\"og:url\" content=\"https:\/\/koenig-pa.de\/de\/impressum\/\" \/>\n<meta property=\"og:site_name\" content=\"koenig-pa GmbH\" \/>\n<meta property=\"article:modified_time\" content=\"2022-01-27T07:21:35+00:00\" \/>\n<!-- \/ Yoast SEO Premium plugin. -->","yoast_head_json":{"title":"Impressum - koenig-pa GmbH","description":"Impressum","robots":{"index":"index","follow":"follow","max-snippet":"max-snippet:-1","max-image-preview":"max-image-preview:large","max-video-preview":"max-video-preview:-1"},"canonical":"https:\/\/koenig-pa.de\/de\/impressum\/","og_locale":"de_DE","og_type":"article","og_title":"Impressum","og_description":"Impressum","og_url":"https:\/\/koenig-pa.de\/de\/impressum\/","og_site_name":"koenig-pa GmbH","article_modified_time":"2022-01-27T07:21:35+00:00","schema":{"@context":"https:\/\/schema.org","@graph":[{"@type":"WebPage","@id":"https:\/\/koenig-pa.de\/de\/impressum\/","url":"https:\/\/koenig-pa.de\/de\/impressum\/","name":"Impressum - koenig-pa GmbH","isPartOf":{"@id":"https:\/\/koenig-pa.de\/de\/#website"},"datePublished":"2014-03-16T16:33:42+00:00","dateModified":"2022-01-27T07:21:35+00:00","description":"Impressum","breadcrumb":{"@id":"https:\/\/koenig-pa.de\/de\/impressum\/#breadcrumb"},"inLanguage":"de","potentialAction":[{"@type":"ReadAction","target":["https:\/\/koenig-pa.de\/de\/impressum\/"]}]},{"@type":"BreadcrumbList","@id":"https:\/\/koenig-pa.de\/de\/impressum\/#breadcrumb","itemListElement":[{"@type":"ListItem","position":1,"name":"Startseite","item":"https:\/\/koenig-pa.de\/de\/"},{"@type":"ListItem","position":2,"name":"Impressum"}]},{"@type":"WebSite","@id":"https:\/\/koenig-pa.de\/de\/#website","url":"https:\/\/koenig-pa.de\/de\/","name":"koenig-pa GmbH","description":"","potentialAction":[{"@type":"SearchAction","target":{"@type":"EntryPoint","urlTemplate":"https:\/\/koenig-pa.de\/de\/?s={search_term_string}"},"query-input":{"@type":"PropertyValueSpecification","valueRequired":true,"valueName":"search_term_string"}}],"inLanguage":"de"}]}},"_links":{"self":[{"href":"https:\/\/koenig-pa.de\/de\/wp-json\/wp\/v2\/pages\/30","targetHints":{"allow":["GET"]}}],"collection":[{"href":"https:\/\/koenig-pa.de\/de\/wp-json\/wp\/v2\/pages"}],"about":[{"href":"https:\/\/koenig-pa.de\/de\/wp-json\/wp\/v2\/types\/page"}],"author":[{"embeddable":true,"href":"https:\/\/koenig-pa.de\/de\/wp-json\/wp\/v2\/users\/1"}],"replies":[{"embeddable":true,"href":"https:\/\/koenig-pa.de\/de\/wp-json\/wp\/v2\/comments?post=30"}],"version-history":[{"count":32,"href":"https:\/\/koenig-pa.de\/de\/wp-json\/wp\/v2\/pages\/30\/revisions"}],"predecessor-version":[{"id":3201,"href":"https:\/\/koenig-pa.de\/de\/wp-json\/wp\/v2\/pages\/30\/revisions\/3201"}],"wp:attachment":[{"href":"https:\/\/koenig-pa.de\/de\/wp-json\/wp\/v2\/media?parent=30"}],"curies":[{"name":"wp","href":"https:\/\/api.w.org\/{rel}","templated":true}]}}