{"id":2802,"date":"2021-03-05T12:07:17","date_gmt":"2021-03-05T11:07:17","guid":{"rendered":"http:\/\/koenig-pa.de\/de\/?page_id=2802"},"modified":"2022-08-22T09:28:01","modified_gmt":"2022-08-22T07:28:01","slug":"hardware-timed-send","status":"publish","type":"page","link":"https:\/\/koenig-pa.de\/de\/produkte\/ethercat\/kpa-ethercat-master\/kpa-ethercat-master-stack-pakete\/hardware-timed-send\/","title":{"rendered":"Hardware timed send"},"content":{"rendered":"<p>[vc_row rtl_reverse=&#8220;&#8220;][vc_column][vc_column_text]Der KPA EtherCAT Master ab der Version 2.4 unterst\u00fctzt die Funktion &#8222;Hardware timed send&#8220;. Sie erm\u00f6glicht das Senden des zyklischen Rahmens genau zu Beginn des Master-Zyklus ohne jegliche Verz\u00f6gerungen. Normalerweise beginnt der Master mit der Vorbereitung des zyklischen Rahmens zu Beginn des Master-Zyklus. Resultierend verz\u00f6gert sich der tats\u00e4chliche Zeitpunkt der Frame-Sendung um die Zeit der Vorbereitung.<\/p>\n<p>Die Funktion des hardwaregesteuerten Sendens kann nur aktiviert werden, wenn das Zielsystem \u00fcber einen Hardware-Timer verf\u00fcgt. Bei aktiviertem hardwaregesteuertem Senden bereitet der Master die Frames im Voraus vor, bevor er den Zyklus startet, und \u00fcbergibt sie an ein Hardwaremodul (HW-Modul) auf dem Ziel. Wenn der Zyklus beginnt, sendet das HW-Modul daher nur die vorbereiteten Frames ohne Verz\u00f6gerung. Das Feature ist anwendbar f\u00fcr Zielsysteme, die auf Basis der Xilinx Zynq SoC \/ Zynq UltraScale+ MPSoC Familie, Intel FPGA Cyclone V SoC und Texas Instruments Sitara AM437x\/AM57x entwickelt wurden. Die Funktion wird als zus\u00e4tzliche Produkteigenschaft lizenziert.<\/p>\n<h2>Zeitgesteuerte Sende-Emulation<\/h2>\n<p>Verf\u00fcgt das Zielsystem \u00fcber keinen Hardware-Timer, kann das hardwaregesteuerte Senden zwar nicht aktiviert werden, allerdings kann eine Software-Emulation davon verwendet werden. Die Timed-Send-Emulation erm\u00f6glicht es, die Timed-Send-Funktionalit\u00e4t zu imitieren. Sowohl die Emulation als auch das hardwaregest\u00fctzte zeitgesteuerte Senden minimieren den Jitter beim Senden zyklischer Frames.<\/p>\n<p>Die Emulation des zeitgesteuerten Sendens bereitet die Frames ebenfalls vor, bevor der Zyklus beginnt, und \u00fcbergibt sie an einen separaten Thread (anstelle des HW-Moduls). Dieser sendet, sobald der Zyklus beginnt.<\/p>\n<p>Diese Funktion ist in allen Master-Klassen enthalten und erfordert keine zus\u00e4tzliche Lizenzierung.<\/p>\n<p><!--\n\n\n<figure class=\"_alignright aligncenter\" style=\"text-align: center; width: 300px !important;\"><a href=\"\/images\/VCOM_driver.png\" rel=\"_lightbox\"><img decoding=\"async\" class=\"__alignright\" src=\"\/images\/VCOM_driver.png\" alt=\"VCOM driver\" border=\"0\" \/><\/a>\n<em>Beispiel f\u00fcr die Implementierung von Virtual Serial COM<\/em><\/figure>\n\n\n-->[\/vc_column_text][\/vc_column][\/vc_row]<\/p>\n","protected":false},"excerpt":{"rendered":"<p>[vc_row rtl_reverse=&#8220;&#8220;][vc_column][vc_column_text]Der KPA EtherCAT Master ab der Version 2.4 unterst\u00fctzt<span class=\"excerpt-hellip\"> [\u2026]<\/span><\/p>\n","protected":false},"author":1,"featured_media":0,"parent":3393,"menu_order":0,"comment_status":"closed","ping_status":"closed","template":"","meta":{"footnotes":""},"class_list":["post-2802","page","type-page","status-publish","hentry"],"yoast_head":"<!-- This site is optimized with the Yoast SEO Premium plugin v18.8 (Yoast SEO v27.0) - https:\/\/yoast.com\/product\/yoast-seo-premium-wordpress\/ -->\n<title>Hardware timed send - koenig-pa GmbH<\/title>\n<meta name=\"robots\" content=\"index, follow, max-snippet:-1, max-image-preview:large, max-video-preview:-1\" \/>\n<link rel=\"canonical\" href=\"https:\/\/koenig-pa.de\/de\/produkte\/ethercat\/kpa-ethercat-master\/kpa-ethercat-master-stack-pakete\/hardware-timed-send\/\" \/>\n<meta property=\"og:locale\" content=\"de_DE\" \/>\n<meta property=\"og:type\" content=\"article\" \/>\n<meta property=\"og:title\" content=\"Hardware timed send\" \/>\n<meta property=\"og:description\" content=\"[vc_row rtl_reverse=&#8220;&#8220;][vc_column][vc_column_text]Der KPA EtherCAT Master ab der Version 2.4 unterst\u00fctzt [\u2026]\" \/>\n<meta property=\"og:url\" content=\"https:\/\/koenig-pa.de\/de\/produkte\/ethercat\/kpa-ethercat-master\/kpa-ethercat-master-stack-pakete\/hardware-timed-send\/\" \/>\n<meta property=\"og:site_name\" content=\"koenig-pa GmbH\" \/>\n<meta property=\"article:modified_time\" content=\"2022-08-22T07:28:01+00:00\" \/>\n<meta property=\"og:image\" content=\"https:\/\/koenig-pa.de\/de\/wp-content\/uploads\/sites\/3\/2021\/02\/kpa_master_.jpg\" \/>\n<!-- \/ Yoast SEO Premium plugin. -->","yoast_head_json":{"title":"Hardware timed send - koenig-pa GmbH","robots":{"index":"index","follow":"follow","max-snippet":"max-snippet:-1","max-image-preview":"max-image-preview:large","max-video-preview":"max-video-preview:-1"},"canonical":"https:\/\/koenig-pa.de\/de\/produkte\/ethercat\/kpa-ethercat-master\/kpa-ethercat-master-stack-pakete\/hardware-timed-send\/","og_locale":"de_DE","og_type":"article","og_title":"Hardware timed send","og_description":"[vc_row rtl_reverse=&#8220;&#8220;][vc_column][vc_column_text]Der KPA EtherCAT Master ab der Version 2.4 unterst\u00fctzt [\u2026]","og_url":"https:\/\/koenig-pa.de\/de\/produkte\/ethercat\/kpa-ethercat-master\/kpa-ethercat-master-stack-pakete\/hardware-timed-send\/","og_site_name":"koenig-pa GmbH","article_modified_time":"2022-08-22T07:28:01+00:00","og_image":[{"url":"https:\/\/koenig-pa.de\/de\/wp-content\/uploads\/sites\/3\/2021\/02\/kpa_master_.jpg","type":"","width":"","height":""}],"schema":{"@context":"https:\/\/schema.org","@graph":[{"@type":"WebPage","@id":"https:\/\/koenig-pa.de\/de\/produkte\/ethercat\/kpa-ethercat-master\/kpa-ethercat-master-stack-pakete\/hardware-timed-send\/","url":"https:\/\/koenig-pa.de\/de\/produkte\/ethercat\/kpa-ethercat-master\/kpa-ethercat-master-stack-pakete\/hardware-timed-send\/","name":"Hardware timed send - koenig-pa GmbH","isPartOf":{"@id":"https:\/\/koenig-pa.de\/de\/#website"},"datePublished":"2021-03-05T11:07:17+00:00","dateModified":"2022-08-22T07:28:01+00:00","breadcrumb":{"@id":"https:\/\/koenig-pa.de\/de\/produkte\/ethercat\/kpa-ethercat-master\/kpa-ethercat-master-stack-pakete\/hardware-timed-send\/#breadcrumb"},"inLanguage":"de","potentialAction":[{"@type":"ReadAction","target":["https:\/\/koenig-pa.de\/de\/produkte\/ethercat\/kpa-ethercat-master\/kpa-ethercat-master-stack-pakete\/hardware-timed-send\/"]}]},{"@type":"BreadcrumbList","@id":"https:\/\/koenig-pa.de\/de\/produkte\/ethercat\/kpa-ethercat-master\/kpa-ethercat-master-stack-pakete\/hardware-timed-send\/#breadcrumb","itemListElement":[{"@type":"ListItem","position":1,"name":"Startseite","item":"https:\/\/koenig-pa.de\/de\/"},{"@type":"ListItem","position":2,"name":"Produkte","item":"https:\/\/koenig-pa.de\/de\/produkte\/"},{"@type":"ListItem","position":3,"name":"EtherCAT\u00ae Produkt \u00dcbersicht","item":"https:\/\/koenig-pa.de\/de\/produkte\/ethercat\/"},{"@type":"ListItem","position":4,"name":"KPA EtherCAT Master","item":"https:\/\/koenig-pa.de\/de\/produkte\/ethercat\/kpa-ethercat-master\/"},{"@type":"ListItem","position":5,"name":"KPA EtherCAT Master Stack Pakete","item":"https:\/\/koenig-pa.de\/de\/produkte\/ethercat\/kpa-ethercat-master\/kpa-ethercat-master-stack-pakete\/"},{"@type":"ListItem","position":6,"name":"Hardware timed send"}]},{"@type":"WebSite","@id":"https:\/\/koenig-pa.de\/de\/#website","url":"https:\/\/koenig-pa.de\/de\/","name":"koenig-pa GmbH","description":"","potentialAction":[{"@type":"SearchAction","target":{"@type":"EntryPoint","urlTemplate":"https:\/\/koenig-pa.de\/de\/?s={search_term_string}"},"query-input":{"@type":"PropertyValueSpecification","valueRequired":true,"valueName":"search_term_string"}}],"inLanguage":"de"}]}},"_links":{"self":[{"href":"https:\/\/koenig-pa.de\/de\/wp-json\/wp\/v2\/pages\/2802","targetHints":{"allow":["GET"]}}],"collection":[{"href":"https:\/\/koenig-pa.de\/de\/wp-json\/wp\/v2\/pages"}],"about":[{"href":"https:\/\/koenig-pa.de\/de\/wp-json\/wp\/v2\/types\/page"}],"author":[{"embeddable":true,"href":"https:\/\/koenig-pa.de\/de\/wp-json\/wp\/v2\/users\/1"}],"replies":[{"embeddable":true,"href":"https:\/\/koenig-pa.de\/de\/wp-json\/wp\/v2\/comments?post=2802"}],"version-history":[{"count":3,"href":"https:\/\/koenig-pa.de\/de\/wp-json\/wp\/v2\/pages\/2802\/revisions"}],"predecessor-version":[{"id":3205,"href":"https:\/\/koenig-pa.de\/de\/wp-json\/wp\/v2\/pages\/2802\/revisions\/3205"}],"up":[{"embeddable":true,"href":"https:\/\/koenig-pa.de\/de\/wp-json\/wp\/v2\/pages\/3393"}],"wp:attachment":[{"href":"https:\/\/koenig-pa.de\/de\/wp-json\/wp\/v2\/media?parent=2802"}],"curies":[{"name":"wp","href":"https:\/\/api.w.org\/{rel}","templated":true}]}}