{"id":28,"date":"2014-03-16T17:33:31","date_gmt":"2014-03-16T16:33:31","guid":{"rendered":"http:\/\/koenig-pa.de\/wordpress\/de\/?page_id=28"},"modified":"2021-10-07T10:46:16","modified_gmt":"2021-10-07T08:46:16","slug":"ethercat","status":"publish","type":"page","link":"https:\/\/koenig-pa.de\/de\/produkte\/ethercat\/","title":{"rendered":"EtherCAT<sup>\u00ae<\/sup> Produkt \u00dcbersicht"},"content":{"rendered":"<p>[vc_row][vc_column][vc_column_text]<strong>EtherCAT<\/strong> ist eine von Beckhoff entwickelte offene Standard- und Protokolltechnologie zur Echtzeit-Daten\u00fcbertragung per Industrial Ethernet.<\/p>\n<p>Die Firma koenig-pa GmbH bietet diverse EtherCAT-Software f\u00fcr Entwickler im Bereich der industriellen Automatisierung an, die ihre Anwendungen und L\u00f6sungen um die M\u00f6glichkeit einer schnellen Kommunikation erweitern wollen.[\/vc_column_text][\/vc_column][\/vc_row][vc_row equal_height=&#8220;yes&#8220; content_placement=&#8220;top&#8220; rtl_reverse=&#8220;&#8220; css=&#8220;.vc_custom_1521633164757{padding-top: 20px !important;}&#8220;][vc_column width=&#8220;1\/3&#8243;][vc_raw_html]JTNDYSUyMGhyZWYlM0QlMjIlMkZkZSUyRnByb2R1a3RlJTJGZXRoZXJjYXQlMkZrcGEtZXRoZXJjYXQtbWFzdGVyJTJGJTIyJTIwY2xhc3MlM0QlMjJzZWVwcm9kJTIyJTNFJTBBJTNDZGl2JTIwY2xhc3MlM0QlMjJ2Y19jb2x1bW4taW5uZXIlMjB2Y19jdXN0b21fMTUyMjMzNDAxNzE1OSUyMHByb2Rib3hob3YlMjBwcm9kcGFkJTIyJTNFJTBBJTNDZGl2JTIwY2xhc3MlM0QlMjJ3cGJfd3JhcHBlciUyMiUzRSUwQSUwOSUzQ2RpdiUyMGNsYXNzJTNEJTIyZmxhdF9ib3glMjBub2xvZ29kJTIwbm9sb2dvZHMlMjIlM0UlMEElMDklMDklM0NkaXYlMjBjbGFzcyUzRCUyMmZsYXRfYm94X3R4dCUyMiUzRSUwQSUwOSUwOSUwOSUwOSUzQ2gyJTNFS1BBJTIwRXRoZXJDQVQlMjBNYXN0ZXIlM0MlMkZoMiUzRSUwQUtQQSUyMEV0aGVyQ0FUJTIwTWFzdGVyJTIwU3RhY2slMjAlRTIlODAlOTMlMjBIJUMzJUI2Y2hzdGUlMjBMZWlzdHVuZyUyMGYlQzMlQkNyJTIwdmVyc2NoaWVkZW5lJTIwQmV0cmllYnNzeXN0ZW1lJTIwdW5kJTIwUGxhdHRmb3JtZW4uJTBBJTA5JTNDJTJGZGl2JTNFJTA5JTBBJTA5JTNDJTJGZGl2JTNFJTBBJTNDJTJGZGl2JTNFJTBBJTNDJTJGZGl2JTNFJTBBJTNDJTJGYSUzRQ==[\/vc_raw_html][\/vc_column][vc_column width=&#8220;1\/3&#8243;][vc_raw_html]JTNDYSUyMGhyZWYlM0QlMjIlMkZkZSUyRnByb2R1a3RlJTJGZXRoZXJjYXQlMkZrcGEtZXRoZXJjYXQtc3R1ZGlvJTJGJTIyJTIwY2xhc3MlM0QlMjJzZWVwcm9kJTIyJTNFJTBBJTNDZGl2JTIwY2xhc3MlM0QlMjJ2Y19jb2x1bW4taW5uZXIlMjB2Y19jdXN0b21fMTUyMjMzNDAxNzE1OSUyMHByb2Rib3hob3YlMjBwcm9kcGFkJTIyJTNFJTBBJTNDZGl2JTIwY2xhc3MlM0QlMjJ3cGJfd3JhcHBlciUyMiUzRSUwQSUwOSUzQ2RpdiUyMGNsYXNzJTNEJTIyZmxhdF9ib3glMjBub2xvZ29kJTIwbm9sb2dvZHMlMjIlM0UlMEElMDklMDklM0NkaXYlMjBjbGFzcyUzRCUyMmZsYXRfYm94X3R4dCUyMiUzRSUwQSUwOSUwOSUwOSUwOSUzQ2gyJTNFS1BBJTIwRXRoZXJDQVQlMjBTdHVkaW8lM0MlMkZoMiUzRSUwQVdlcmt6ZXVnJTIwZiVDMyVCQ3IlMjBFdGhlckNBVCUyME1hc3RlciUyMEtvbmZpZ3VyYXRpb24lMjB1bmQlMjBEaWFnbm9zZSUyMHZvbiUyMEV0aGVyQ0FULWJhc2llcnRlbiUyME5ldHp3ZXJrZW4lMEElMDklM0MlMkZkaXYlM0UlMDklMEElMDklM0MlMkZkaXYlM0UlMEElM0MlMkZkaXYlM0UlMEElM0MlMkZkaXYlM0UlMEElM0MlMkZhJTNF[\/vc_raw_html][\/vc_column][vc_column width=&#8220;1\/3&#8243;][vc_raw_html]JTNDYSUyMGhyZWYlM0QlMjIlMkZkZSUyRnByb2R1a3RlJTJGZXRoZXJjYXQlMkZrcGEtZXRoZXJjYXQtc2xhdmUtc3RhY2slMkYlMjIlMjBjbGFzcyUzRCUyMnNlZXByb2QlMjIlM0UlMEElM0NkaXYlMjBjbGFzcyUzRCUyMnZjX2NvbHVtbi1pbm5lciUyMHZjX2N1c3RvbV8xNTIyMzM0MDE3MTU5JTIwcHJvZGJveGhvdiUyMHByb2RwYWQlMjIlM0UlMEElM0NkaXYlMjBjbGFzcyUzRCUyMndwYl93cmFwcGVyJTIyJTNFJTBBJTA5JTNDZGl2JTIwY2xhc3MlM0QlMjJmbGF0X2JveCUyMG5vbG9nb2QlMjBub2xvZ29kcyUyMiUzRSUwQSUwOSUwOSUzQ2RpdiUyMGNsYXNzJTNEJTIyZmxhdF9ib3hfdHh0JTIyJTNFJTBBJTA5JTA5JTA5JTA5JTNDaDIlM0VLUEElMjBFdGhlckNBVCUyMFNsYXZlJTIwU3RhY2slM0MlMkZoMiUzRSUwQUVpbmZhY2glMjB6dSUyMGJlZGllbmVuZGVyJTIwdW5kJTIwZiVDMyVCQ3IlMjB2ZXJzY2hpZWRlbmUlMjBCZXRyaWVic3N5c3RlbWUlMjBnZWVpZ25ldGVyJTIwRXRoZXJDQVQtU2xhdmUlMjBTdGFjayUzQyUyRnAlM0UlMEElMDklM0MlMkZkaXYlM0UlMEElMDklM0MlMkZkaXYlM0UlMEElM0MlMkZkaXYlM0UlMEElM0MlMkZkaXYlM0UlMEElM0MlMkZhJTNF[\/vc_raw_html][\/vc_column][\/vc_row][vc_row disable_element=&#8220;yes&#8220;][vc_column][vc_column_text]<\/p>\n<div style=\"margin: 0px !important;\"><!--more--><\/div>\n<div class=\"youcontainer\"><iframe loading=\"lazy\" class=\"youvideo\" src=\"\/\/www.youtube.com\/embed\/tEOT0QW1phc?rel=0\" width=\"300\" height=\"150\" frameborder=\"0\" allowfullscreen=\"allowfullscreen\"><\/iframe><\/div>\n<p style=\"font-size: 80%;\" align=\"\"><strong>KPA EtherCAT Produkte: Eingebetteter Master integriert in eine SPS Motion-L\u00f6sung<\/strong><\/p>\n<p>[\/vc_column_text][\/vc_column][\/vc_row][vc_row disable_element=&#8220;yes&#8220; el_id=&#8220;prodimg&#8220; css=&#8220;.vc_custom_1544087012776{padding-top: 40px !important;}&#8220;][vc_column width=&#8220;1\/3&#8243;][vc_column_text]<\/p>\n<p style=\"text-align: center;\"><a href=\"\/de\/produkte\/ethercat\/kpa-ethercat-master\/\"><img decoding=\"async\" class=\"imglink aligncenter\" style=\"margin-bottom: 20px;\" src=\"\/images\/logo_kpa_master_p.png\" alt=\"kpa_ethercat_studio\" width=\"px\" \/><\/a><a href=\"\/de\/produkte\/ethercat\/kpa-ethercat-master\/\">KPA EtherCAT Master<\/a><br \/>\nEtherCAT Master Stack f\u00fcr verschiedene Betriebssysteme<\/p>\n<p>[\/vc_column_text][\/vc_column][vc_column width=&#8220;1\/3&#8243;][vc_column_text]<\/p>\n<p style=\"text-align: center;\"><a href=\"\/de\/produkte\/ethercat\/kpa-ethercat-studio\/\"><img decoding=\"async\" class=\"imglink aligncenter\" style=\"margin-bottom: 20px;\" src=\"\/images\/logo_kpa_studio_p.png\" alt=\"kpa_ethercat_studio\" width=\"px\" \/><\/a><a href=\"\/de\/produkte\/ethercat\/kpa-ethercat-studio\/\">KPA EtherCAT Studio <\/a><br \/>\nWerkzeug f\u00fcr EtherCAT Master Konfiguration und Diagnose von EtherCAT-basierten Netzwerken<\/p>\n<p>[\/vc_column_text][\/vc_column][vc_column width=&#8220;1\/3&#8243;][vc_column_text]<\/p>\n<p style=\"text-align: center;\"><a href=\"\/de\/produkte\/ethercat\/kpa-ethercat-slave-stack\/\"><img decoding=\"async\" class=\"imglink aligncenter\" style=\"margin-bottom: 20px;\" src=\"\/images\/logo_kpa_slave_p.png\" alt=\"kpa_ethercat_studio\" width=\"px\" \/><\/a>Einfach zu bedienender und f\u00fcr verschiedene Betriebssysteme geeigneter<br \/>\n<a href=\"\/de\/produkte\/ethercat\/kpa-ethercat-slave-stack\/\">EtherCAT-Slave Stack<\/a><\/p>\n<p>[\/vc_column_text][\/vc_column][\/vc_row][vc_row css=&#8220;.vc_custom_1483970271155{margin-bottom: 0px !important;}&#8220;][vc_column css=&#8220;.vc_custom_1471497895200{margin-bottom: 0px !important;}&#8220;][vc_column_text css=&#8220;.vc_custom_1484123711633{margin-bottom: 0px !important;}&#8220;]<\/p>\n<p><span style=\"font-size: xx-small; text-align: center;\"> EtherCAT<span style=\"font-size: 62%; position: relative; top: -3px;\">\u00ae<\/span> ist ein eingetragenes Warenzeichen und eine patentierte Technologie unter der Lizenz von. Beckhoff Automation GmbH in Deutschland.<\/span>[\/vc_column_text][\/vc_column][\/vc_row][vc_row css_animation=&#8220;none&#8220; disable_element=&#8220;yes&#8220; el_class=&#8220;mod_win_btn&#8220;][vc_column]<div class=\"ult_row_spacer\"><div class=\"ult-sticky-anchor\"><div class=\"ult-sticky-section ult-sticky stick_win_trial\"  data-gutter= '130' data-stick_behaviour= 'stick_permanent' data-lr_position= 'right'  data-lr_value= '30px'  data-sticky_position= 'top' data-mobile='yes' data-support='no'><div class=\"ult-content-box-container \" >\t\t<div class=\"ult-content-box\" style=\"background-color:#edf1f5;box-shadow: 0px 3px 5px 0px #d9d9d9 ;padding-top:40px;padding-right:20px;padding-bottom:40px;padding-left:20px;-webkit-transition: all 700ms ease;-moz-transition: all 700ms ease;-ms-transition: all 700ms ease;-o-transition: all 700ms ease;transition: all 700ms ease;\"  data-hover_bg_color=\"#d0e4f4\"  data-hover_box_shadow=\" 0px 3px 5px 0px #d9d9d9 \"     data-bg=\"#edf1f5\" >[vc_column_text]<\/p>\n<h3 class=\"btn_h3\" style=\"text-align: center;\"><strong>Consider using our product?<\/strong><br \/>\n<strong>Get a free trial version!<\/strong><\/h3>\n<p>[\/vc_column_text]<div id=\"modal-trg-txt-wrap-4886\" class=\"ult-modal-input-wrapper ult-adjust-bottom-margin    \" data-keypress-control=\"keypress-control-enable\" data-overlay-control=\"overlay-control-enable\"><button  data-ultimate-target='#modal-trg-txt-wrap-4886 .btn-modal'  data-responsive-json-new='{\"font-size\":\"\",\"line-height\":\"\"}'  style=\"background:#506377;border-color:#506377;color:#FFFFFF; \" data-class-id=\"content-69e60533984503-82381016\" class=\"btn-modal ult-responsive btn-primary btn-modal-md overlay-show mod_win-button  ult-align-center btn-id-69e60533984503-82381016\" data-overlay-class=\"overlay-fade\"><a>Make a request<\/a><\/button><\/div>\n<div class=\"ult-overlay content-69e60533984503-82381016 mod_win\" data-class=\"content-69e60533984503-82381016\" id=\"button-click-overlay\" style=\"background:rgba(51,51,51,0.8); display:none;\">\n\t<div class=\"ult_modal ult-fade ult-small\">\n\t<div class=\"ult-overlay-close popup-top-right\" style=\"width:15px;height:15px;  \"><div class=\"ult-overlay-close-inside\">Close<\/div><\/div>\n\t\t<div id=\"ult-modal-wrap-8489\" class=\"ult_modal-content ult-hide\" style=\"border-style:solid;border-width:0px;border-radius:0px;border-color:#333333;\">\n\t\t\t<div class=\"ult_modal-header\" style=\"background:#506377;color:#333333;border-color:#333333;\">\n\t\t\t\t<h3  data-ultimate-target='#ult-modal-wrap-8489 .ult_modal-title'  data-responsive-json-new='{\"font-size\":\"\",\"line-height\":\"\"}'  class=\"ult_modal-title ult-responsive\">Request for trial<\/h3>\n\t\t\t<\/div>\n\t\t\t<div  data-ultimate-target='#ult-modal-wrap-8489 .ult_modal-body'  data-responsive-json-new='{\"font-size\":\"\",\"line-height\":\"\"}'  class=\"ult_modal-body ult-responsive ult-html\" style=\"\">\n\t\t\t\n<div class=\"wpcf7 no-js\" id=\"wpcf7-f2199-o1\" lang=\"de-DE\" dir=\"ltr\" data-wpcf7-id=\"2199\">\n<div class=\"screen-reader-response\"><p role=\"status\" aria-live=\"polite\" aria-atomic=\"true\"><\/p> <ul><\/ul><\/div>\n<form action=\"\/de\/wp-json\/wp\/v2\/pages\/28#wpcf7-f2199-o1\" method=\"post\" class=\"wpcf7-form init\" aria-label=\"Kontaktformular\" novalidate=\"novalidate\" data-status=\"init\">\n<fieldset class=\"hidden-fields-container\"><input type=\"hidden\" name=\"_wpcf7\" value=\"2199\" \/><input type=\"hidden\" name=\"_wpcf7_version\" value=\"6.1.5\" \/><input type=\"hidden\" name=\"_wpcf7_locale\" value=\"de_DE\" \/><input type=\"hidden\" name=\"_wpcf7_unit_tag\" value=\"wpcf7-f2199-o1\" \/><input type=\"hidden\" name=\"_wpcf7_container_post\" value=\"0\" \/><input type=\"hidden\" name=\"_wpcf7_posted_data_hash\" value=\"\" \/><input type=\"hidden\" name=\"_wpcf7cf_hidden_group_fields\" value=\"[]\" \/><input type=\"hidden\" name=\"_wpcf7cf_hidden_groups\" value=\"[]\" \/><input type=\"hidden\" name=\"_wpcf7cf_visible_groups\" value=\"[]\" \/><input type=\"hidden\" name=\"_wpcf7cf_repeaters\" value=\"[]\" \/><input type=\"hidden\" name=\"_wpcf7cf_steps\" value=\"{}\" \/><input type=\"hidden\" name=\"_wpcf7cf_options\" value=\"{&quot;form_id&quot;:2199,&quot;conditions&quot;:[],&quot;settings&quot;:{&quot;animation&quot;:&quot;yes&quot;,&quot;animation_intime&quot;:200,&quot;animation_outtime&quot;:200,&quot;conditions_ui&quot;:&quot;normal&quot;,&quot;notice_dismissed&quot;:false,&quot;notice_dismissed_rollback-cf7-6.1.4&quot;:true}}\" \/><input type=\"hidden\" name=\"_wpcf7_recaptcha_response\" value=\"\" \/>\n<\/fieldset>\n<div class=\"column one nomarp nfieldw\">\n\t<div class=\"column one-second\">\n\t\t<div style=\"padding:0;\">\n\t\t\t<p><label>Vorname\n\t\t\t\t\t<font color=\"red\">*\n\t\t\t\t\t<\/font><br \/>\n<span class=\"wpcf7-form-control-wrap\" data-name=\"your-name1\"><input size=\"40\" maxlength=\"400\" class=\"wpcf7-form-control wpcf7-text wpcf7-validates-as-required\" aria-required=\"true\" aria-invalid=\"false\" value=\"\" type=\"text\" name=\"your-name1\" \/><\/span> <\/label>\n\t\t\t<\/p>\n\t\t<\/div>\n\t<\/div>\n\t<div class=\"column one-second\">\n\t\t<div style=\"padding:\"0;\">\n\t\t\t<p><label>Nachname\n\t\t\t\t\t<font color=\"red\">*\n\t\t\t\t\t<\/font><br \/>\n<span class=\"wpcf7-form-control-wrap\" data-name=\"your-name2\"><input size=\"40\" maxlength=\"400\" class=\"wpcf7-form-control wpcf7-text wpcf7-validates-as-required\" aria-required=\"true\" aria-invalid=\"false\" value=\"\" type=\"text\" name=\"your-name2\" \/><\/span><\/label>\n\t\t\t<\/p>\n\t\t<\/div>\n\t<\/div>\n<\/div>\n<div class=\"column one\">\n\t<div style=\"padding:\"0;\">\n\t\t<p><label>E-Mail (gesch\u00e4ftlich)\n\t\t\t\t<font color=\"red\">*\n\t\t\t\t<\/font><br \/>\n<span class=\"wpcf7-form-control-wrap\" data-name=\"your-email\"><input size=\"40\" maxlength=\"400\" class=\"wpcf7-form-control wpcf7-email wpcf7-validates-as-required wpcf7-text wpcf7-validates-as-email\" aria-required=\"true\" aria-invalid=\"false\" value=\"\" type=\"email\" name=\"your-email\" \/><\/span> <\/label>\n\t\t<\/p>\n\t<\/div>\n<\/div>\n<div class=\"column one nomarp\">\n\t<div style=\"padding:0;\">\n\t\t<p><b>KPA Produkte\n\t\t\t\t<font color=\"red\">*\n\t\t\t\t<\/font><\/b><br \/>\n<span class=\"wpcf7-form-control-wrap\" data-name=\"productA\"><span class=\"wpcf7-form-control wpcf7-checkbox wpcf7-validates-as-required\"><span class=\"wpcf7-list-item first last\"><input type=\"checkbox\" name=\"productA[]\" value=\"Automation softPLC\" \/><span class=\"wpcf7-list-item-label\">Automation softPLC<\/span><\/span><\/span><\/span>\n\t\t<\/p>\n\t\t<div class=\"kpaapr\">\n\t\t\t<p>&#10003; KPA Automation softPLC runtime<br \/>\n&#10003; KPA Automation softPLC Studio\n\t\t\t<\/p>\n\t\t<\/div>\n\t\t<p><span class=\"wpcf7-form-control-wrap\" data-name=\"productB\"><span class=\"wpcf7-form-control wpcf7-checkbox wpcf7-validates-as-required\"><span class=\"wpcf7-list-item first last\"><input type=\"checkbox\" name=\"productB[]\" value=\"Automation HMI\/SCADA\" \/><span class=\"wpcf7-list-item-label\">Automation HMI\/SCADA<\/span><\/span><\/span><\/span>\n\t\t<\/p>\n\t\t<div class=\"kpaapr\">\n\t\t\t<p>&#10003; KPA Automation View, &#10003; KPA Automation Studio<br \/>\n&#10003; KPA Automation Data Analytics, &#10003; KPA Automation Server\n\t\t\t<\/p>\n\t\t<\/div>\n\t\t<p><span class=\"wpcf7-form-control-wrap\" data-name=\"product\"><span class=\"wpcf7-form-control wpcf7-checkbox wpcf7-validates-as-required\"><span class=\"wpcf7-list-item first\"><input type=\"checkbox\" name=\"product[]\" value=\"KPA EtherCAT Master\" \/><span class=\"wpcf7-list-item-label\">KPA EtherCAT Master<\/span><\/span><span class=\"wpcf7-list-item\"><input type=\"checkbox\" name=\"product[]\" value=\"KPA EtherCAT Studio\" \/><span class=\"wpcf7-list-item-label\">KPA EtherCAT Studio<\/span><\/span><span class=\"wpcf7-list-item\"><input type=\"checkbox\" name=\"product[]\" value=\"KPA EtherCAT Slave Stack\" \/><span class=\"wpcf7-list-item-label\">KPA EtherCAT Slave Stack<\/span><\/span><span class=\"wpcf7-list-item last\"><input type=\"checkbox\" name=\"product[]\" value=\"KPA Motion Control Library\" \/><span class=\"wpcf7-list-item-label\">KPA Motion Control Library<\/span><\/span><\/span><\/span>\n\t\t<\/p>\n\t<\/div>\n<\/div>\n<div class=\"column one\">\n\t<div style=\"padding:0;\">\n\t\t<p><label>Bemerkungen<br \/>\n<span class=\"wpcf7-form-control-wrap\" data-name=\"your-message\"><textarea cols=\"40\" rows=\"10\" maxlength=\"2000\" class=\"wpcf7-form-control wpcf7-textarea textfieldheight\" aria-invalid=\"false\" name=\"your-message\"><\/textarea><\/span> <\/label>\n\t\t<\/p>\n\t<\/div>\n<\/div>\n<div class=\"column one\">\n\t<div style=\"padding:0;\" class=\"iagree\">\n\t\t<p><span class=\"wpcf7-form-control-wrap\" data-name=\"acceptance-1\"><span class=\"wpcf7-form-control wpcf7-acceptance\"><span class=\"wpcf7-list-item\"><label><input type=\"checkbox\" name=\"acceptance-1\" value=\"1\" aria-invalid=\"false\" \/><span class=\"wpcf7-list-item-label\">Ich stimme den <a href=\"\/de\/datenschutzerklaerung\/\">Datenschutzbestimmungen<\/a> zu.<\/span><\/label><\/span><\/span><\/span>\n\t\t<\/p>\n\t<\/div>\n<\/div>\n<div class=\"column one\">\n\t<div style=\"padding:10px 0 0 0;\">\n\t\t<p><input class=\"wpcf7-form-control wpcf7-submit has-spinner\" type=\"submit\" value=\"Anfrage senden\" \/>\n\t\t<\/p>\n\t<\/div>\n<\/div>\n<div class=\"column one\">\n\t<div style=\"padding-top:0px; font-size: 70% !important; line-height: 120% !important;\">\n\t\t<p>Diese Website ist durch CAPTCHA gesch\u00fctzt und dar\u00fcber hinaus gelten die <a href=\"https:\/\/policies.google.com\/privacy\">Datenschutzbestimmungen<\/a> und <a href=\"https:\/\/policies.google.com\/terms\">Nutzungsbedingungen<\/a> von Google.\n\t\t<\/p>\n\t<\/div>\n<\/div><div class=\"wpcf7-response-output\" aria-hidden=\"true\"><\/div>\n<\/form>\n<\/div>\n\n\t\t\t<\/div>\n\t<\/div>\n\t<\/div>\n<\/div>\t\t<\/div><\/div><\/div><div class=\"ult-space\"><\/div><\/div><\/div>[\/vc_column][\/vc_row]<\/p>\n","protected":false},"excerpt":{"rendered":"<p>[vc_row][vc_column][vc_column_text]EtherCAT ist eine von Beckhoff entwickelte offene Standard- und Protokolltechnologie<span class=\"excerpt-hellip\"> [\u2026]<\/span><\/p>\n","protected":false},"author":1,"featured_media":0,"parent":1467,"menu_order":0,"comment_status":"closed","ping_status":"closed","template":"","meta":{"footnotes":""},"class_list":["post-28","page","type-page","status-publish","hentry"],"yoast_head":"<!-- This site is optimized with the Yoast SEO Premium plugin v18.8 (Yoast SEO v27.0) - https:\/\/yoast.com\/product\/yoast-seo-premium-wordpress\/ -->\n<title>EtherCAT\u00ae Produkt \u00dcbersicht - koenig-pa GmbH<\/title>\n<meta name=\"description\" content=\"KPA EtherCAT Master, KPA EtherCAT Studio, KPA EtherCAT Boards, KPA Motion for EtherCAT, KPA EtherCAT Slave Stack\" \/>\n<meta name=\"robots\" content=\"index, follow, max-snippet:-1, max-image-preview:large, max-video-preview:-1\" \/>\n<link rel=\"canonical\" href=\"https:\/\/koenig-pa.de\/de\/produkte\/ethercat\/\" \/>\n<meta property=\"og:locale\" content=\"de_DE\" \/>\n<meta property=\"og:type\" content=\"article\" \/>\n<meta property=\"og:title\" content=\"EtherCAT\u00ae Produkt \u00dcbersicht\" \/>\n<meta property=\"og:description\" content=\"KPA EtherCAT Master, KPA EtherCAT Studio, KPA EtherCAT Boards, KPA Motion for EtherCAT, KPA EtherCAT Slave Stack\" \/>\n<meta property=\"og:url\" content=\"https:\/\/koenig-pa.de\/de\/produkte\/ethercat\/\" \/>\n<meta property=\"og:site_name\" content=\"koenig-pa GmbH\" \/>\n<meta property=\"article:modified_time\" content=\"2021-10-07T08:46:16+00:00\" \/>\n<!-- \/ Yoast SEO Premium plugin. -->","yoast_head_json":{"title":"EtherCAT\u00ae Produkt \u00dcbersicht - koenig-pa GmbH","description":"KPA EtherCAT Master, KPA EtherCAT Studio, KPA EtherCAT Boards, KPA Motion for EtherCAT, KPA EtherCAT Slave Stack","robots":{"index":"index","follow":"follow","max-snippet":"max-snippet:-1","max-image-preview":"max-image-preview:large","max-video-preview":"max-video-preview:-1"},"canonical":"https:\/\/koenig-pa.de\/de\/produkte\/ethercat\/","og_locale":"de_DE","og_type":"article","og_title":"EtherCAT\u00ae Produkt \u00dcbersicht","og_description":"KPA EtherCAT Master, KPA EtherCAT Studio, KPA EtherCAT Boards, KPA Motion for EtherCAT, KPA EtherCAT Slave Stack","og_url":"https:\/\/koenig-pa.de\/de\/produkte\/ethercat\/","og_site_name":"koenig-pa GmbH","article_modified_time":"2021-10-07T08:46:16+00:00","schema":{"@context":"https:\/\/schema.org","@graph":[{"@type":"WebPage","@id":"https:\/\/koenig-pa.de\/de\/produkte\/ethercat\/","url":"https:\/\/koenig-pa.de\/de\/produkte\/ethercat\/","name":"EtherCAT\u00ae Produkt \u00dcbersicht - koenig-pa GmbH","isPartOf":{"@id":"https:\/\/koenig-pa.de\/de\/#website"},"datePublished":"2014-03-16T16:33:31+00:00","dateModified":"2021-10-07T08:46:16+00:00","description":"KPA EtherCAT Master, KPA EtherCAT Studio, KPA EtherCAT Boards, KPA Motion for EtherCAT, KPA EtherCAT Slave Stack","breadcrumb":{"@id":"https:\/\/koenig-pa.de\/de\/produkte\/ethercat\/#breadcrumb"},"inLanguage":"de","potentialAction":[{"@type":"ReadAction","target":["https:\/\/koenig-pa.de\/de\/produkte\/ethercat\/"]}]},{"@type":"BreadcrumbList","@id":"https:\/\/koenig-pa.de\/de\/produkte\/ethercat\/#breadcrumb","itemListElement":[{"@type":"ListItem","position":1,"name":"Startseite","item":"https:\/\/koenig-pa.de\/de\/"},{"@type":"ListItem","position":2,"name":"Produkte","item":"https:\/\/koenig-pa.de\/de\/produkte\/"},{"@type":"ListItem","position":3,"name":"EtherCAT\u00ae Produkt \u00dcbersicht"}]},{"@type":"WebSite","@id":"https:\/\/koenig-pa.de\/de\/#website","url":"https:\/\/koenig-pa.de\/de\/","name":"koenig-pa GmbH","description":"","potentialAction":[{"@type":"SearchAction","target":{"@type":"EntryPoint","urlTemplate":"https:\/\/koenig-pa.de\/de\/?s={search_term_string}"},"query-input":{"@type":"PropertyValueSpecification","valueRequired":true,"valueName":"search_term_string"}}],"inLanguage":"de"}]}},"_links":{"self":[{"href":"https:\/\/koenig-pa.de\/de\/wp-json\/wp\/v2\/pages\/28","targetHints":{"allow":["GET"]}}],"collection":[{"href":"https:\/\/koenig-pa.de\/de\/wp-json\/wp\/v2\/pages"}],"about":[{"href":"https:\/\/koenig-pa.de\/de\/wp-json\/wp\/v2\/types\/page"}],"author":[{"embeddable":true,"href":"https:\/\/koenig-pa.de\/de\/wp-json\/wp\/v2\/users\/1"}],"replies":[{"embeddable":true,"href":"https:\/\/koenig-pa.de\/de\/wp-json\/wp\/v2\/comments?post=28"}],"version-history":[{"count":66,"href":"https:\/\/koenig-pa.de\/de\/wp-json\/wp\/v2\/pages\/28\/revisions"}],"predecessor-version":[{"id":2947,"href":"https:\/\/koenig-pa.de\/de\/wp-json\/wp\/v2\/pages\/28\/revisions\/2947"}],"up":[{"embeddable":true,"href":"https:\/\/koenig-pa.de\/de\/wp-json\/wp\/v2\/pages\/1467"}],"wp:attachment":[{"href":"https:\/\/koenig-pa.de\/de\/wp-json\/wp\/v2\/media?parent=28"}],"curies":[{"name":"wp","href":"https:\/\/api.w.org\/{rel}","templated":true}]}}