{"id":2691,"date":"2020-08-25T09:51:35","date_gmt":"2020-08-25T07:51:35","guid":{"rendered":"http:\/\/koenig-pa.de\/de\/?page_id=2691"},"modified":"2022-08-22T09:28:02","modified_gmt":"2022-08-22T07:28:02","slug":"hot-connect","status":"publish","type":"page","link":"https:\/\/koenig-pa.de\/de\/produkte\/ethercat\/kpa-ethercat-master\/kpa-ethercat-master-stack-pakete\/hot-connect\/","title":{"rendered":"Hot Connect"},"content":{"rendered":"<p>[vc_row rtl_reverse=&#8220;&#8220;][vc_column][vc_column_text]<strong>Die Hot-Connect-Funktion<\/strong> erm\u00f6glicht die flexible Anbindung zus\u00e4tzlicher Ger\u00e4te. Wahlweise k\u00f6nnen sie vor dem Start oder w\u00e4hrend des Betriebs des Systems aus dem Datenverkehr entfernt oder hinzugef\u00fcgt werden. Dabei wird die Gesamtfunktionalit\u00e4t nicht beeintr\u00e4chtigt. Dies wird als &#8222;<strong>flexible Topologie<\/strong>&#8220; oder Hot Connect bezeichnet.<br \/>\n<a href=\"\/images\/hot_connect.png\" rel=\"_lightbox\"><img decoding=\"async\" class=\"_alignright aligncenter\" style=\"width: 420px;\" src=\"\/images\/hot_connect.png\" alt=\"Hot Connect\" border=\"0\" \/><\/a><\/p>\n<p>Es handelt sich hierbei um das erweiterte Feature des <a href=\"\/de\/produkte\/ethercat\/kpa-ethercat-master\/\">KPA EtherCAT Master Stack<\/a>, der in der Premium-Klasse verf\u00fcgbar ist. Hot-Connect erm\u00f6glicht die Handhabung einer beliebigen Anzahl von Modulen, d.h. die Erstellung <strong>skalierbarer Modelle<\/strong>. Neu hinzugef\u00fcgte Slaves werden automatisch in den Betriebszustand geschaltet.<\/p>\n<p>Dieses Feature ist in den folgenden F\u00e4llen am wirkungsvollsten:<\/p>\n<ul>\n<li>Produktionsprozesse, die periodische Messungen von Parametern wie Temperatur, Druck usw. erfordern<\/li>\n<li>Gro\u00dfe Systeme, die in Klassen eingeteilt sind<\/li>\n<li>Anwendungen, in denen h\u00e4ufig Topologie\u00e4nderungen vorgenommen werden<\/li>\n<\/ul>\n<p>Ger\u00e4te mit Hot-Connect-Konnektivit\u00e4t k\u00f6nnen sowohl als einzelne Slaves (Antriebe, Terminals, Sensoren, Positionsgeber usw.) als auch als Gruppen von Slaves (Koppler und Terminals) konfiguriert werden. Hierbei wird dringend empfohlen, die <a href=\"\/de\/produkte\/ethercat\/kpa-ethercat-master\/eindeutige-geraeteidentifikation\/\">Ger\u00e4teidentifikation<\/a> zur korrekten Erkennung von Hot-Connect-Slaves zu verwenden. Um zum Beispiel Slaves mit demselben Hersteller, Produktcode und derselben Revisionsnummer zu bestimmen, hilft die Ger\u00e4teidentifikation, den richtigen Slave f\u00fcr die jeweilige Funktion zu finden. Es ist dabei zu beachten, dass nach der Herstellung einer Verbindung zu einer Hot-Connect-Gruppe einige zus\u00e4tzliche Busaktivit\u00e4ten ausgef\u00fchrt werden, was zu einer Verz\u00f6gerung von einigen Sekunden f\u00fchren kann. Zu diesen Aktivit\u00e4ten geh\u00f6ren die folgenden:<\/p>\n<ul>\n<li>Herstellung einer Ethernet-Verbindung<\/li>\n<li>Ger\u00e4te-Parametrisierung<\/li>\n<li>Umschalten in den OP-Zustand<\/li>\n<li>Synchronisierung der verteilten Uhren (falls erforderlich).<\/li>\n<\/ul>\n<p>Somit ist die erhebliche <strong>Reduzierung der Software\/Hardware-Wartung und -Entwicklung<\/strong> einer der unbestreitbaren Hot-Connect-Vorteile.<\/p>\n<div style=\"padding-bottom: 30px;\"><\/div>\n<p>[\/vc_column_text][\/vc_column][\/vc_row]<\/p>\n","protected":false},"excerpt":{"rendered":"<p>[vc_row rtl_reverse=&#8220;&#8220;][vc_column][vc_column_text]Die Hot-Connect-Funktion erm\u00f6glicht die flexible Anbindung zus\u00e4tzlicher Ger\u00e4te. Wahlweise<span class=\"excerpt-hellip\"> [\u2026]<\/span><\/p>\n","protected":false},"author":1,"featured_media":0,"parent":3393,"menu_order":0,"comment_status":"closed","ping_status":"closed","template":"","meta":{"footnotes":""},"class_list":["post-2691","page","type-page","status-publish","hentry"],"yoast_head":"<!-- This site is optimized with the Yoast SEO Premium plugin v18.8 (Yoast SEO v27.0) - https:\/\/yoast.com\/product\/yoast-seo-premium-wordpress\/ -->\n<title>Hot Connect - koenig-pa GmbH<\/title>\n<meta name=\"robots\" content=\"index, follow, max-snippet:-1, max-image-preview:large, max-video-preview:-1\" \/>\n<link rel=\"canonical\" href=\"https:\/\/koenig-pa.de\/de\/produkte\/ethercat\/kpa-ethercat-master\/kpa-ethercat-master-stack-pakete\/hot-connect\/\" \/>\n<meta property=\"og:locale\" content=\"de_DE\" \/>\n<meta property=\"og:type\" content=\"article\" \/>\n<meta property=\"og:title\" content=\"Hot Connect\" \/>\n<meta property=\"og:description\" content=\"[vc_row rtl_reverse=&#8220;&#8220;][vc_column][vc_column_text]Die Hot-Connect-Funktion erm\u00f6glicht die flexible Anbindung zus\u00e4tzlicher Ger\u00e4te. Wahlweise [\u2026]\" \/>\n<meta property=\"og:url\" content=\"https:\/\/koenig-pa.de\/de\/produkte\/ethercat\/kpa-ethercat-master\/kpa-ethercat-master-stack-pakete\/hot-connect\/\" \/>\n<meta property=\"og:site_name\" content=\"koenig-pa GmbH\" \/>\n<meta property=\"article:modified_time\" content=\"2022-08-22T07:28:02+00:00\" \/>\n<!-- \/ Yoast SEO Premium plugin. -->","yoast_head_json":{"title":"Hot Connect - koenig-pa GmbH","robots":{"index":"index","follow":"follow","max-snippet":"max-snippet:-1","max-image-preview":"max-image-preview:large","max-video-preview":"max-video-preview:-1"},"canonical":"https:\/\/koenig-pa.de\/de\/produkte\/ethercat\/kpa-ethercat-master\/kpa-ethercat-master-stack-pakete\/hot-connect\/","og_locale":"de_DE","og_type":"article","og_title":"Hot Connect","og_description":"[vc_row rtl_reverse=&#8220;&#8220;][vc_column][vc_column_text]Die Hot-Connect-Funktion erm\u00f6glicht die flexible Anbindung zus\u00e4tzlicher Ger\u00e4te. Wahlweise [\u2026]","og_url":"https:\/\/koenig-pa.de\/de\/produkte\/ethercat\/kpa-ethercat-master\/kpa-ethercat-master-stack-pakete\/hot-connect\/","og_site_name":"koenig-pa GmbH","article_modified_time":"2022-08-22T07:28:02+00:00","schema":{"@context":"https:\/\/schema.org","@graph":[{"@type":"WebPage","@id":"https:\/\/koenig-pa.de\/de\/produkte\/ethercat\/kpa-ethercat-master\/kpa-ethercat-master-stack-pakete\/hot-connect\/","url":"https:\/\/koenig-pa.de\/de\/produkte\/ethercat\/kpa-ethercat-master\/kpa-ethercat-master-stack-pakete\/hot-connect\/","name":"Hot Connect - koenig-pa GmbH","isPartOf":{"@id":"https:\/\/koenig-pa.de\/de\/#website"},"datePublished":"2020-08-25T07:51:35+00:00","dateModified":"2022-08-22T07:28:02+00:00","breadcrumb":{"@id":"https:\/\/koenig-pa.de\/de\/produkte\/ethercat\/kpa-ethercat-master\/kpa-ethercat-master-stack-pakete\/hot-connect\/#breadcrumb"},"inLanguage":"de","potentialAction":[{"@type":"ReadAction","target":["https:\/\/koenig-pa.de\/de\/produkte\/ethercat\/kpa-ethercat-master\/kpa-ethercat-master-stack-pakete\/hot-connect\/"]}]},{"@type":"BreadcrumbList","@id":"https:\/\/koenig-pa.de\/de\/produkte\/ethercat\/kpa-ethercat-master\/kpa-ethercat-master-stack-pakete\/hot-connect\/#breadcrumb","itemListElement":[{"@type":"ListItem","position":1,"name":"Startseite","item":"https:\/\/koenig-pa.de\/de\/"},{"@type":"ListItem","position":2,"name":"Produkte","item":"https:\/\/koenig-pa.de\/de\/produkte\/"},{"@type":"ListItem","position":3,"name":"EtherCAT\u00ae Produkt \u00dcbersicht","item":"https:\/\/koenig-pa.de\/de\/produkte\/ethercat\/"},{"@type":"ListItem","position":4,"name":"KPA EtherCAT Master","item":"https:\/\/koenig-pa.de\/de\/produkte\/ethercat\/kpa-ethercat-master\/"},{"@type":"ListItem","position":5,"name":"KPA EtherCAT Master Stack Pakete","item":"https:\/\/koenig-pa.de\/de\/produkte\/ethercat\/kpa-ethercat-master\/kpa-ethercat-master-stack-pakete\/"},{"@type":"ListItem","position":6,"name":"Hot Connect"}]},{"@type":"WebSite","@id":"https:\/\/koenig-pa.de\/de\/#website","url":"https:\/\/koenig-pa.de\/de\/","name":"koenig-pa GmbH","description":"","potentialAction":[{"@type":"SearchAction","target":{"@type":"EntryPoint","urlTemplate":"https:\/\/koenig-pa.de\/de\/?s={search_term_string}"},"query-input":{"@type":"PropertyValueSpecification","valueRequired":true,"valueName":"search_term_string"}}],"inLanguage":"de"}]}},"_links":{"self":[{"href":"https:\/\/koenig-pa.de\/de\/wp-json\/wp\/v2\/pages\/2691","targetHints":{"allow":["GET"]}}],"collection":[{"href":"https:\/\/koenig-pa.de\/de\/wp-json\/wp\/v2\/pages"}],"about":[{"href":"https:\/\/koenig-pa.de\/de\/wp-json\/wp\/v2\/types\/page"}],"author":[{"embeddable":true,"href":"https:\/\/koenig-pa.de\/de\/wp-json\/wp\/v2\/users\/1"}],"replies":[{"embeddable":true,"href":"https:\/\/koenig-pa.de\/de\/wp-json\/wp\/v2\/comments?post=2691"}],"version-history":[{"count":4,"href":"https:\/\/koenig-pa.de\/de\/wp-json\/wp\/v2\/pages\/2691\/revisions"}],"predecessor-version":[{"id":3227,"href":"https:\/\/koenig-pa.de\/de\/wp-json\/wp\/v2\/pages\/2691\/revisions\/3227"}],"up":[{"embeddable":true,"href":"https:\/\/koenig-pa.de\/de\/wp-json\/wp\/v2\/pages\/3393"}],"wp:attachment":[{"href":"https:\/\/koenig-pa.de\/de\/wp-json\/wp\/v2\/media?parent=2691"}],"curies":[{"name":"wp","href":"https:\/\/api.w.org\/{rel}","templated":true}]}}