{"id":2613,"date":"2020-03-05T07:49:58","date_gmt":"2020-03-05T06:49:58","guid":{"rendered":"http:\/\/koenig-pa.de\/de\/?page_id=2613"},"modified":"2022-08-22T09:28:10","modified_gmt":"2022-08-22T07:28:10","slug":"vcom-treiber","status":"publish","type":"page","link":"https:\/\/koenig-pa.de\/de\/produkte\/ethercat\/kpa-ethercat-master\/kpa-ethercat-master-stack-pakete\/vcom-treiber\/","title":{"rendered":"VCOM-Treiber"},"content":{"rendered":"<p>[vc_row rtl_reverse=&#8220;&#8220;][vc_column][vc_column_text]koenig-pa bietet eine einfache M\u00f6glichkeit des Datenaustausches mit Ger\u00e4ten mit einer seriellen Schnittstelle (RS232\/RS422\/RS485), wenn auf dem Ziel-PC kein serieller COM-Port vorhanden ist. Zum Beispiel um mit einem QR-Scanner zu kommunizieren, oder verschiedene Sensoren, um Druck\/ Temperatur\/ Feuchtigkeit und so weiter zu messen.<\/p>\n<p>Das serielle Schnittstellenterminal wird als normale Windows-COM-Schnittstelle verwendet. In Verbindung mit dem KPA Virtual Serial COM-Treiber und dem KPA EtherCAT Master kann ein Benutzer mit einem seriellen Ger\u00e4t aus seiner Windows-Anwendung \u00fcber einen virtuellen COM-Port kommunizieren. Der Master \u00fcbertr\u00e4gt die von der seriellen Schnittstelle erhaltenen Daten an die Anwendung und umgekehrt.<\/p>\n<figure class=\"_alignright aligncenter\" style=\"text-align: center; width: 303px !important;\"><a href=\"\/images\/VCOM_driver.png\" rel=\"_lightbox\"><img decoding=\"async\" class=\"__alignright\" src=\"\/images\/VCOM_driver.png\" alt=\"VCOM driver\" border=\"0\" \/><\/a><br \/>\n<em>Beispiel f\u00fcr die Implementierung von Virtual Serial COM<\/em><\/figure>\n<p>Die Liste der unterst\u00fctzten Terminals:<\/p>\n<ul>\n<li>EL6001\/EL6021<\/li>\n<li>EL6002\/EL6022<\/li>\n<li>WAGO 750-650\/750-652\/750-653 Module<\/li>\n<\/ul>\n<p>Das serielle Schnittstellenterminal erm\u00f6glicht den Anschluss an ein serielles Ger\u00e4t. Um das Terminal zu konfigurieren, bietet KPA das Virtual Serial COM Plug-in. Es erm\u00f6glicht dem Benutzer, die Verwendung der seriellen Schnittstelle zu aktivieren, die erforderlichen COM-Einstellungen festzulegen und die Nummer des virtuellen COM-Ports zuzuweisen, der f\u00fcr die Kommunikation verwendet werden soll. Der KPA Virtual COM Treiber ist f\u00fcr die Betriebssysteme Windows, INtime und RTX64 verf\u00fcgbar. Der virtuelle COM-Treiber von KPA wird als separates Modul bereitgestellt und kann unabh\u00e4ngig vom Master installiert werden. Es ist keine zus\u00e4tzliche Konfiguration mit COM-Einstellungen (Baudrate, Datenbits, Parit\u00e4t usw.) erforderlich.[\/vc_column_text][\/vc_column][\/vc_row]<\/p>\n","protected":false},"excerpt":{"rendered":"<p>[vc_row rtl_reverse=&#8220;&#8220;][vc_column][vc_column_text]koenig-pa bietet eine einfache M\u00f6glichkeit des Datenaustausches mit Ger\u00e4ten<span class=\"excerpt-hellip\"> [\u2026]<\/span><\/p>\n","protected":false},"author":1,"featured_media":0,"parent":3393,"menu_order":0,"comment_status":"closed","ping_status":"closed","template":"","meta":{"footnotes":""},"class_list":["post-2613","page","type-page","status-publish","hentry"],"yoast_head":"<!-- This site is optimized with the Yoast SEO Premium plugin v18.8 (Yoast SEO v27.0) - https:\/\/yoast.com\/product\/yoast-seo-premium-wordpress\/ -->\n<title>VCOM-Treiber - koenig-pa GmbH<\/title>\n<meta name=\"robots\" content=\"index, follow, max-snippet:-1, max-image-preview:large, max-video-preview:-1\" \/>\n<link rel=\"canonical\" href=\"https:\/\/koenig-pa.de\/de\/produkte\/ethercat\/kpa-ethercat-master\/kpa-ethercat-master-stack-pakete\/vcom-treiber\/\" \/>\n<meta property=\"og:locale\" content=\"de_DE\" \/>\n<meta property=\"og:type\" content=\"article\" \/>\n<meta property=\"og:title\" content=\"VCOM-Treiber\" \/>\n<meta property=\"og:description\" content=\"[vc_row rtl_reverse=&#8220;&#8220;][vc_column][vc_column_text]koenig-pa bietet eine einfache M\u00f6glichkeit des Datenaustausches mit Ger\u00e4ten [\u2026]\" \/>\n<meta property=\"og:url\" content=\"https:\/\/koenig-pa.de\/de\/produkte\/ethercat\/kpa-ethercat-master\/kpa-ethercat-master-stack-pakete\/vcom-treiber\/\" \/>\n<meta property=\"og:site_name\" content=\"koenig-pa GmbH\" \/>\n<meta property=\"article:modified_time\" content=\"2022-08-22T07:28:10+00:00\" \/>\n<!-- \/ Yoast SEO Premium plugin. -->","yoast_head_json":{"title":"VCOM-Treiber - koenig-pa GmbH","robots":{"index":"index","follow":"follow","max-snippet":"max-snippet:-1","max-image-preview":"max-image-preview:large","max-video-preview":"max-video-preview:-1"},"canonical":"https:\/\/koenig-pa.de\/de\/produkte\/ethercat\/kpa-ethercat-master\/kpa-ethercat-master-stack-pakete\/vcom-treiber\/","og_locale":"de_DE","og_type":"article","og_title":"VCOM-Treiber","og_description":"[vc_row rtl_reverse=&#8220;&#8220;][vc_column][vc_column_text]koenig-pa bietet eine einfache M\u00f6glichkeit des Datenaustausches mit Ger\u00e4ten [\u2026]","og_url":"https:\/\/koenig-pa.de\/de\/produkte\/ethercat\/kpa-ethercat-master\/kpa-ethercat-master-stack-pakete\/vcom-treiber\/","og_site_name":"koenig-pa GmbH","article_modified_time":"2022-08-22T07:28:10+00:00","schema":{"@context":"https:\/\/schema.org","@graph":[{"@type":"WebPage","@id":"https:\/\/koenig-pa.de\/de\/produkte\/ethercat\/kpa-ethercat-master\/kpa-ethercat-master-stack-pakete\/vcom-treiber\/","url":"https:\/\/koenig-pa.de\/de\/produkte\/ethercat\/kpa-ethercat-master\/kpa-ethercat-master-stack-pakete\/vcom-treiber\/","name":"VCOM-Treiber - koenig-pa GmbH","isPartOf":{"@id":"https:\/\/koenig-pa.de\/de\/#website"},"datePublished":"2020-03-05T06:49:58+00:00","dateModified":"2022-08-22T07:28:10+00:00","breadcrumb":{"@id":"https:\/\/koenig-pa.de\/de\/produkte\/ethercat\/kpa-ethercat-master\/kpa-ethercat-master-stack-pakete\/vcom-treiber\/#breadcrumb"},"inLanguage":"de","potentialAction":[{"@type":"ReadAction","target":["https:\/\/koenig-pa.de\/de\/produkte\/ethercat\/kpa-ethercat-master\/kpa-ethercat-master-stack-pakete\/vcom-treiber\/"]}]},{"@type":"BreadcrumbList","@id":"https:\/\/koenig-pa.de\/de\/produkte\/ethercat\/kpa-ethercat-master\/kpa-ethercat-master-stack-pakete\/vcom-treiber\/#breadcrumb","itemListElement":[{"@type":"ListItem","position":1,"name":"Startseite","item":"https:\/\/koenig-pa.de\/de\/"},{"@type":"ListItem","position":2,"name":"Produkte","item":"https:\/\/koenig-pa.de\/de\/produkte\/"},{"@type":"ListItem","position":3,"name":"EtherCAT\u00ae Produkt \u00dcbersicht","item":"https:\/\/koenig-pa.de\/de\/produkte\/ethercat\/"},{"@type":"ListItem","position":4,"name":"KPA EtherCAT Master","item":"https:\/\/koenig-pa.de\/de\/produkte\/ethercat\/kpa-ethercat-master\/"},{"@type":"ListItem","position":5,"name":"KPA EtherCAT Master Stack Pakete","item":"https:\/\/koenig-pa.de\/de\/produkte\/ethercat\/kpa-ethercat-master\/kpa-ethercat-master-stack-pakete\/"},{"@type":"ListItem","position":6,"name":"VCOM-Treiber"}]},{"@type":"WebSite","@id":"https:\/\/koenig-pa.de\/de\/#website","url":"https:\/\/koenig-pa.de\/de\/","name":"koenig-pa GmbH","description":"","potentialAction":[{"@type":"SearchAction","target":{"@type":"EntryPoint","urlTemplate":"https:\/\/koenig-pa.de\/de\/?s={search_term_string}"},"query-input":{"@type":"PropertyValueSpecification","valueRequired":true,"valueName":"search_term_string"}}],"inLanguage":"de"}]}},"_links":{"self":[{"href":"https:\/\/koenig-pa.de\/de\/wp-json\/wp\/v2\/pages\/2613","targetHints":{"allow":["GET"]}}],"collection":[{"href":"https:\/\/koenig-pa.de\/de\/wp-json\/wp\/v2\/pages"}],"about":[{"href":"https:\/\/koenig-pa.de\/de\/wp-json\/wp\/v2\/types\/page"}],"author":[{"embeddable":true,"href":"https:\/\/koenig-pa.de\/de\/wp-json\/wp\/v2\/users\/1"}],"replies":[{"embeddable":true,"href":"https:\/\/koenig-pa.de\/de\/wp-json\/wp\/v2\/comments?post=2613"}],"version-history":[{"count":6,"href":"https:\/\/koenig-pa.de\/de\/wp-json\/wp\/v2\/pages\/2613\/revisions"}],"predecessor-version":[{"id":3249,"href":"https:\/\/koenig-pa.de\/de\/wp-json\/wp\/v2\/pages\/2613\/revisions\/3249"}],"up":[{"embeddable":true,"href":"https:\/\/koenig-pa.de\/de\/wp-json\/wp\/v2\/pages\/3393"}],"wp:attachment":[{"href":"https:\/\/koenig-pa.de\/de\/wp-json\/wp\/v2\/media?parent=2613"}],"curies":[{"name":"wp","href":"https:\/\/api.w.org\/{rel}","templated":true}]}}