{"id":2611,"date":"2020-03-05T07:47:43","date_gmt":"2020-03-05T06:47:43","guid":{"rendered":"http:\/\/koenig-pa.de\/de\/?page_id=2611"},"modified":"2024-11-29T13:58:21","modified_gmt":"2024-11-29T12:58:21","slug":"prozess-abbild-logger","status":"publish","type":"page","link":"https:\/\/koenig-pa.de\/de\/produkte\/ethercat\/kpa-ethercat-master\/kpa-ethercat-master-stack-pakete\/prozess-abbild-logger\/","title":{"rendered":"Prozess-Abbild-Logger"},"content":{"rendered":"<p>[vc_row][vc_column][vc_column_text]Der Process image (PI) logger (Prozessabbild-Logger) erm\u00f6glicht die Erfassung von Echtzeitdaten zur \u00dcbertragung auf andere Ebenen, ohne Einfluss auf das Echtzeitverhalten des Steuerungssystems zu nehmen. Daten k\u00f6nnen an MATLAB, LabView (TDMS-Format) und jedes andere Analysewerkzeug \u00fcbertragen werden.<\/p>\n<p>Durch die Verwendung mehrerer PI-Clients ist es nun m\u00f6glich, \u00c4nderungen beliebiger PI-Variablen im Laufzeitmodus mit Hilfe des Runtime Data Logger-Tools im <a href=\"\/de\/produkte\/ethercat\/kpa-ethercat-studio\/\">KPA EtherCAT Studio<\/a> zu \u00fcberwachen. Der Master erfasst Momentaufnahmen von vordefinierten PI-Variablen (Benutzer-, Slave- oder Master-Dienste usw.) bei einem (vordefinierten) gew\u00fcnschten Ereignis, speichert dann mehrere Momentaufnahmen in einem Puffer und sendet diese an das Studio. Der Benutzer kann \u00c4nderungen der Variablen mit dem Run-Time Data Logger-Tool (im Studio) analysieren, wo sie in einer Diagrammansicht dargestellt werden.<\/p>\n<figure class=\"_alignright aligncenter\" style=\"text-align: center;\"><a href=\"\/images\/Process_Image_logger_1.png\" rel=\"_lightbox\"><img decoding=\"async\" class=\"__alignright\" src=\"\/images\/Process_Image_logger_1.png\" alt=\"Online configuration\" border=\"0\" \/><\/a><br \/>\n<em>Beispiel f\u00fcr ein Variablendiagramm im Runtime Data Logger<\/em><\/figure>\n<p>Dar\u00fcber hinaus hat die koenig-pa GmbH eine spezielle Python Interface Library-Erweiterung entwickelt, die es erlaubt, Daten zur Weiterverarbeitung in eine Datei beliebigen Formats, z.B. eine CSV-Datei, zu \u00fcberf\u00fchren.<\/p>\n<figure class=\"_alignright aligncenter\" style=\"text-align: center;\"><a href=\"\/images\/Process_Image_logger_2.png\" rel=\"_lightbox\"><img decoding=\"async\" class=\"__alignright\" src=\"\/images\/Process_Image_logger_2.png\" alt=\"Online configuration\" border=\"0\" \/><\/a><br \/>\n<em>Beispiel f\u00fcr die Integration von PI-Daten in MATLAB<\/em><\/figure>\n<figure class=\"_alignright aligncenter\" style=\"text-align: center;\"><a href=\"\/images\/Process_Image_logger_3.png\" rel=\"_lightbox\"><img decoding=\"async\" class=\"__alignright\" src=\"\/images\/Process_Image_logger_3.png\" alt=\"Online configuration\" border=\"0\" \/><\/a><br \/>\n<em>Beispiel f\u00fcr die Integration von PI-Daten in Python<\/em><\/figure>\n<p>[\/vc_column_text][\/vc_column][\/vc_row]<\/p>\n","protected":false},"excerpt":{"rendered":"<p>[vc_row][vc_column][vc_column_text]Der Process image (PI) logger (Prozessabbild-Logger) erm\u00f6glicht die Erfassung von<span class=\"excerpt-hellip\"> [\u2026]<\/span><\/p>\n","protected":false},"author":1,"featured_media":0,"parent":3393,"menu_order":0,"comment_status":"closed","ping_status":"closed","template":"","meta":{"footnotes":""},"class_list":["post-2611","page","type-page","status-publish","hentry"],"yoast_head":"<!-- This site is optimized with the Yoast SEO Premium plugin v18.8 (Yoast SEO v27.0) - https:\/\/yoast.com\/product\/yoast-seo-premium-wordpress\/ -->\n<title>Prozess-Abbild-Logger - koenig-pa GmbH<\/title>\n<meta name=\"robots\" content=\"index, follow, max-snippet:-1, max-image-preview:large, max-video-preview:-1\" \/>\n<link rel=\"canonical\" href=\"https:\/\/koenig-pa.de\/de\/produkte\/ethercat\/kpa-ethercat-master\/kpa-ethercat-master-stack-pakete\/prozess-abbild-logger\/\" \/>\n<meta property=\"og:locale\" content=\"de_DE\" \/>\n<meta property=\"og:type\" content=\"article\" \/>\n<meta property=\"og:title\" content=\"Prozess-Abbild-Logger\" \/>\n<meta property=\"og:description\" content=\"[vc_row][vc_column][vc_column_text]Der Process image (PI) logger (Prozessabbild-Logger) erm\u00f6glicht die Erfassung von [\u2026]\" \/>\n<meta property=\"og:url\" content=\"https:\/\/koenig-pa.de\/de\/produkte\/ethercat\/kpa-ethercat-master\/kpa-ethercat-master-stack-pakete\/prozess-abbild-logger\/\" \/>\n<meta property=\"og:site_name\" content=\"koenig-pa GmbH\" \/>\n<meta property=\"article:modified_time\" content=\"2024-11-29T12:58:21+00:00\" \/>\n<!-- \/ Yoast SEO Premium plugin. -->","yoast_head_json":{"title":"Prozess-Abbild-Logger - koenig-pa GmbH","robots":{"index":"index","follow":"follow","max-snippet":"max-snippet:-1","max-image-preview":"max-image-preview:large","max-video-preview":"max-video-preview:-1"},"canonical":"https:\/\/koenig-pa.de\/de\/produkte\/ethercat\/kpa-ethercat-master\/kpa-ethercat-master-stack-pakete\/prozess-abbild-logger\/","og_locale":"de_DE","og_type":"article","og_title":"Prozess-Abbild-Logger","og_description":"[vc_row][vc_column][vc_column_text]Der Process image (PI) logger (Prozessabbild-Logger) erm\u00f6glicht die Erfassung von [\u2026]","og_url":"https:\/\/koenig-pa.de\/de\/produkte\/ethercat\/kpa-ethercat-master\/kpa-ethercat-master-stack-pakete\/prozess-abbild-logger\/","og_site_name":"koenig-pa GmbH","article_modified_time":"2024-11-29T12:58:21+00:00","schema":{"@context":"https:\/\/schema.org","@graph":[{"@type":"WebPage","@id":"https:\/\/koenig-pa.de\/de\/produkte\/ethercat\/kpa-ethercat-master\/kpa-ethercat-master-stack-pakete\/prozess-abbild-logger\/","url":"https:\/\/koenig-pa.de\/de\/produkte\/ethercat\/kpa-ethercat-master\/kpa-ethercat-master-stack-pakete\/prozess-abbild-logger\/","name":"Prozess-Abbild-Logger - koenig-pa GmbH","isPartOf":{"@id":"https:\/\/koenig-pa.de\/de\/#website"},"datePublished":"2020-03-05T06:47:43+00:00","dateModified":"2024-11-29T12:58:21+00:00","breadcrumb":{"@id":"https:\/\/koenig-pa.de\/de\/produkte\/ethercat\/kpa-ethercat-master\/kpa-ethercat-master-stack-pakete\/prozess-abbild-logger\/#breadcrumb"},"inLanguage":"de","potentialAction":[{"@type":"ReadAction","target":["https:\/\/koenig-pa.de\/de\/produkte\/ethercat\/kpa-ethercat-master\/kpa-ethercat-master-stack-pakete\/prozess-abbild-logger\/"]}]},{"@type":"BreadcrumbList","@id":"https:\/\/koenig-pa.de\/de\/produkte\/ethercat\/kpa-ethercat-master\/kpa-ethercat-master-stack-pakete\/prozess-abbild-logger\/#breadcrumb","itemListElement":[{"@type":"ListItem","position":1,"name":"Startseite","item":"https:\/\/koenig-pa.de\/de\/"},{"@type":"ListItem","position":2,"name":"Produkte","item":"https:\/\/koenig-pa.de\/de\/produkte\/"},{"@type":"ListItem","position":3,"name":"EtherCAT\u00ae Produkt \u00dcbersicht","item":"https:\/\/koenig-pa.de\/de\/produkte\/ethercat\/"},{"@type":"ListItem","position":4,"name":"KPA EtherCAT Master","item":"https:\/\/koenig-pa.de\/de\/produkte\/ethercat\/kpa-ethercat-master\/"},{"@type":"ListItem","position":5,"name":"KPA EtherCAT Master Stack Pakete","item":"https:\/\/koenig-pa.de\/de\/produkte\/ethercat\/kpa-ethercat-master\/kpa-ethercat-master-stack-pakete\/"},{"@type":"ListItem","position":6,"name":"Prozess-Abbild-Logger"}]},{"@type":"WebSite","@id":"https:\/\/koenig-pa.de\/de\/#website","url":"https:\/\/koenig-pa.de\/de\/","name":"koenig-pa GmbH","description":"","potentialAction":[{"@type":"SearchAction","target":{"@type":"EntryPoint","urlTemplate":"https:\/\/koenig-pa.de\/de\/?s={search_term_string}"},"query-input":{"@type":"PropertyValueSpecification","valueRequired":true,"valueName":"search_term_string"}}],"inLanguage":"de"}]}},"_links":{"self":[{"href":"https:\/\/koenig-pa.de\/de\/wp-json\/wp\/v2\/pages\/2611","targetHints":{"allow":["GET"]}}],"collection":[{"href":"https:\/\/koenig-pa.de\/de\/wp-json\/wp\/v2\/pages"}],"about":[{"href":"https:\/\/koenig-pa.de\/de\/wp-json\/wp\/v2\/types\/page"}],"author":[{"embeddable":true,"href":"https:\/\/koenig-pa.de\/de\/wp-json\/wp\/v2\/users\/1"}],"replies":[{"embeddable":true,"href":"https:\/\/koenig-pa.de\/de\/wp-json\/wp\/v2\/comments?post=2611"}],"version-history":[{"count":4,"href":"https:\/\/koenig-pa.de\/de\/wp-json\/wp\/v2\/pages\/2611\/revisions"}],"predecessor-version":[{"id":4254,"href":"https:\/\/koenig-pa.de\/de\/wp-json\/wp\/v2\/pages\/2611\/revisions\/4254"}],"up":[{"embeddable":true,"href":"https:\/\/koenig-pa.de\/de\/wp-json\/wp\/v2\/pages\/3393"}],"wp:attachment":[{"href":"https:\/\/koenig-pa.de\/de\/wp-json\/wp\/v2\/media?parent=2611"}],"curies":[{"name":"wp","href":"https:\/\/api.w.org\/{rel}","templated":true}]}}