{"id":2605,"date":"2020-03-05T07:40:12","date_gmt":"2020-03-05T06:40:12","guid":{"rendered":"http:\/\/koenig-pa.de\/de\/?page_id=2605"},"modified":"2022-08-22T09:28:03","modified_gmt":"2022-08-22T07:28:03","slug":"kabel-redundanz","status":"publish","type":"page","link":"https:\/\/koenig-pa.de\/de\/produkte\/ethercat\/kpa-ethercat-master\/kpa-ethercat-master-stack-pakete\/kabel-redundanz\/","title":{"rendered":"Kabel-Redundanz"},"content":{"rendered":"<p>[vc_row rtl_reverse=&#8220;&#8220;][vc_column][vc_column_text]Durch den Kabel-Redundanz-Modus kann das EtherCAT\u00ae-System die Kommunikation auch im Falle eines Kabelbruchs oder eines Knotenausfalls bzw. im Falle des (beabsichtigten oder ungewollten) Aussteckens eines Kabels aufrechterhalten. Aus diesem Grund verwenden wir eine Ringtopologie, die normalerweise bidirektional betrieben wird.<\/p>\n<p>Both branches can nevertheless still be reached if the ring is interrupted at some point. A second network port is used for ring closure at EtherCAT\u00ae master control system.<\/p>\n<figure class=\"_alignright aligncenter\" style=\"text-align: center;\"><a href=\"\/images\/\u0421able_redundancy_1.png\" rel=\"_lightbox\"><img decoding=\"async\" class=\"__alignright\" src=\"\/images\/\u0421able_redundancy_1.png\" alt=\"\u0421able redundancy\" border=\"0\" \/><\/a><br \/>\n<em>Kabel-Redundanz<\/em><\/figure>\n<p>Solange kein Fehler vorliegt, werden alle EtherCAT\u00ae-Slaves in Vorw\u00e4rtsrichtung vom prim\u00e4ren Port oder in R\u00fcckw\u00e4rtsrichtung vom sekund\u00e4ren Port erreicht &#8211; die Daten im &#8222;Redundanz&#8220;-Frame werden also nicht ver\u00e4ndert.<\/p>\n<figure class=\"_alignright aligncenter\" style=\"text-align: center;\"><a href=\"\/images\/\u0421able_redundancy_2.png\" rel=\"_lightbox\"><img decoding=\"async\" class=\"__alignright\" src=\"\/images\/\u0421able_redundancy_2.png\" alt=\"\u0421able redundancy\" border=\"0\" \/><\/a><br \/>\n<em>Kabel-Redundanz<\/em><\/figure>\n<p>Der Kabel-Redundanz-Modus ist fehlertolerant bei Auftreten einer singul\u00e4ren St\u00f6rung, d.h. die Kommunikation mit den Slaves kann auch dann fortgesetzt werden, wenn der Ring an einer beliebigen Stelle unterbrochen wird (z. B. bei Kabelbruch oder beabsichtigten bzw. ungewolltem Ausstecken). Bei Wiederherstellung der Kommunikation wird auch die urspr\u00fcngliche Kommunikationsrichtung wiederhergestellt. Wenn die Kommunikation an mehr als einer Stelle unterbrochen war, m\u00fcssen erst alle Verbindungen wiederhergestellt werden, um eine normale Kommunikation wiederherzustellen.<\/p>\n<p>Um die Kabelredundanzfunktion zu implementieren, ist auf dem Zielsystem nur ein zweiter Ethernet-Adapter erforderlich. Zur Aktivierung dieser Funktion auf der Seite des Masters muss dies in der KPA-EtherCAT-Master-Lizenz erlaubt sein.<\/p>\n<p>Neben der Kabelredundanz bieten wir die <a href=\"\/de\/ethercat-master-redundanz\/\">Master-Redundanz<\/a> an. Durch diese patentierte Technologie wird bestm\u00f6glicher Schutz vor verschiedenen Ausf\u00e4llen gew\u00e4hrleistet.[\/vc_column_text][\/vc_column][\/vc_row]<\/p>\n","protected":false},"excerpt":{"rendered":"<p>[vc_row rtl_reverse=&#8220;&#8220;][vc_column][vc_column_text]Durch den Kabel-Redundanz-Modus kann das EtherCAT\u00ae-System die Kommunikation auch<span class=\"excerpt-hellip\"> [\u2026]<\/span><\/p>\n","protected":false},"author":1,"featured_media":0,"parent":3393,"menu_order":0,"comment_status":"closed","ping_status":"closed","template":"","meta":{"footnotes":""},"class_list":["post-2605","page","type-page","status-publish","hentry"],"yoast_head":"<!-- This site is optimized with the Yoast SEO Premium plugin v18.8 (Yoast SEO v27.0) - https:\/\/yoast.com\/product\/yoast-seo-premium-wordpress\/ -->\n<title>Kabel-Redundanz - koenig-pa GmbH<\/title>\n<meta name=\"robots\" content=\"index, follow, max-snippet:-1, max-image-preview:large, max-video-preview:-1\" \/>\n<link rel=\"canonical\" href=\"https:\/\/koenig-pa.de\/de\/produkte\/ethercat\/kpa-ethercat-master\/kpa-ethercat-master-stack-pakete\/kabel-redundanz\/\" \/>\n<meta property=\"og:locale\" content=\"de_DE\" \/>\n<meta property=\"og:type\" content=\"article\" \/>\n<meta property=\"og:title\" content=\"Kabel-Redundanz\" \/>\n<meta property=\"og:description\" content=\"[vc_row rtl_reverse=&#8220;&#8220;][vc_column][vc_column_text]Durch den Kabel-Redundanz-Modus kann das EtherCAT\u00ae-System die Kommunikation auch [\u2026]\" \/>\n<meta property=\"og:url\" content=\"https:\/\/koenig-pa.de\/de\/produkte\/ethercat\/kpa-ethercat-master\/kpa-ethercat-master-stack-pakete\/kabel-redundanz\/\" \/>\n<meta property=\"og:site_name\" content=\"koenig-pa GmbH\" \/>\n<meta property=\"article:modified_time\" content=\"2022-08-22T07:28:03+00:00\" \/>\n<!-- \/ Yoast SEO Premium plugin. -->","yoast_head_json":{"title":"Kabel-Redundanz - koenig-pa GmbH","robots":{"index":"index","follow":"follow","max-snippet":"max-snippet:-1","max-image-preview":"max-image-preview:large","max-video-preview":"max-video-preview:-1"},"canonical":"https:\/\/koenig-pa.de\/de\/produkte\/ethercat\/kpa-ethercat-master\/kpa-ethercat-master-stack-pakete\/kabel-redundanz\/","og_locale":"de_DE","og_type":"article","og_title":"Kabel-Redundanz","og_description":"[vc_row rtl_reverse=&#8220;&#8220;][vc_column][vc_column_text]Durch den Kabel-Redundanz-Modus kann das EtherCAT\u00ae-System die Kommunikation auch [\u2026]","og_url":"https:\/\/koenig-pa.de\/de\/produkte\/ethercat\/kpa-ethercat-master\/kpa-ethercat-master-stack-pakete\/kabel-redundanz\/","og_site_name":"koenig-pa GmbH","article_modified_time":"2022-08-22T07:28:03+00:00","schema":{"@context":"https:\/\/schema.org","@graph":[{"@type":"WebPage","@id":"https:\/\/koenig-pa.de\/de\/produkte\/ethercat\/kpa-ethercat-master\/kpa-ethercat-master-stack-pakete\/kabel-redundanz\/","url":"https:\/\/koenig-pa.de\/de\/produkte\/ethercat\/kpa-ethercat-master\/kpa-ethercat-master-stack-pakete\/kabel-redundanz\/","name":"Kabel-Redundanz - koenig-pa GmbH","isPartOf":{"@id":"https:\/\/koenig-pa.de\/de\/#website"},"datePublished":"2020-03-05T06:40:12+00:00","dateModified":"2022-08-22T07:28:03+00:00","breadcrumb":{"@id":"https:\/\/koenig-pa.de\/de\/produkte\/ethercat\/kpa-ethercat-master\/kpa-ethercat-master-stack-pakete\/kabel-redundanz\/#breadcrumb"},"inLanguage":"de","potentialAction":[{"@type":"ReadAction","target":["https:\/\/koenig-pa.de\/de\/produkte\/ethercat\/kpa-ethercat-master\/kpa-ethercat-master-stack-pakete\/kabel-redundanz\/"]}]},{"@type":"BreadcrumbList","@id":"https:\/\/koenig-pa.de\/de\/produkte\/ethercat\/kpa-ethercat-master\/kpa-ethercat-master-stack-pakete\/kabel-redundanz\/#breadcrumb","itemListElement":[{"@type":"ListItem","position":1,"name":"Startseite","item":"https:\/\/koenig-pa.de\/de\/"},{"@type":"ListItem","position":2,"name":"Produkte","item":"https:\/\/koenig-pa.de\/de\/produkte\/"},{"@type":"ListItem","position":3,"name":"EtherCAT\u00ae Produkt \u00dcbersicht","item":"https:\/\/koenig-pa.de\/de\/produkte\/ethercat\/"},{"@type":"ListItem","position":4,"name":"KPA EtherCAT Master","item":"https:\/\/koenig-pa.de\/de\/produkte\/ethercat\/kpa-ethercat-master\/"},{"@type":"ListItem","position":5,"name":"KPA EtherCAT Master Stack Pakete","item":"https:\/\/koenig-pa.de\/de\/produkte\/ethercat\/kpa-ethercat-master\/kpa-ethercat-master-stack-pakete\/"},{"@type":"ListItem","position":6,"name":"Kabel-Redundanz"}]},{"@type":"WebSite","@id":"https:\/\/koenig-pa.de\/de\/#website","url":"https:\/\/koenig-pa.de\/de\/","name":"koenig-pa GmbH","description":"","potentialAction":[{"@type":"SearchAction","target":{"@type":"EntryPoint","urlTemplate":"https:\/\/koenig-pa.de\/de\/?s={search_term_string}"},"query-input":{"@type":"PropertyValueSpecification","valueRequired":true,"valueName":"search_term_string"}}],"inLanguage":"de"}]}},"_links":{"self":[{"href":"https:\/\/koenig-pa.de\/de\/wp-json\/wp\/v2\/pages\/2605","targetHints":{"allow":["GET"]}}],"collection":[{"href":"https:\/\/koenig-pa.de\/de\/wp-json\/wp\/v2\/pages"}],"about":[{"href":"https:\/\/koenig-pa.de\/de\/wp-json\/wp\/v2\/types\/page"}],"author":[{"embeddable":true,"href":"https:\/\/koenig-pa.de\/de\/wp-json\/wp\/v2\/users\/1"}],"replies":[{"embeddable":true,"href":"https:\/\/koenig-pa.de\/de\/wp-json\/wp\/v2\/comments?post=2605"}],"version-history":[{"count":3,"href":"https:\/\/koenig-pa.de\/de\/wp-json\/wp\/v2\/pages\/2605\/revisions"}],"predecessor-version":[{"id":3195,"href":"https:\/\/koenig-pa.de\/de\/wp-json\/wp\/v2\/pages\/2605\/revisions\/3195"}],"up":[{"embeddable":true,"href":"https:\/\/koenig-pa.de\/de\/wp-json\/wp\/v2\/pages\/3393"}],"wp:attachment":[{"href":"https:\/\/koenig-pa.de\/de\/wp-json\/wp\/v2\/media?parent=2605"}],"curies":[{"name":"wp","href":"https:\/\/api.w.org\/{rel}","templated":true}]}}