{"id":2602,"date":"2020-03-05T07:35:35","date_gmt":"2020-03-05T06:35:35","guid":{"rendered":"http:\/\/koenig-pa.de\/de\/?page_id=2602"},"modified":"2022-08-22T09:39:11","modified_gmt":"2022-08-22T07:39:11","slug":"can-dbc-treiber","status":"publish","type":"page","link":"https:\/\/koenig-pa.de\/de\/produkte\/ethercat\/kpa-ethercat-master\/kpa-ethercat-master-stack-pakete\/can-dbc-treiber\/","title":{"rendered":"CAN-DBC-Treiber"},"content":{"rendered":"<p>[vc_row][vc_column][vc_column_text]Der CAN-DBC-Treiber ist f\u00fcr den Betrieb mit CAN-Gateways von Beckhoff (EL6751) oder koenig-pa (EtherCAT4CAN-Gateway) konzipiert.<\/p>\n<p>In der Automobilindustrie werden CAN-Knoten (Steuerger\u00e4te usw.) in einem speziellen Dateiformat namens &#8222;DBC&#8220; (Data-Base CAN) beschrieben. F\u00fcr einen analogen Sensor werden in einer solchen Datei z.B. Offset, Verst\u00e4rkung und physikalische Einheit definiert. Der CAN-DBC-Treiber erm\u00f6glicht es dem Anwender unter anderem, diese DBC-Datei in das <a href=\"\/de\/produkte\/ethercat\/kpa-ethercat-studio\/\">KPA EtherCAT Studio<\/a> zu laden, die CAN-Nachrichten auszuw\u00e4hlen, Einstellungen f\u00fcr den CAN-Master und die L\u00e4nge der Treiber-Warteschlange festzulegen. Danach werden <a href=\"\/de\/produkte\/ethercat\/kpa-ethercat-master\/\">KPA EtherCAT Master<\/a> und das CAN-Gateway entsprechend konfiguriert.<\/p>\n<p>Der Treiber arbeitet sowohl mit DBC-Nachrichten als auch mit nicht spezifizierten Nachrichten (also CAN-Nachrichten, die nicht in der DBC-Datei beschrieben sind).<\/p>\n<p>Der CAN-DBC-Treiber ist eine dem Master-Prozessabbild \u00fcbergeordnete Struktur und ist f\u00fcr die Arbeit mit EtherCAT-CAN-Gateways im Raw-CAN-Modus vorgesehen.<\/p>\n<p>Im Allgemeinen kann der Algorithmus der Treiber-T\u00e4tigkeit wie folgt dargestellt werden: Das EtherCAT-CAN-Gateway empf\u00e4ngt Daten in seinem Puffer, der Master nimmt diese Prozessdaten auf und ordnet die empfangenen Daten im Prozessabbild zu, der Treiber kopiert die Daten in seinen Puffer, analysiert sie und legt sie im Customer-Bereich des Prozessabbilds ab (entsprechend den Einstellungen, die bei der Konfiguration durch die Studio-Plug-in-Tools definiert wurden).<\/p>\n<p>Derzeit ist der CAN-DBC-Treiber f\u00fcr Windows und f\u00fcr RTX-Plattformen implementiert. Implementierungen f\u00fcr andere Betriebssysteme sind auf Anfrage erh\u00e4ltlich.<\/p>\n<figure class=\"_alignright aligncenter\" style=\"text-align: center;\"><a href=\"\/images\/CAN_DBC_driver.png\" rel=\"_lightbox\"><img decoding=\"async\" class=\"__alignright\" src=\"\/images\/CAN_DBC_driver.png\" alt=\"CAN DBC driver\" border=\"0\" \/><\/a><br \/>\n<em>CAN DBC driver<\/em><\/figure>\n<p>[\/vc_column_text][\/vc_column][\/vc_row]<\/p>\n","protected":false},"excerpt":{"rendered":"<p>[vc_row][vc_column][vc_column_text]Der CAN-DBC-Treiber ist f\u00fcr den Betrieb mit CAN-Gateways von Beckhoff<span class=\"excerpt-hellip\"> [\u2026]<\/span><\/p>\n","protected":false},"author":1,"featured_media":0,"parent":3393,"menu_order":0,"comment_status":"closed","ping_status":"closed","template":"","meta":{"footnotes":""},"class_list":["post-2602","page","type-page","status-publish","hentry"],"yoast_head":"<!-- This site is optimized with the Yoast SEO Premium plugin v18.8 (Yoast SEO v27.0) - https:\/\/yoast.com\/product\/yoast-seo-premium-wordpress\/ -->\n<title>CAN-DBC-Treiber - koenig-pa GmbH<\/title>\n<meta name=\"robots\" content=\"index, follow, max-snippet:-1, max-image-preview:large, max-video-preview:-1\" \/>\n<link rel=\"canonical\" href=\"https:\/\/koenig-pa.de\/de\/produkte\/ethercat\/kpa-ethercat-master\/kpa-ethercat-master-stack-pakete\/can-dbc-treiber\/\" \/>\n<meta property=\"og:locale\" content=\"de_DE\" \/>\n<meta property=\"og:type\" content=\"article\" \/>\n<meta property=\"og:title\" content=\"CAN-DBC-Treiber\" \/>\n<meta property=\"og:description\" content=\"[vc_row][vc_column][vc_column_text]Der CAN-DBC-Treiber ist f\u00fcr den Betrieb mit CAN-Gateways von Beckhoff [\u2026]\" \/>\n<meta property=\"og:url\" content=\"https:\/\/koenig-pa.de\/de\/produkte\/ethercat\/kpa-ethercat-master\/kpa-ethercat-master-stack-pakete\/can-dbc-treiber\/\" \/>\n<meta property=\"og:site_name\" content=\"koenig-pa GmbH\" \/>\n<meta property=\"article:modified_time\" content=\"2022-08-22T07:39:11+00:00\" \/>\n<!-- \/ Yoast SEO Premium plugin. -->","yoast_head_json":{"title":"CAN-DBC-Treiber - koenig-pa GmbH","robots":{"index":"index","follow":"follow","max-snippet":"max-snippet:-1","max-image-preview":"max-image-preview:large","max-video-preview":"max-video-preview:-1"},"canonical":"https:\/\/koenig-pa.de\/de\/produkte\/ethercat\/kpa-ethercat-master\/kpa-ethercat-master-stack-pakete\/can-dbc-treiber\/","og_locale":"de_DE","og_type":"article","og_title":"CAN-DBC-Treiber","og_description":"[vc_row][vc_column][vc_column_text]Der CAN-DBC-Treiber ist f\u00fcr den Betrieb mit CAN-Gateways von Beckhoff [\u2026]","og_url":"https:\/\/koenig-pa.de\/de\/produkte\/ethercat\/kpa-ethercat-master\/kpa-ethercat-master-stack-pakete\/can-dbc-treiber\/","og_site_name":"koenig-pa GmbH","article_modified_time":"2022-08-22T07:39:11+00:00","schema":{"@context":"https:\/\/schema.org","@graph":[{"@type":"WebPage","@id":"https:\/\/koenig-pa.de\/de\/produkte\/ethercat\/kpa-ethercat-master\/kpa-ethercat-master-stack-pakete\/can-dbc-treiber\/","url":"https:\/\/koenig-pa.de\/de\/produkte\/ethercat\/kpa-ethercat-master\/kpa-ethercat-master-stack-pakete\/can-dbc-treiber\/","name":"CAN-DBC-Treiber - koenig-pa GmbH","isPartOf":{"@id":"https:\/\/koenig-pa.de\/de\/#website"},"datePublished":"2020-03-05T06:35:35+00:00","dateModified":"2022-08-22T07:39:11+00:00","breadcrumb":{"@id":"https:\/\/koenig-pa.de\/de\/produkte\/ethercat\/kpa-ethercat-master\/kpa-ethercat-master-stack-pakete\/can-dbc-treiber\/#breadcrumb"},"inLanguage":"de","potentialAction":[{"@type":"ReadAction","target":["https:\/\/koenig-pa.de\/de\/produkte\/ethercat\/kpa-ethercat-master\/kpa-ethercat-master-stack-pakete\/can-dbc-treiber\/"]}]},{"@type":"BreadcrumbList","@id":"https:\/\/koenig-pa.de\/de\/produkte\/ethercat\/kpa-ethercat-master\/kpa-ethercat-master-stack-pakete\/can-dbc-treiber\/#breadcrumb","itemListElement":[{"@type":"ListItem","position":1,"name":"Startseite","item":"https:\/\/koenig-pa.de\/de\/"},{"@type":"ListItem","position":2,"name":"Produkte","item":"https:\/\/koenig-pa.de\/de\/produkte\/"},{"@type":"ListItem","position":3,"name":"EtherCAT\u00ae Produkt \u00dcbersicht","item":"https:\/\/koenig-pa.de\/de\/produkte\/ethercat\/"},{"@type":"ListItem","position":4,"name":"KPA EtherCAT Master","item":"https:\/\/koenig-pa.de\/de\/produkte\/ethercat\/kpa-ethercat-master\/"},{"@type":"ListItem","position":5,"name":"KPA EtherCAT Master Stack Pakete","item":"https:\/\/koenig-pa.de\/de\/produkte\/ethercat\/kpa-ethercat-master\/kpa-ethercat-master-stack-pakete\/"},{"@type":"ListItem","position":6,"name":"CAN-DBC-Treiber"}]},{"@type":"WebSite","@id":"https:\/\/koenig-pa.de\/de\/#website","url":"https:\/\/koenig-pa.de\/de\/","name":"koenig-pa GmbH","description":"","potentialAction":[{"@type":"SearchAction","target":{"@type":"EntryPoint","urlTemplate":"https:\/\/koenig-pa.de\/de\/?s={search_term_string}"},"query-input":{"@type":"PropertyValueSpecification","valueRequired":true,"valueName":"search_term_string"}}],"inLanguage":"de"}]}},"_links":{"self":[{"href":"https:\/\/koenig-pa.de\/de\/wp-json\/wp\/v2\/pages\/2602","targetHints":{"allow":["GET"]}}],"collection":[{"href":"https:\/\/koenig-pa.de\/de\/wp-json\/wp\/v2\/pages"}],"about":[{"href":"https:\/\/koenig-pa.de\/de\/wp-json\/wp\/v2\/types\/page"}],"author":[{"embeddable":true,"href":"https:\/\/koenig-pa.de\/de\/wp-json\/wp\/v2\/users\/1"}],"replies":[{"embeddable":true,"href":"https:\/\/koenig-pa.de\/de\/wp-json\/wp\/v2\/comments?post=2602"}],"version-history":[{"count":5,"href":"https:\/\/koenig-pa.de\/de\/wp-json\/wp\/v2\/pages\/2602\/revisions"}],"predecessor-version":[{"id":3409,"href":"https:\/\/koenig-pa.de\/de\/wp-json\/wp\/v2\/pages\/2602\/revisions\/3409"}],"up":[{"embeddable":true,"href":"https:\/\/koenig-pa.de\/de\/wp-json\/wp\/v2\/pages\/3393"}],"wp:attachment":[{"href":"https:\/\/koenig-pa.de\/de\/wp-json\/wp\/v2\/media?parent=2602"}],"curies":[{"name":"wp","href":"https:\/\/api.w.org\/{rel}","templated":true}]}}