{"id":2600,"date":"2020-03-05T07:28:30","date_gmt":"2020-03-05T06:28:30","guid":{"rendered":"http:\/\/koenig-pa.de\/de\/?page_id=2600"},"modified":"2025-03-21T14:42:25","modified_gmt":"2025-03-21T13:42:25","slug":"multimaster","status":"publish","type":"page","link":"https:\/\/koenig-pa.de\/de\/produkte\/ethercat\/kpa-ethercat-master\/kpa-ethercat-master-stack-pakete\/multimaster\/","title":{"rendered":"Multimaster"},"content":{"rendered":"<p>[vc_row][vc_column][vc_column_text]Die Multimaster-Funktionalit\u00e4t erm\u00f6glicht es dem Anwender, mehrere EtherCAT\u00ae-Busse vom selben Zielsystem aus gleichzeitig zu steuern. Die Master-API bietet die M\u00f6glichkeit, mehrere Master-Instanzen innerhalb eines Prozesses (oder mehrerer Prozesse) zu erstellen. Jede Master-Instanz hat ihr eigenes Handle, so dass Ressourcen wie Netzwerkschnittstellen und Zeitgeber konfliktfrei genutzt werden und es bei der Verwendung von API-Aufrufen nicht zu Verwechslungen kommt.<\/p>\n<figure class=\"_alignright aligncenter\" style=\"text-align: center;\"><a href=\"\/images\/multimaster.png\" rel=\"_lightbox\"><img decoding=\"async\" class=\"__alignright\" src=\"\/images\/multimaster.png\" alt=\"Multimaster\" border=\"0\" \/><\/a><br \/>\n<em>Multimaster<\/em><\/figure>\n<p>Multimaster-Funktionalit\u00e4t kann auf zwei Arten implementiert werden:<\/p>\n<ol>\n<li>Unabh\u00e4ngige Master-Ressourcen: Mehrere Master-Instanzen auf demselben Ziel verwenden nur ihre eigenen Ressourcen und beziehen sich nicht aufeinander. Wenn eine der Master-Instanzen ausf\u00e4llt, k\u00f6nnen die \u00fcbrigen Instanzen weiterhin einwandfrei funktionieren.<\/li>\n<li>Eine einzige identische Master-Ressource: Mehrere Master-Instanzen auf demselben Ziel verwenden gleichzeitig dieselbe Ressource. In diesem Fall m\u00fcssen Sie die Ressource nicht f\u00fcr jede Master-Instanz separat anlegen noch etwaige \u00c4nderungen in jeder einzelnen daran vornehmen, sondern es gen\u00fcgt vollkommen, jeden dieser Arbeitsschritte nur ein einziges Mal durchzuf\u00fchren.<\/li>\n<\/ol>\n<p>Die Multimaster-Funktion ist als optionale Erweiterung im KPA EtherCAT Master v1.6 oder h\u00f6her verf\u00fcgbar. Um sie zu aktivieren, muss eine zus\u00e4tzliche Master-Lizenzerweiterung erworben und aktiviert werden.<\/p>\n<p>Um eine korrekte DC-Synchronisation f\u00fcr mehrere Master zu konfigurieren, sollte einer von ihnen mit einem Slave synchronisiert werden (einen Slave als Referenz-Uhr festlegen). Die \u00fcbrigen Master sollten im Modus <a href=\"\/de\/produkte\/ethercat\/kpa-ethercat-master\/externe-synchronisation\/\">&#8222;Externe Synchronisation&#8220;<\/a> mit &#8222;Master&#8220; als externes Synchronisationsger\u00e4t arbeiten.[\/vc_column_text][\/vc_column][\/vc_row]<\/p>\n","protected":false},"excerpt":{"rendered":"<p>[vc_row][vc_column][vc_column_text]Die Multimaster-Funktionalit\u00e4t erm\u00f6glicht es dem Anwender, mehrere EtherCAT\u00ae-Busse vom selben<span class=\"excerpt-hellip\"> [\u2026]<\/span><\/p>\n","protected":false},"author":1,"featured_media":0,"parent":3393,"menu_order":0,"comment_status":"closed","ping_status":"closed","template":"","meta":{"footnotes":""},"class_list":["post-2600","page","type-page","status-publish","hentry"],"yoast_head":"<!-- This site is optimized with the Yoast SEO Premium plugin v18.8 (Yoast SEO v27.0) - https:\/\/yoast.com\/product\/yoast-seo-premium-wordpress\/ -->\n<title>Multimaster - koenig-pa GmbH<\/title>\n<meta name=\"robots\" content=\"index, follow, max-snippet:-1, max-image-preview:large, max-video-preview:-1\" \/>\n<link rel=\"canonical\" href=\"https:\/\/koenig-pa.de\/de\/produkte\/ethercat\/kpa-ethercat-master\/kpa-ethercat-master-stack-pakete\/multimaster\/\" \/>\n<meta property=\"og:locale\" content=\"de_DE\" \/>\n<meta property=\"og:type\" content=\"article\" \/>\n<meta property=\"og:title\" content=\"Multimaster\" \/>\n<meta property=\"og:description\" content=\"[vc_row][vc_column][vc_column_text]Die Multimaster-Funktionalit\u00e4t erm\u00f6glicht es dem Anwender, mehrere EtherCAT\u00ae-Busse vom selben [\u2026]\" \/>\n<meta property=\"og:url\" content=\"https:\/\/koenig-pa.de\/de\/produkte\/ethercat\/kpa-ethercat-master\/kpa-ethercat-master-stack-pakete\/multimaster\/\" \/>\n<meta property=\"og:site_name\" content=\"koenig-pa GmbH\" \/>\n<meta property=\"article:modified_time\" content=\"2025-03-21T13:42:25+00:00\" \/>\n<!-- \/ Yoast SEO Premium plugin. -->","yoast_head_json":{"title":"Multimaster - koenig-pa GmbH","robots":{"index":"index","follow":"follow","max-snippet":"max-snippet:-1","max-image-preview":"max-image-preview:large","max-video-preview":"max-video-preview:-1"},"canonical":"https:\/\/koenig-pa.de\/de\/produkte\/ethercat\/kpa-ethercat-master\/kpa-ethercat-master-stack-pakete\/multimaster\/","og_locale":"de_DE","og_type":"article","og_title":"Multimaster","og_description":"[vc_row][vc_column][vc_column_text]Die Multimaster-Funktionalit\u00e4t erm\u00f6glicht es dem Anwender, mehrere EtherCAT\u00ae-Busse vom selben [\u2026]","og_url":"https:\/\/koenig-pa.de\/de\/produkte\/ethercat\/kpa-ethercat-master\/kpa-ethercat-master-stack-pakete\/multimaster\/","og_site_name":"koenig-pa GmbH","article_modified_time":"2025-03-21T13:42:25+00:00","schema":{"@context":"https:\/\/schema.org","@graph":[{"@type":"WebPage","@id":"https:\/\/koenig-pa.de\/de\/produkte\/ethercat\/kpa-ethercat-master\/kpa-ethercat-master-stack-pakete\/multimaster\/","url":"https:\/\/koenig-pa.de\/de\/produkte\/ethercat\/kpa-ethercat-master\/kpa-ethercat-master-stack-pakete\/multimaster\/","name":"Multimaster - koenig-pa GmbH","isPartOf":{"@id":"https:\/\/koenig-pa.de\/de\/#website"},"datePublished":"2020-03-05T06:28:30+00:00","dateModified":"2025-03-21T13:42:25+00:00","breadcrumb":{"@id":"https:\/\/koenig-pa.de\/de\/produkte\/ethercat\/kpa-ethercat-master\/kpa-ethercat-master-stack-pakete\/multimaster\/#breadcrumb"},"inLanguage":"de","potentialAction":[{"@type":"ReadAction","target":["https:\/\/koenig-pa.de\/de\/produkte\/ethercat\/kpa-ethercat-master\/kpa-ethercat-master-stack-pakete\/multimaster\/"]}]},{"@type":"BreadcrumbList","@id":"https:\/\/koenig-pa.de\/de\/produkte\/ethercat\/kpa-ethercat-master\/kpa-ethercat-master-stack-pakete\/multimaster\/#breadcrumb","itemListElement":[{"@type":"ListItem","position":1,"name":"Startseite","item":"https:\/\/koenig-pa.de\/de\/"},{"@type":"ListItem","position":2,"name":"Produkte","item":"https:\/\/koenig-pa.de\/de\/produkte\/"},{"@type":"ListItem","position":3,"name":"EtherCAT\u00ae Produkt \u00dcbersicht","item":"https:\/\/koenig-pa.de\/de\/produkte\/ethercat\/"},{"@type":"ListItem","position":4,"name":"KPA EtherCAT Master","item":"https:\/\/koenig-pa.de\/de\/produkte\/ethercat\/kpa-ethercat-master\/"},{"@type":"ListItem","position":5,"name":"KPA EtherCAT Master Stack Pakete","item":"https:\/\/koenig-pa.de\/de\/produkte\/ethercat\/kpa-ethercat-master\/kpa-ethercat-master-stack-pakete\/"},{"@type":"ListItem","position":6,"name":"Multimaster"}]},{"@type":"WebSite","@id":"https:\/\/koenig-pa.de\/de\/#website","url":"https:\/\/koenig-pa.de\/de\/","name":"koenig-pa GmbH","description":"","potentialAction":[{"@type":"SearchAction","target":{"@type":"EntryPoint","urlTemplate":"https:\/\/koenig-pa.de\/de\/?s={search_term_string}"},"query-input":{"@type":"PropertyValueSpecification","valueRequired":true,"valueName":"search_term_string"}}],"inLanguage":"de"}]}},"_links":{"self":[{"href":"https:\/\/koenig-pa.de\/de\/wp-json\/wp\/v2\/pages\/2600","targetHints":{"allow":["GET"]}}],"collection":[{"href":"https:\/\/koenig-pa.de\/de\/wp-json\/wp\/v2\/pages"}],"about":[{"href":"https:\/\/koenig-pa.de\/de\/wp-json\/wp\/v2\/types\/page"}],"author":[{"embeddable":true,"href":"https:\/\/koenig-pa.de\/de\/wp-json\/wp\/v2\/users\/1"}],"replies":[{"embeddable":true,"href":"https:\/\/koenig-pa.de\/de\/wp-json\/wp\/v2\/comments?post=2600"}],"version-history":[{"count":6,"href":"https:\/\/koenig-pa.de\/de\/wp-json\/wp\/v2\/pages\/2600\/revisions"}],"predecessor-version":[{"id":4291,"href":"https:\/\/koenig-pa.de\/de\/wp-json\/wp\/v2\/pages\/2600\/revisions\/4291"}],"up":[{"embeddable":true,"href":"https:\/\/koenig-pa.de\/de\/wp-json\/wp\/v2\/pages\/3393"}],"wp:attachment":[{"href":"https:\/\/koenig-pa.de\/de\/wp-json\/wp\/v2\/media?parent=2600"}],"curies":[{"name":"wp","href":"https:\/\/api.w.org\/{rel}","templated":true}]}}