{"id":26,"date":"2014-03-16T17:29:23","date_gmt":"2014-03-16T16:29:23","guid":{"rendered":"http:\/\/koenig-pa.de\/wordpress\/de\/?page_id=26"},"modified":"2024-05-03T14:12:13","modified_gmt":"2024-05-03T12:12:13","slug":"firmen-profil","status":"publish","type":"page","link":"https:\/\/koenig-pa.de\/de\/firmen-profil\/","title":{"rendered":"Firmen-Profil"},"content":{"rendered":"<p>[vc_row][vc_column][vc_column_text]<\/p>\n<h2>T\u00e4tigkeitsbereich<\/h2>\n<p>Die koenig-pa GmbH ist ein Familienunternehmen, das High-Tech-Produkte f\u00fcr die Produktionsautomatisierung und Prozesssteuerung entwickelt.<!--more--><\/p>\n<h2>Unsere Geschichte<\/h2>\n<p>Das Unternehmen wurde 1986 gegr\u00fcndet. Zu Beginn ihrer T\u00e4tigkeit spezialisierte sich die Firma auf die Erbringung von Ingenieurdienstleistungen f\u00fcr die Installation und Regelung technologischer Anlagen im Bereich der chemischen Produktion.<\/p>\n<p>Im Jahr 2004 entwickelte das Unternehmen die neue Software-Plattform fastCenter zur Erstellung von Produktionsautomatisierungssystemen. In mehr als 15 Jahren der Zusammenarbeit wurden mehr als tausend Prozesslinien zur Herstellung von Leiterplatten unseres Schl\u00fcsselkunden Atotech Deutschland GmbH mit multifunktionalen Systemen zur \u00dcberwachung, Datenerfassung und Prozesssteuerung SCADA auf Basis der fastCenter Plattform ausgestattet.<\/p>\n<p>Seit 2004 ist die koenig-pa GmbH au\u00dferdem Mitglied<a href=\"https:\/\/www.ethercat.org\/en\/members\/members_946D0A2A993843119D73104C58BA095E.htm\"> der EtherCAT Technology Group (ETG)<\/a>, einer internationalen Vereinigung von Anwendern und Entwicklern der EtherCAT-Technologie. Es hat sich zu einem der f\u00fchrenden Experten in dieser Technologie entwickelt und eine Reihe von Softwareprodukten entwickelt, welche Kunden zu helfen <a href=\"\/de\/produkte\/ethercat\/\">die EtherCAT<\/a> &#8211; Technologie in ihren Automatisierungs- und Maschinensteuerungsl\u00f6sungen einzusetzen.<\/p>\n<p>Angesichts der wachsenden Rolle der Robotik in den Schl\u00fcsselindustrien sowie der starken Nachfrage nach unabh\u00e4ngigen Softwarel\u00f6sungen erweiterte das Unternehmen 2013 sein Portfolio um Softwareprodukte von <a href=\"\/de\/produkte\/motion-control\/kpa-motion\/\">KPA Motion<\/a> f\u00fcr Motion Control-Anwendungen.<\/p>\n<p>Im Jahr 2018 wurde ein einzigartiges System zur Ausfallsicherung automatisierter Steuerungssysteme entwickelt &#8211; <a href=\"\/de\/ethercat-master-redundanz\/\">KPA Master Redundancy<\/a> (Patentnummer US\u00a010,102,163\u00a0B2). Mit &#8222;passiven&#8220; Assistenten in der EtherCAT-Netzwerkkonfiguration kann im Falle eines &#8222;aktiven&#8220; Masterausfalls sofort auf einen &#8222;passiven&#8220; Master umgeschaltet werden. Dies passiert ohne Datenverlust und ohne ein vorzeitiges Ende des Zyklus.<\/p>\n<p>Im Jahr 2020 f\u00fchrte unser Unternehmen <a href=\"\/de\/produkte\/automation\/kpa-automation-softplc\/\">KPA Automation softPLC<\/a> ein, eine Multitasking-SPS-Programmierumgebung, die auf dem straton\u00ae-SPS-Kern basiert. Die KPA Automation softPLC entspricht den PLCopen-Standards, unterst\u00fctzt die Programmiersprachen ST, IL, FBD, SFC, LD gem\u00e4\u00df der Norm IEC 61131-3 und kann sowohl auf kleinen als auch auf industriellen Plattformen mit oder ohne Betriebssystem verwendet werden.<\/p>\n<p>Mittlerweile setzen mehr als 500 Kunden in verschiedenen L\u00e4ndern und Branchen Softwareprodukte, L\u00f6sungen und elektronische Ger\u00e4te der koenig-pa GmbH erfolgreich ein.<\/p>\n<p>Das Unternehmen verf\u00fcgt \u00fcber ein umfangreiches Netz von Wiederverk\u00e4ufern, welche die lizenzierte Software der koenig-pa GmbH in L\u00e4ndern wie Indien, Italien, Japan, S\u00fcdkorea und den USA vertreiben.<\/p>\n<p>Das bestehende Partnerprogramm erm\u00f6glicht die optimale Nutzung der Softwareprodukte der koenig-pa GmbH als Teil bew\u00e4hrter Systeme und L\u00f6sungen von Partnerfirmen von Hardwareherstellern.<\/p>\n<h2>Unser Leitbild<\/h2>\n<p>Wir schaffen innovative Produkte und L\u00f6sungen im Bereich der Industrieautomatisierung und helfen unseren Kunden somit bei der Entwicklung und Optimierung ihrer Gesch\u00e4ftst\u00e4tigkeiten und Prozessen.<\/p>\n<h2>Unsere Kompetenzen<\/h2>\n<p>Seit der Gr\u00fcndung unseres Unternehmens sind wir bestrebt, sicherzustellen, dass unsere Produkte mindestens den neuesten Trends der IT und der Industrieautomatisierung entsprechen. Im Laufe unserer 30-j\u00e4hrigen Arbeit konnten wir in den folgenden Bereichen vertiefte Kenntnisse und Erfahrungen sammeln:<\/p>\n<ul>\n<li>Entwicklung von Softwareprodukten f\u00fcr verschiedene Betriebssysteme: Windows, INtime, RTX64, Linux, Xenomai, QNX, VxWorks, FreeRTOS, ITRON und andere<\/li>\n<li>Entwicklung von industriellen Automatisierungssystemen unter Verwendung von Ger\u00e4ten f\u00fchrender Hersteller: Beckhoff, Siemens, Nordac, Lenze, Ancosys und andere<\/li>\n<li>Betrieb mit verschiedenen Feldbussen und Netzwerken: EtherCAT, CAN, Profibus, Modbus und TCP \/ IP und andere<\/li>\n<li>Unter Verwendung von Prozessoren, SoC, Mikrocontrollern, DSP und FPGA von Branchenf\u00fchrern: Altera, Analog Devices, Atmel, Freescale, Intel, Texas Instruments und Xilinx.<\/li>\n<\/ul>\n<p>Hochqualifizierte Spezialisten der koenig-pa GmbH sind an internationalen Projekten in verschiedenen Gebieten t\u00e4tig, darunter Prozessautomatisierung, Entwicklung eingebetteter Systeme, Herstellung von Servoantrieben, Robotik, Elektronik, Automobil, Energie und viele andere.<\/p>\n<h2>Qualit\u00e4tsmanagement<\/h2>\n<p>Unser Qualit\u00e4tsmanagementsystem entspricht den ISO-Normen und umfasst alle unsere Produkte und Dienstleistungen. Alle Unternehmensprozesse, von der Produktbestellung bis zum technischen Support, werden nach unserem Qualit\u00e4tsmanagementsystem verwaltet.<br \/>\n<!--\n\n\n<div class=\"col-mar-no\">[five_sixth]Unser Qualit\u00e4tsmanagementsystem ist nach DIN EN ISO 9001: 2015 zertifiziert (Erstzertifizierung 2008) und umfasst alle Produkte und Dienstleistungen. Die Aktivit\u00e4ten werden vom Auftragseingang bis zur Kundenbetreuung gem\u00e4\u00df den Verpflichtungen unseres Qualit\u00e4tsmanagementsystems \u00fcberwacht.[\/five_sixth][one_sixth]<a href=\"\/images\/LGA_InterCert.png\" rel=\"_lightbox\"><img decoding=\"async\" class=\"aligncenter size-medium wp-image-6603\" src=\"\/images\/LGA_InterCert.png\" alt=\"ISO 9001:2015 Logo\" \/><\/a>[\/one_sixth]<\/div>\n\n\n--><\/p>\n<h2>Unsere Unternehmensethik<\/h2>\n<p>Die unterschiedlichen ethischen und beruflichen Hintergr\u00fcnde unserer Mitarbeiter spiegeln sich in unserem Verhaltenskodex in Bezug auf die gemeinsamen ethischen Werte und Prinzipien wider, die f\u00fcr den Erfolg unseres Unternehmens von wesentlicher Bedeutung sind.<\/p>\n<p>Die koenig-pa GmbH sch\u00e4tzt diesen Kodex, ergreift die Initiative zu seiner Umsetzung, verpflichtet sich, unsere Mitarbeiter zu schulen und seine Werte im gesamten Unternehmen zu vermitteln. Dar\u00fcber hinaus werden wir weiterhin die Meinungen sowohl innerhalb als auch au\u00dferhalb des Unternehmens respektieren und reflektieren, um die Effizienz der internen Systeme zu verbessern und unsere Unternehmensethik zu st\u00e4rken.[\/vc_column_text][\/vc_column][\/vc_row]<\/p>\n","protected":false},"excerpt":{"rendered":"<p>[vc_row][vc_column][vc_column_text] T\u00e4tigkeitsbereich Die koenig-pa GmbH ist ein Familienunternehmen, das High-Tech-Produkte<span class=\"excerpt-hellip\"> [\u2026]<\/span><\/p>\n","protected":false},"author":1,"featured_media":0,"parent":0,"menu_order":0,"comment_status":"closed","ping_status":"closed","template":"","meta":{"footnotes":""},"class_list":["post-26","page","type-page","status-publish","hentry"],"yoast_head":"<!-- This site is optimized with the Yoast SEO Premium plugin v18.8 (Yoast SEO v27.0) - https:\/\/yoast.com\/product\/yoast-seo-premium-wordpress\/ -->\n<title>Firmen-Profil - koenig-pa GmbH<\/title>\n<meta name=\"description\" content=\"koenig-pa GmbH (KPA) wurde 1986 als K\u00f6nig Proze\u00dfautomatisierungs GmbH gegr\u00fcndet. Die damaligen Hauptt\u00e4tigkeiten des Unternehmens waren Ingenieur-Dienstleistungen f\u00fcr Installation und Inbetriebnahme.\" \/>\n<meta name=\"robots\" content=\"index, follow, max-snippet:-1, max-image-preview:large, max-video-preview:-1\" \/>\n<link rel=\"canonical\" href=\"https:\/\/koenig-pa.de\/de\/firmen-profil\/\" \/>\n<meta property=\"og:locale\" content=\"de_DE\" \/>\n<meta property=\"og:type\" content=\"article\" \/>\n<meta property=\"og:title\" content=\"Firmen-Profil\" \/>\n<meta property=\"og:description\" content=\"koenig-pa GmbH (KPA) wurde 1986 als K\u00f6nig Proze\u00dfautomatisierungs GmbH gegr\u00fcndet. Die damaligen Hauptt\u00e4tigkeiten des Unternehmens waren Ingenieur-Dienstleistungen f\u00fcr Installation und Inbetriebnahme.\" \/>\n<meta property=\"og:url\" content=\"https:\/\/koenig-pa.de\/de\/firmen-profil\/\" \/>\n<meta property=\"og:site_name\" content=\"koenig-pa GmbH\" \/>\n<meta property=\"article:modified_time\" content=\"2024-05-03T12:12:13+00:00\" \/>\n<!-- \/ Yoast SEO Premium plugin. -->","yoast_head_json":{"title":"Firmen-Profil - koenig-pa GmbH","description":"koenig-pa GmbH (KPA) wurde 1986 als K\u00f6nig Proze\u00dfautomatisierungs GmbH gegr\u00fcndet. Die damaligen Hauptt\u00e4tigkeiten des Unternehmens waren Ingenieur-Dienstleistungen f\u00fcr Installation und Inbetriebnahme.","robots":{"index":"index","follow":"follow","max-snippet":"max-snippet:-1","max-image-preview":"max-image-preview:large","max-video-preview":"max-video-preview:-1"},"canonical":"https:\/\/koenig-pa.de\/de\/firmen-profil\/","og_locale":"de_DE","og_type":"article","og_title":"Firmen-Profil","og_description":"koenig-pa GmbH (KPA) wurde 1986 als K\u00f6nig Proze\u00dfautomatisierungs GmbH gegr\u00fcndet. Die damaligen Hauptt\u00e4tigkeiten des Unternehmens waren Ingenieur-Dienstleistungen f\u00fcr Installation und Inbetriebnahme.","og_url":"https:\/\/koenig-pa.de\/de\/firmen-profil\/","og_site_name":"koenig-pa GmbH","article_modified_time":"2024-05-03T12:12:13+00:00","schema":{"@context":"https:\/\/schema.org","@graph":[{"@type":"WebPage","@id":"https:\/\/koenig-pa.de\/de\/firmen-profil\/","url":"https:\/\/koenig-pa.de\/de\/firmen-profil\/","name":"Firmen-Profil - koenig-pa GmbH","isPartOf":{"@id":"https:\/\/koenig-pa.de\/de\/#website"},"datePublished":"2014-03-16T16:29:23+00:00","dateModified":"2024-05-03T12:12:13+00:00","description":"koenig-pa GmbH (KPA) wurde 1986 als K\u00f6nig Proze\u00dfautomatisierungs GmbH gegr\u00fcndet. Die damaligen Hauptt\u00e4tigkeiten des Unternehmens waren Ingenieur-Dienstleistungen f\u00fcr Installation und Inbetriebnahme.","breadcrumb":{"@id":"https:\/\/koenig-pa.de\/de\/firmen-profil\/#breadcrumb"},"inLanguage":"de","potentialAction":[{"@type":"ReadAction","target":["https:\/\/koenig-pa.de\/de\/firmen-profil\/"]}]},{"@type":"BreadcrumbList","@id":"https:\/\/koenig-pa.de\/de\/firmen-profil\/#breadcrumb","itemListElement":[{"@type":"ListItem","position":1,"name":"Startseite","item":"https:\/\/koenig-pa.de\/de\/"},{"@type":"ListItem","position":2,"name":"Firmen-Profil"}]},{"@type":"WebSite","@id":"https:\/\/koenig-pa.de\/de\/#website","url":"https:\/\/koenig-pa.de\/de\/","name":"koenig-pa GmbH","description":"","potentialAction":[{"@type":"SearchAction","target":{"@type":"EntryPoint","urlTemplate":"https:\/\/koenig-pa.de\/de\/?s={search_term_string}"},"query-input":{"@type":"PropertyValueSpecification","valueRequired":true,"valueName":"search_term_string"}}],"inLanguage":"de"}]}},"_links":{"self":[{"href":"https:\/\/koenig-pa.de\/de\/wp-json\/wp\/v2\/pages\/26","targetHints":{"allow":["GET"]}}],"collection":[{"href":"https:\/\/koenig-pa.de\/de\/wp-json\/wp\/v2\/pages"}],"about":[{"href":"https:\/\/koenig-pa.de\/de\/wp-json\/wp\/v2\/types\/page"}],"author":[{"embeddable":true,"href":"https:\/\/koenig-pa.de\/de\/wp-json\/wp\/v2\/users\/1"}],"replies":[{"embeddable":true,"href":"https:\/\/koenig-pa.de\/de\/wp-json\/wp\/v2\/comments?post=26"}],"version-history":[{"count":88,"href":"https:\/\/koenig-pa.de\/de\/wp-json\/wp\/v2\/pages\/26\/revisions"}],"predecessor-version":[{"id":4105,"href":"https:\/\/koenig-pa.de\/de\/wp-json\/wp\/v2\/pages\/26\/revisions\/4105"}],"wp:attachment":[{"href":"https:\/\/koenig-pa.de\/de\/wp-json\/wp\/v2\/media?parent=26"}],"curies":[{"name":"wp","href":"https:\/\/api.w.org\/{rel}","templated":true}]}}