{"id":1467,"date":"2016-11-08T09:03:56","date_gmt":"2016-11-08T08:03:56","guid":{"rendered":"http:\/\/koenig-pa.de\/de\/?page_id=1467"},"modified":"2023-07-10T10:56:38","modified_gmt":"2023-07-10T08:56:38","slug":"produkte","status":"publish","type":"page","link":"https:\/\/koenig-pa.de\/de\/produkte\/","title":{"rendered":"Produkte"},"content":{"rendered":"<p>[vc_row][vc_column][vc_column_text]Unser Unternehmen bietet eine breite Palette von Produkten aus dem Bereich der Automatisierung und der technischen Prozesssteuerung. Durch die Einhaltung relevanter Industriestandards k\u00f6nnen wir die Erstellung kompletter hochwertiger und integrierter L\u00f6sungen gew\u00e4hrleisten, die Ihnen sowohl in wirtschaftlicher als auch in technologischer Hinsicht n\u00fctzlich sein k\u00f6nnen. Wir erf\u00fcllen gerne die Anforderungen unserer Kunden und streben stets nach innovativen und effektiven L\u00f6sungen<!--more-->:[\/vc_column_text][\/vc_column][\/vc_row][vc_row content_placement=&#8220;top&#8220; css=&#8220;.vc_custom_1523521303068{margin-bottom: 0px !important;padding-top: 0px !important;padding-bottom: 0px !important;}&#8220;][vc_column width=&#8220;1\/2&#8243; el_id=&#8220;prod_left&#8220;][vc_raw_html]JTNDYSUyMGhyZWYlM0QlMjIlMkZkZSUyRnByb2R1a3RlJTJGYXV0b21hdGlvbiUyRiUyMiUyMGNsYXNzJTNEJTIyc2VlcHJvZCUyMiUzRSUwQSUzQ2RpdiUyMGNsYXNzJTNEJTIydmNfY29sdW1uLWlubmVyJTIwdmNfY3VzdG9tXzE1MjIzMzQwMTcxNTklMjBwcm9kYm94aG92JTIyJTNFJTBBJTNDZGl2JTIwY2xhc3MlM0QlMjJ3cGJfd3JhcHBlciUyMiUzRSUwQSUwOSUzQ2RpdiUyMGNsYXNzJTNEJTIyZmxhdF9ib3glMjBub2xvZ29kJTIyJTNFJTBBJTA5JTA5JTA5JTNDZGl2JTIwY2xhc3MlM0QlMjJmbGF0X2JveF90eHQlMjIlM0UlMEElM0NoMiUzRUF1dG9tYXRpb24lM0MlMkZoMiUzRSUwQWlzdCUyMGVpbmUlMjBsZWlzdHVuZ3NzdGFya2UlMjB1bmQlMjBhbnBhc3NiYXJlJTIwU29mdHdhcmVwbGF0dGZvcm0lMjB6dXIlMjBFcnN0ZWxsdW5nJTIwa29zdGVuZyVDMyVCQ25zdGlnZXIlMjB1bmQlMjBza2FsaWVyYmFyZXIlMjBMJUMzJUI2c3VuZ2VuJTIwZiVDMyVCQ3IlMjBkaWUlMjBGYWJyaWthdXRvbWF0aW9uJTIwdW5kJTIwZGllJTIwUHJvemVzc3N0ZXVlcnVuZy4lMEElMDklMDklMDklM0MlMkZkaXYlM0UlMEElMDklMEElMDklM0MlMkZkaXYlM0UlMEElM0MlMkZkaXYlM0UlMEElM0MlMkZkaXYlM0UlMEElM0MlMkZhJTNFJTBB[\/vc_raw_html][\/vc_column][vc_column width=&#8220;1\/2&#8243; el_id=&#8220;prod_right&#8220; offset=&#8220;vc_hidden-xs&#8220;][vc_raw_html]JTNDYSUyMGhyZWYlM0QlMjIlMkZkZSUyRnByb2R1a3RlJTJGYXV0b21hdGlvbiUyRiUyMiUzRSUzQ2RpdiUyMGNsYXNzJTNEJTIyaW1nX3Byb2RfMDElMjIlM0UlM0MlMkZkaXYlM0UlM0MlMkZhJTNF[\/vc_raw_html][\/vc_column][\/vc_row][vc_row content_placement=&#8220;top&#8220; css=&#8220;.vc_custom_1523522394145{padding-top: 35px !important;}&#8220;][vc_column width=&#8220;1\/2&#8243; el_id=&#8220;prod_left&#8220; offset=&#8220;vc_hidden-xs&#8220;][vc_raw_html]JTNDYSUyMGhyZWYlM0QlMjIlMkZkZSUyRnByb2R1a3RlJTJGZXRoZXJjYXQlMkYlMjIlM0UlM0NkaXYlMjBjbGFzcyUzRCUyMmltZ19wcm9kXzAyJTIyJTNFJTNDJTJGZGl2JTNFJTNDJTJGYSUzRQ==[\/vc_raw_html][\/vc_column][vc_column width=&#8220;1\/2&#8243; el_id=&#8220;prod_right&#8220;][vc_raw_html]JTNDYSUyMGhyZWYlM0QlMjIlMkZkZSUyRnByb2R1a3RlJTJGZXRoZXJjYXQlMkYlMjIlMjBjbGFzcyUzRCUyMnNlZXByb2QlMjIlM0UlMEElM0NkaXYlMjBjbGFzcyUzRCUyMnZjX2NvbHVtbi1pbm5lciUyMHZjX2N1c3RvbV8xNTIyMzM0MDE3MTU5JTIwcHJvZGJveGhvdiUyMiUzRSUwQSUzQ2RpdiUyMGNsYXNzJTNEJTIyd3BiX3dyYXBwZXIlMjIlM0UlMEElMDklM0NkaXYlMjBjbGFzcyUzRCUyMmZsYXRfYm94JTIwbm9sb2dvZCUyMiUzRSUwQSUwOSUwOSUzQ2RpdiUyMGNsYXNzJTNEJTIyZmxhdF9ib3hfdHh0JTIyJTNFJTNDaDIlM0VFdGhlckNBVCUzQyUyRmgyJTNFJTBBTWl0JTIwZGVuJTIwJTNDc3Ryb25nJTNFS1BBJTIwRXRoZXJDQVQtU29mdHdhcmVwcm9kdWt0ZW4lM0MlMkZzdHJvbmclM0UlMjBrJUMzJUI2bm5lbiUyMFNvZnR3YXJlaW5nZW5pZXVyZSUyMGRpZSUyMFZvcnRlaWxlJTIwdm9uJTIwRXRoZXJDQVQlMjBpbiUyMGluZHVzdHJpZWxsZSUyMFN0ZXVlcnVuZ3NzeXN0ZW1lJTIwdW5kJTIwaW50ZWxsaWdlbnRlJTIwR2VyJUMzJUE0dGUlMjBpbnRlZ3JpZXJlbi4lM0MlMkZkaXYlM0UlMEElMDklMEElMDklM0MlMkZkaXYlM0UlMEElM0MlMkZkaXYlM0UlMEElM0MlMkZkaXYlM0UlMEElM0MlMkZhJTNF[\/vc_raw_html][\/vc_column][\/vc_row][vc_row equal_height=&#8220;yes&#8220; content_placement=&#8220;top&#8220; css=&#8220;.vc_custom_1523522406166{padding-top: 35px !important;}&#8220;][vc_column width=&#8220;1\/2&#8243; el_id=&#8220;prod_left&#8220;][vc_raw_html]JTNDYSUyMGhyZWYlM0QlMjIlMkZkZSUyRnByb2R1a3RlJTJGbW90aW9uJTJGJTIyJTIwY2xhc3MlM0QlMjJzZWVwcm9kJTIyJTNFJTBBJTNDZGl2JTIwY2xhc3MlM0QlMjJ2Y19jb2x1bW4taW5uZXIlMjB2Y19jdXN0b21fMTUyMjMzNDAxNzE1OSUyMHByb2Rib3hob3YlMjIlM0UlMEElM0NkaXYlMjBjbGFzcyUzRCUyMndwYl93cmFwcGVyJTIyJTNFJTBBJTA5JTNDZGl2JTIwY2xhc3MlM0QlMjJmbGF0X2JveCUyMG5vbG9nb2QlMjIlM0UlMEElMDklM0NkaXYlMjBjbGFzcyUzRCUyMmZsYXRfYm94X3R4dCUyMiUzRSUzQ2gyJTNFTW90aW9uJTNDJTJGaDIlM0UlMEFEaWUlMjAlM0NzdHJvbmclM0VLUEElMjBNb3Rpb24lMjBDb250cm9sJTNDJTJGc3Ryb25nJTNFJTIwYmlldGV0JTIwZWluZSUyMFZpZWx6YWhsJTIwYW4lMjBGdW5rdGlvbmVuJTIwZiVDMyVCQ3IlMjBkaWUlMjBFaW56ZWwtJTIwdW5kJTIwTWVocmFjaHNzdGV1ZXJ1bmclMkMlMjBkaWUlMjBpbiUyMEVpbmtsYW5nJTIwbWl0JTIwZGVtJTIwUExDb3Blbi1TdGFuZGFyZCUyMGluJTIwQ05DLUwlQzMlQjZzdW5nZW4lMjBnZW51dHp0JTIwd2VyZGVuJTIwayVDMyVCNm5uZW4uJTNDJTJGZGl2JTNFJTBBJTA5JTBBJTA5JTNDJTJGZGl2JTNFJTBBJTNDJTJGZGl2JTNFJTBBJTNDJTJGZGl2JTNFJTBBJTNDJTJGYSUzRSUwQQ==[\/vc_raw_html][\/vc_column][vc_column width=&#8220;1\/2&#8243; offset=&#8220;vc_hidden-xs&#8220; el_id=&#8220;prod_right&#8220;][vc_raw_html]JTNDYSUyMGhyZWYlM0QlMjIlMkZkZSUyRnByb2R1a3RlJTJGbW90aW9uLWNvbnRyb2wlMkYlMjIlM0UlM0NkaXYlMjBjbGFzcyUzRCUyMmltZ19wcm9kXzAzJTIyJTNFJTNDJTJGZGl2JTNFJTNDJTJGYSUzRQ==[\/vc_raw_html][\/vc_column][\/vc_row][vc_row equal_height=&#8220;yes&#8220; content_placement=&#8220;top&#8220; css=&#8220;.vc_custom_1523522420631{margin-bottom: 35px !important;padding-top: 35px !important;}&#8220;][vc_column width=&#8220;1\/2&#8243; el_id=&#8220;prod_left&#8220; offset=&#8220;vc_hidden-xs&#8220;][vc_raw_html]JTNDYSUyMGhyZWYlM0QlMjIlMkZkZSUyRnByb2R1a3RlJTJGaGFyZHdhcmUlMkYlMjIlM0UlM0NkaXYlMjBjbGFzcyUzRCUyMmltZ19wcm9kXzA0JTIyJTNFJTNDJTJGZGl2JTNFJTNDJTJGYSUzRQ==[\/vc_raw_html][\/vc_column][vc_column width=&#8220;1\/2&#8243; el_id=&#8220;prod_right&#8220;][vc_raw_html]JTNDYSUyMGhyZWYlM0QlMjIlMkZkZSUyRnByb2R1a3RlJTJGaGFyZHdhcmUlMkYlMjIlMjBjbGFzcyUzRCUyMnNlZXByb2QlMjIlM0UlMEElM0NkaXYlMjBjbGFzcyUzRCUyMnZjX2NvbHVtbi1pbm5lciUyMHZjX2N1c3RvbV8xNTIyMzM0MDE3MTU5JTIwcHJvZGJveGhvdiUyMiUzRSUwQSUzQ2RpdiUyMGNsYXNzJTNEJTIyd3BiX3dyYXBwZXIlMjIlM0UlMEElMDklM0NkaXYlMjBjbGFzcyUzRCUyMmZsYXRfYm94JTIwbm9sb2dvZCUyMiUzRSUwQSUzQ2RpdiUyMGNsYXNzJTNEJTIyZmxhdF9ib3hfdHh0JTIyJTNFJTBBJTNDaDIlM0VIYXJkd2FyZSUzQyUyRmgyJTNFJTBBJTNDc3Ryb25nJTNFS1BBLUV0aGVyQ0FULVNsYXZlLUJvYXJkcyUzQyUyRnN0cm9uZyUzRSUyMHNpbmQlMjBmJUMzJUJDciUyMGRpZSUyMEVudHdpY2tsdW5nJTIwdmVydGVpbHRlciUyMFN0ZXVlcnVuZ3NzeXN0ZW1lJTIwbWl0JTIwUENzJTJDJTIwZGllJTIwJUMzJUJDYmVyJTIwZWluZSUyMGxlaXN0dW5nc3N0YXJrZSUyMGluZHVzdHJpZWxsZSUyMFNjaG5pdHRzdGVsbGUlMjBhbiUyMGRhcyUyME5ldHp3ZXJrJTIwYW5nZXNjaGxvc3NlbiUyMHdlcmRlbiUyMHNvbGxlbi4lM0MlMkZkaXYlM0UlMEElMDklMEElMDklM0MlMkZkaXYlM0UlMEElM0MlMkZkaXYlM0UlMEElM0MlMkZkaXYlM0UlMEElM0MlMkZhJTNFJTBB[\/vc_raw_html][\/vc_column][\/vc_row][vc_row disable_element=&#8220;yes&#8220;][vc_column width=&#8220;1\/2&#8243;][vc_column_text]<\/p>\n<h2 class=\"homeh1\" style=\"border: 0px; padding: 0px;\">Automatisierung<\/h2>\n<p><a href=\"\/de\/produkte\/automatisierung\/\"><img decoding=\"async\" class=\" size-full wp-image-5429 aligncenter imglink fixhei\" src=\"\/images\/kpa_automation_logo.png\" alt=\"KPA Automation\" width=\"\" height=\"\" \/><\/a>[\/vc_column_text][vc_column_text]<strong>KPA Automation<\/strong>\u00a0Plattform hat eine modulare Struktur um die Verteilung der Aufgaben zwischen den einzelnen Komponenten sicherzustellen. Somit wird auch die korrekte und klare Interaktion aller Bauteile, die Skalierbarkeit des gesamten Systems wie auch der einzelnen Module gew\u00e4hrleistet. Weiterhin bietet dies die M\u00f6glichkeit, den Entwicklungs-Arbeitsort unter mehreren Mitarbeitern zu aufzuteilen.[\/vc_column_text][vc_column_text]<\/p>\n<p style=\"text-align: right;\"><a class=\"button  button_size_2\" href=\"\/de\/produkte\/automatisierung\/\" style=\"background-color:#506377!important;\"    ><span class=\"button_label\">Mehr<\/span><\/a>\n<\/p>\n<p>[\/vc_column_text][\/vc_column][vc_column width=&#8220;1\/2&#8243;][vc_column_text]<\/p>\n<h2 class=\"homeh1\" style=\"border: 0px; padding: 0px;\">EtherCAT<\/h2>\n<p><a href=\"\/de\/produkte\/ethercat\/\"><img decoding=\"async\" class=\" size-full wp-image-5429 aligncenter imglink fixhei\" src=\"\/images\/logo_e_cat.jpg\" alt=\"EtherCAT\" width=\"\" height=\"\" \/><\/a>[\/vc_column_text][vc_column_text]Die EtherCAT-Produkte von KPA nutzen die von dieser Technologie zur Verf\u00fcgung gestellten Funktionen und Vorteile voll aus, welche speziell auf die Industrielle Automatisierung, sowie auf die Nutzen-Maximierung per Hochgeschwindigkeits-Vollduplex-Ethernet-Datentransfer \u00fcber Twisted Pair oder Glasfaserkabel f\u00fcr industrielle Prozesssteuerungen ausgelegt wurde.[\/vc_column_text][vc_column_text]<\/p>\n<p class=\"btncentr\" style=\"text-align: right;\"><a class=\"button  button_size_2\" href=\"\/de\/produkte\/ethercat\/\" style=\"background-color:#506377!important;\"    ><span class=\"button_label\">Mehr<\/span><\/a>\n<\/p>\n<p>[\/vc_column_text][\/vc_column][\/vc_row][vc_row disable_element=&#8220;yes&#8220;][vc_column width=&#8220;1\/2&#8243;][vc_column_text]<\/p>\n<h2 class=\"homeh1\" style=\"border: 0; padding: 0px;\">Motion control<\/h2>\n<p><a href=\"\/de\/produkte\/kpa-ethercat-motion\/\"><img decoding=\"async\" class=\" size-full wp-image-5429 aligncenter imglink fixhei\" src=\"\/images\/logo_kpa_motion_p.png\" alt=\"Motion control\" width=\"\" height=\"100\" \/><\/a>[\/vc_column_text][vc_column_text]Die KPA Motion-Control-Bibliothek bietet alle Funktionen der Einzel- sowie der Mehrachsen-Steuerung, die geeignet ist, auf PLCopen-Standard basierende CNC-L\u00f6sungen zu realisieren.[\/vc_column_text][vc_column_text]<\/p>\n<p class=\"btncentr\" style=\"text-align: right;\"><a class=\"button  button_size_2\" href=\"\/de\/produkte\/kpa-ethercat-motion\/\" style=\"background-color:#506377!important;\"    ><span class=\"button_label\">Mehr<\/span><\/a>\n<\/p>\n<p>[\/vc_column_text][\/vc_column][vc_column width=&#8220;1\/2&#8243;][vc_column_text]<\/p>\n<h2 class=\"homeh1\" style=\"border: 0; padding: 0px;\">Hardware<\/h2>\n<p><a href=\"\/de\/produkte\/hardware\/\"><img decoding=\"async\" class=\" size-full wp-image-5429 aligncenter imglink fixhei\" src=\"\/images\/logo_kpa_boards_p.png\" alt=\"Hardware\" width=\"\" height=\"100\" \/><\/a>[\/vc_column_text][vc_column_text]EtherCAT-Slave-Module sind f\u00fcr die Integration von EtherCAT-Netzwerken mit anderen Netzwerken konzipiert. Kosteng\u00fcnstig und auf dem neuesten Stand der Technik sind sie eine unsch\u00e4tzbare Hilfe bei der Erweiterung der SPS-Funktionalit\u00e4t und der vollen Nutzung der EtherCAT-Technologie.[\/vc_column_text][vc_column_text]<\/p>\n<p style=\"text-align: right;\"><a class=\"button  button_size_2\" href=\"\/de\/produkte\/hardware\/\" style=\"background-color:#506377!important;\"    ><span class=\"button_label\">Mehr<\/span><\/a>\n<\/p>\n<p>[\/vc_column_text][\/vc_column][\/vc_row]<\/p>\n","protected":false},"excerpt":{"rendered":"<p>[vc_row][vc_column][vc_column_text]Unser Unternehmen bietet eine breite Palette von Produkten aus dem<span class=\"excerpt-hellip\"> [\u2026]<\/span><\/p>\n","protected":false},"author":1,"featured_media":0,"parent":0,"menu_order":0,"comment_status":"closed","ping_status":"closed","template":"","meta":{"footnotes":""},"class_list":["post-1467","page","type-page","status-publish","hentry"],"yoast_head":"<!-- This site is optimized with the Yoast SEO Premium plugin v18.8 (Yoast SEO v27.0) - https:\/\/yoast.com\/product\/yoast-seo-premium-wordpress\/ -->\n<title>Produkte - koenig-pa GmbH<\/title>\n<meta name=\"robots\" content=\"index, follow, max-snippet:-1, max-image-preview:large, max-video-preview:-1\" \/>\n<link rel=\"canonical\" href=\"https:\/\/koenig-pa.de\/de\/produkte\/\" \/>\n<meta property=\"og:locale\" content=\"de_DE\" \/>\n<meta property=\"og:type\" content=\"article\" \/>\n<meta property=\"og:title\" content=\"Produkte\" \/>\n<meta property=\"og:description\" content=\"[vc_row][vc_column][vc_column_text]Unser Unternehmen bietet eine breite Palette von Produkten aus dem [\u2026]\" \/>\n<meta property=\"og:url\" content=\"https:\/\/koenig-pa.de\/de\/produkte\/\" \/>\n<meta property=\"og:site_name\" content=\"koenig-pa GmbH\" \/>\n<meta property=\"article:modified_time\" content=\"2023-07-10T08:56:38+00:00\" \/>\n<!-- \/ Yoast SEO Premium plugin. -->","yoast_head_json":{"title":"Produkte - koenig-pa GmbH","robots":{"index":"index","follow":"follow","max-snippet":"max-snippet:-1","max-image-preview":"max-image-preview:large","max-video-preview":"max-video-preview:-1"},"canonical":"https:\/\/koenig-pa.de\/de\/produkte\/","og_locale":"de_DE","og_type":"article","og_title":"Produkte","og_description":"[vc_row][vc_column][vc_column_text]Unser Unternehmen bietet eine breite Palette von Produkten aus dem [\u2026]","og_url":"https:\/\/koenig-pa.de\/de\/produkte\/","og_site_name":"koenig-pa GmbH","article_modified_time":"2023-07-10T08:56:38+00:00","schema":{"@context":"https:\/\/schema.org","@graph":[{"@type":"WebPage","@id":"https:\/\/koenig-pa.de\/de\/produkte\/","url":"https:\/\/koenig-pa.de\/de\/produkte\/","name":"Produkte - koenig-pa GmbH","isPartOf":{"@id":"https:\/\/koenig-pa.de\/de\/#website"},"datePublished":"2016-11-08T08:03:56+00:00","dateModified":"2023-07-10T08:56:38+00:00","breadcrumb":{"@id":"https:\/\/koenig-pa.de\/de\/produkte\/#breadcrumb"},"inLanguage":"de","potentialAction":[{"@type":"ReadAction","target":["https:\/\/koenig-pa.de\/de\/produkte\/"]}]},{"@type":"BreadcrumbList","@id":"https:\/\/koenig-pa.de\/de\/produkte\/#breadcrumb","itemListElement":[{"@type":"ListItem","position":1,"name":"Startseite","item":"https:\/\/koenig-pa.de\/de\/"},{"@type":"ListItem","position":2,"name":"Produkte"}]},{"@type":"WebSite","@id":"https:\/\/koenig-pa.de\/de\/#website","url":"https:\/\/koenig-pa.de\/de\/","name":"koenig-pa GmbH","description":"","potentialAction":[{"@type":"SearchAction","target":{"@type":"EntryPoint","urlTemplate":"https:\/\/koenig-pa.de\/de\/?s={search_term_string}"},"query-input":{"@type":"PropertyValueSpecification","valueRequired":true,"valueName":"search_term_string"}}],"inLanguage":"de"}]}},"_links":{"self":[{"href":"https:\/\/koenig-pa.de\/de\/wp-json\/wp\/v2\/pages\/1467","targetHints":{"allow":["GET"]}}],"collection":[{"href":"https:\/\/koenig-pa.de\/de\/wp-json\/wp\/v2\/pages"}],"about":[{"href":"https:\/\/koenig-pa.de\/de\/wp-json\/wp\/v2\/types\/page"}],"author":[{"embeddable":true,"href":"https:\/\/koenig-pa.de\/de\/wp-json\/wp\/v2\/users\/1"}],"replies":[{"embeddable":true,"href":"https:\/\/koenig-pa.de\/de\/wp-json\/wp\/v2\/comments?post=1467"}],"version-history":[{"count":25,"href":"https:\/\/koenig-pa.de\/de\/wp-json\/wp\/v2\/pages\/1467\/revisions"}],"predecessor-version":[{"id":3570,"href":"https:\/\/koenig-pa.de\/de\/wp-json\/wp\/v2\/pages\/1467\/revisions\/3570"}],"wp:attachment":[{"href":"https:\/\/koenig-pa.de\/de\/wp-json\/wp\/v2\/media?parent=1467"}],"curies":[{"name":"wp","href":"https:\/\/api.w.org\/{rel}","templated":true}]}}