{"id":115,"date":"2014-06-04T13:42:49","date_gmt":"2014-06-04T11:42:49","guid":{"rendered":"http:\/\/koenig-pa.de\/wordpress\/de\/?page_id=115"},"modified":"2018-05-18T10:50:31","modified_gmt":"2018-05-18T08:50:31","slug":"karriere","status":"publish","type":"page","link":"https:\/\/koenig-pa.de\/de\/karriere\/","title":{"rendered":"Karriere"},"content":{"rendered":"<p><b>koenig-pa GmbH<\/b> ist Familienunternehmen, welches sehr hohes Ansehen im Bereich der Automatisierungstechnik genie\u00dft. Seit unserer Gr\u00fcndung im Jahr 1986 sind wir in unserer eigenen Marktnische mit Sofwareentwicklung und Hardwareangeboten t\u00e4tig. Wir halten mit den neuesten Entwicklungen Schritt indem wir vielversprechenden Technologien folgen, wie z.B. EtherCAT. Hiermit erf\u00fcllen wir die hohen Anforderung der Echtzeit-Betriebssysteme und deren Komponenten.<\/p>\n<p>Wir als koenig-pa GmbH sch\u00e4tzen innovatives Denken, Originalit\u00e4t und Genauigkeit. Unsere internationalen Kunden wie z.B. ABB, Atotech, BMW und Siemens stellen uns permanent vor Herausforderungen. Wir suchen gleichgesinnte Spezialisten f\u00fcr unser Team.<\/p>\n<p><b>Stellenangebote<\/b><\/p>\n<p>Zurzeit haben wir keine offenen Stellen!<\/p>\n<p>&nbsp;<\/p>\n","protected":false},"excerpt":{"rendered":"<p>koenig-pa GmbH ist Familienunternehmen, welches sehr hohes Ansehen im Bereich<span class=\"excerpt-hellip\"> [\u2026]<\/span><\/p>\n","protected":false},"author":1,"featured_media":0,"parent":0,"menu_order":0,"comment_status":"closed","ping_status":"closed","template":"","meta":{"footnotes":""},"class_list":["post-115","page","type-page","status-publish","hentry"],"yoast_head":"<!-- This site is optimized with the Yoast SEO Premium plugin v18.8 (Yoast SEO v27.0) - https:\/\/yoast.com\/product\/yoast-seo-premium-wordpress\/ -->\n<title>Karriere - koenig-pa GmbH<\/title>\n<meta name=\"description\" content=\"Karriere, Stellenangebote\" \/>\n<meta name=\"robots\" content=\"index, follow, max-snippet:-1, max-image-preview:large, max-video-preview:-1\" \/>\n<link rel=\"canonical\" href=\"https:\/\/koenig-pa.de\/de\/karriere\/\" \/>\n<meta property=\"og:locale\" content=\"de_DE\" \/>\n<meta property=\"og:type\" content=\"article\" \/>\n<meta property=\"og:title\" content=\"Karriere\" \/>\n<meta property=\"og:description\" content=\"Karriere, Stellenangebote\" \/>\n<meta property=\"og:url\" content=\"https:\/\/koenig-pa.de\/de\/karriere\/\" \/>\n<meta property=\"og:site_name\" content=\"koenig-pa GmbH\" \/>\n<meta property=\"article:modified_time\" content=\"2018-05-18T08:50:31+00:00\" \/>\n<!-- \/ Yoast SEO Premium plugin. -->","yoast_head_json":{"title":"Karriere - koenig-pa GmbH","description":"Karriere, Stellenangebote","robots":{"index":"index","follow":"follow","max-snippet":"max-snippet:-1","max-image-preview":"max-image-preview:large","max-video-preview":"max-video-preview:-1"},"canonical":"https:\/\/koenig-pa.de\/de\/karriere\/","og_locale":"de_DE","og_type":"article","og_title":"Karriere","og_description":"Karriere, Stellenangebote","og_url":"https:\/\/koenig-pa.de\/de\/karriere\/","og_site_name":"koenig-pa GmbH","article_modified_time":"2018-05-18T08:50:31+00:00","schema":{"@context":"https:\/\/schema.org","@graph":[{"@type":"WebPage","@id":"https:\/\/koenig-pa.de\/de\/karriere\/","url":"https:\/\/koenig-pa.de\/de\/karriere\/","name":"Karriere - koenig-pa GmbH","isPartOf":{"@id":"https:\/\/koenig-pa.de\/de\/#website"},"datePublished":"2014-06-04T11:42:49+00:00","dateModified":"2018-05-18T08:50:31+00:00","description":"Karriere, Stellenangebote","breadcrumb":{"@id":"https:\/\/koenig-pa.de\/de\/karriere\/#breadcrumb"},"inLanguage":"de","potentialAction":[{"@type":"ReadAction","target":["https:\/\/koenig-pa.de\/de\/karriere\/"]}]},{"@type":"BreadcrumbList","@id":"https:\/\/koenig-pa.de\/de\/karriere\/#breadcrumb","itemListElement":[{"@type":"ListItem","position":1,"name":"Startseite","item":"https:\/\/koenig-pa.de\/de\/"},{"@type":"ListItem","position":2,"name":"Karriere"}]},{"@type":"WebSite","@id":"https:\/\/koenig-pa.de\/de\/#website","url":"https:\/\/koenig-pa.de\/de\/","name":"koenig-pa GmbH","description":"","potentialAction":[{"@type":"SearchAction","target":{"@type":"EntryPoint","urlTemplate":"https:\/\/koenig-pa.de\/de\/?s={search_term_string}"},"query-input":{"@type":"PropertyValueSpecification","valueRequired":true,"valueName":"search_term_string"}}],"inLanguage":"de"}]}},"_links":{"self":[{"href":"https:\/\/koenig-pa.de\/de\/wp-json\/wp\/v2\/pages\/115","targetHints":{"allow":["GET"]}}],"collection":[{"href":"https:\/\/koenig-pa.de\/de\/wp-json\/wp\/v2\/pages"}],"about":[{"href":"https:\/\/koenig-pa.de\/de\/wp-json\/wp\/v2\/types\/page"}],"author":[{"embeddable":true,"href":"https:\/\/koenig-pa.de\/de\/wp-json\/wp\/v2\/users\/1"}],"replies":[{"embeddable":true,"href":"https:\/\/koenig-pa.de\/de\/wp-json\/wp\/v2\/comments?post=115"}],"version-history":[{"count":8,"href":"https:\/\/koenig-pa.de\/de\/wp-json\/wp\/v2\/pages\/115\/revisions"}],"predecessor-version":[{"id":2074,"href":"https:\/\/koenig-pa.de\/de\/wp-json\/wp\/v2\/pages\/115\/revisions\/2074"}],"wp:attachment":[{"href":"https:\/\/koenig-pa.de\/de\/wp-json\/wp\/v2\/media?parent=115"}],"curies":[{"name":"wp","href":"https:\/\/api.w.org\/{rel}","templated":true}]}}